{"id":3694,"date":"2024-08-12T09:33:16","date_gmt":"2024-08-12T09:33:16","guid":{"rendered":"https:\/\/rcsyd.se\/swedeamp\/?page_id=3694"},"modified":"2024-08-12T09:33:16","modified_gmt":"2024-08-12T09:33:16","slug":"registrering-och-formular","status":"publish","type":"page","link":"https:\/\/rcsyd.se\/swedeamp\/registrering-och-formular","title":{"rendered":"Registrering och formul\u00e4r"},"content":{"rendered":"<h1>Registrering och formul\u00e4r<\/h1>\n<p>Via menyn till v\u00e4nster finner du formul\u00e4r, manualer och information om hur registrering i SwedeAmp (Amputations- och protesregister f\u00f6r nedre extremiteten) g\u00e5r till.<\/p>\n","protected":false},"excerpt":{"rendered":"<p>Registrering och formul\u00e4r Via menyn till v\u00e4nster finner du formul\u00e4r, manualer och information om hur registrering i SwedeAmp (Amputations- och protesregister f\u00f6r nedre extremiteten) g\u00e5r till.<\/p>\n","protected":false},"author":3,"featured_media":0,"parent":0,"menu_order":0,"comment_status":"closed","ping_status":"closed","template":"","meta":{"_acf_changed":false,"footnotes":""},"acf":[],"_links":{"self":[{"href":"https:\/\/rcsyd.se\/swedeamp\/wp-json\/wp\/v2\/pages\/3694"}],"collection":[{"href":"https:\/\/rcsyd.se\/swedeamp\/wp-json\/wp\/v2\/pages"}],"about":[{"href":"https:\/\/rcsyd.se\/swedeamp\/wp-json\/wp\/v2\/types\/page"}],"author":[{"embeddable":true,"href":"https:\/\/rcsyd.se\/swedeamp\/wp-json\/wp\/v2\/users\/3"}],"replies":[{"embeddable":true,"href":"https:\/\/rcsyd.se\/swedeamp\/wp-json\/wp\/v2\/comments?post=3694"}],"version-history":[{"count":2,"href":"https:\/\/rcsyd.se\/swedeamp\/wp-json\/wp\/v2\/pages\/3694\/revisions"}],"predecessor-version":[{"id":3704,"href":"https:\/\/rcsyd.se\/swedeamp\/wp-json\/wp\/v2\/pages\/3694\/revisions\/3704"}],"wp:attachment":[{"href":"https:\/\/rcsyd.se\/swedeamp\/wp-json\/wp\/v2\/media?parent=3694"}],"curies":[{"name":"wp","href":"https:\/\/api.w.org\/{rel}","templated":true}]}}