{"id":3685,"date":"2024-08-12T09:25:17","date_gmt":"2024-08-12T09:25:17","guid":{"rendered":"https:\/\/rcsyd.se\/swedeamp\/?page_id=3685"},"modified":"2024-08-12T09:35:33","modified_gmt":"2024-08-12T09:35:33","slug":"information-om-inloggning-och-e-tjanstekort","status":"publish","type":"page","link":"https:\/\/rcsyd.se\/swedeamp\/registrering-och-formular\/information-om-inloggning-och-e-tjanstekort","title":{"rendered":"Information om inloggning och e-tj\u00e4nstekort"},"content":{"rendered":"<h1>Information om inloggning och e-tj\u00e4nstekort<\/h1>\n<h2>Inloggningsans\u00f6kan<\/h2>\n<p>Inloggning till registerplattformen 3C som SwedeAmp (Amputations- och protesregister f\u00f6r nedre extremiteten) ligger p\u00e5 sker vanligtvis med hj\u00e4lp av e-tj\u00e4nstekort (s\u00e5 kallat SITHS-kort). Det g\u00e5r ocks\u00e5 att logga in med Mobilt BankID.<br \/>\nF\u00f6r att kunna logga in beh\u00f6ver du ans\u00f6ka om beh\u00f6righet.<\/p>\n<p><a href=\"https:\/\/rcsyd.se\/swedeamp\/wp-content\/uploads\/sites\/21\/2024\/04\/Ansokningsblankett-for-3C.pdf\" target=\"_blank\" rel=\"noopener\">Klicka h\u00e4r f\u00f6r att ladda ner blankett f\u00f6r ans\u00f6kan om beh\u00f6righet<\/a> (PDF-format, 163 kB).<\/p>\n<p>Blanketten skriver du ut, fyller i, scannar in och skickar med e-post till <a href=\"mailto:info@swedeamp.com\">info@swedeamp.com<\/a>.<\/p>\n<h2>Ans\u00f6kan om avregistrering av anv\u00e4ndarkonto<\/h2>\n<p>Den dagen du inte l\u00e4ngre beh\u00f6ver din inloggning till SwedeAmp i registerplattformen 3C ans\u00f6ker du om att bli avregistrerad som anv\u00e4ndare.<\/p>\n<p><a href=\"https:\/\/rcsyd.se\/swedeamp\/wp-content\/uploads\/sites\/21\/2024\/05\/Avregistreringsblankett-for-3C.pdf\" target=\"_blank\" rel=\"noopener\">Klicka h\u00e4r f\u00f6r att ladda ner blankett f\u00f6r ans\u00f6kan om avregistrering<\/a> (PDF-format, 470 kB).<\/p>\n<p>Blanketten skriver du ut, fyller i, scannar in och skickar med e-post till <a href=\"mailto:info@swedeamp.com\">info@swedeamp.com<\/a>.<\/p>\n<h2>Information om e-tj\u00e4nstekort och registerplattformen hos Registercentrum Syd<\/h2>\n<p>P\u00e5 Registercentrum Syds hemsida finns mer information om e-tj\u00e4nstekort och registerplattformen 3C.<\/p>\n<p><a href=\"https:\/\/rcsyd.se\/om-register\/it-losningar-och-driftinformation\/inloggning-och-e-tjanstekort\" target=\"_blank\" rel=\"noopener noreferrer\">Klicka h\u00e4r f\u00f6r att komma till informationen p\u00e5 Registercentrum Syds hemsida<\/a>.<\/p>\n","protected":false},"excerpt":{"rendered":"<p>Information om inloggning och e-tj\u00e4nstekort Inloggningsans\u00f6kan Inloggning till registerplattformen 3C som SwedeAmp (Amputations- och protesregister f\u00f6r nedre extremiteten) ligger p\u00e5 sker vanligtvis med hj\u00e4lp av e-tj\u00e4nstekort (s\u00e5 kallat SITHS-kort). Det g\u00e5r ocks\u00e5 att logga in med Mobilt BankID. F\u00f6r att kunna logga in beh\u00f6ver du ans\u00f6ka om beh\u00f6righet. Klicka h\u00e4r f\u00f6r att ladda ner blankett&#8230; <a class=\"read-more\" href=\"https:\/\/rcsyd.se\/swedeamp\/registrering-och-formular\/information-om-inloggning-och-e-tjanstekort\">L\u00e4s mer<\/a><\/p>\n","protected":false},"author":3,"featured_media":0,"parent":3694,"menu_order":0,"comment_status":"closed","ping_status":"closed","template":"","meta":{"_acf_changed":false,"footnotes":""},"acf":[],"_links":{"self":[{"href":"https:\/\/rcsyd.se\/swedeamp\/wp-json\/wp\/v2\/pages\/3685"}],"collection":[{"href":"https:\/\/rcsyd.se\/swedeamp\/wp-json\/wp\/v2\/pages"}],"about":[{"href":"https:\/\/rcsyd.se\/swedeamp\/wp-json\/wp\/v2\/types\/page"}],"author":[{"embeddable":true,"href":"https:\/\/rcsyd.se\/swedeamp\/wp-json\/wp\/v2\/users\/3"}],"replies":[{"embeddable":true,"href":"https:\/\/rcsyd.se\/swedeamp\/wp-json\/wp\/v2\/comments?post=3685"}],"version-history":[{"count":1,"href":"https:\/\/rcsyd.se\/swedeamp\/wp-json\/wp\/v2\/pages\/3685\/revisions"}],"predecessor-version":[{"id":3686,"href":"https:\/\/rcsyd.se\/swedeamp\/wp-json\/wp\/v2\/pages\/3685\/revisions\/3686"}],"up":[{"embeddable":true,"href":"https:\/\/rcsyd.se\/swedeamp\/wp-json\/wp\/v2\/pages\/3694"}],"wp:attachment":[{"href":"https:\/\/rcsyd.se\/swedeamp\/wp-json\/wp\/v2\/media?parent=3685"}],"curies":[{"name":"wp","href":"https:\/\/api.w.org\/{rel}","templated":true}]}}