{"id":3680,"date":"2024-08-12T09:21:18","date_gmt":"2024-08-12T09:21:18","guid":{"rendered":"https:\/\/rcsyd.se\/swedeamp\/?page_id=3680"},"modified":"2025-10-23T13:11:22","modified_gmt":"2025-10-23T13:11:22","slug":"patientinformation","status":"publish","type":"page","link":"https:\/\/rcsyd.se\/swedeamp\/patientinformation","title":{"rendered":"Patientinformation"},"content":{"rendered":"<h1>Patientinformation<\/h1>\n<p>Kvalitetsregister bidrar till \u00f6kad kvalitet inom v\u00e5rden och ny kunskap om b\u00e4sta behandlingsalternativ. Registren samlar patientuppgifter och behandlingsresultat fr\u00e5n hela landet inom m\u00e5nga sjukdomsomr\u00e5den. De kan d\u00e4rf\u00f6r anv\u00e4ndas f\u00f6r att j\u00e4mf\u00f6ra v\u00e5rden mellan olika sjukhus, v\u00e5rdcentraler, tandl\u00e4karmottagningar, sjukhem och \u00e4ldreboenden.<\/p>\n<h2>Du bidrar till en b\u00e4ttre v\u00e5rd!<\/h2>\n<p>F\u00f6r att utveckla och s\u00e4kra v\u00e5rdens kvalitet rapporteras dina uppgifter till det nationella kvalitetsregistret SwedeAmp (Amputations- och protesregister f\u00f6r nedre extremiteten).<br \/>\nGenom ditt deltagande i registret bidrar du till att f\u00f6rb\u00e4ttra v\u00e5rden. Ju fler som deltar, desto mer statistiskt s\u00e4krare blir resultaten som anv\u00e4nds i f\u00f6rb\u00e4ttringsarbete.<\/p>\n<h2>Du skyddas av sekretess<\/h2>\n<p>Dina uppgifter i kvalitetsregistren \u00e4r sekretesskyddade och behandlas p\u00e5 samma s\u00e4tt som journaluppgifter. Uppgifterna tas bort n\u00e4r de inte l\u00e4ngre beh\u00f6vs.<\/p>\n<h2>Dina r\u00e4ttigheter som patient<\/h2>\n<p>Som patient<\/p>\n<ul>\n<li>har du r\u00e4tt att f\u00e5 veta vilka kategorier av mottagare som personuppgifterna kan l\u00e4mnas ut till, till exempel f\u00f6r forskning<\/li>\n<li>har du r\u00e4tt enligt personuppgiftslagen att, en g\u00e5ng per \u00e5r och utan avgift, f\u00e5 veta i vilka register du finns med och vad det st\u00e5r om dig<\/li>\n<li>skyddas din integritet av h\u00e4lso- och sjukv\u00e5rdslagstiftningen (patientdatalagen, personuppgiftslagen och arkivlagen)<\/li>\n<li>kan du vid behov v\u00e4nda dig till personuppgiftsombud vid sjukv\u00e5rdsinr\u00e4ttningarna<\/li>\n<li>kan du f\u00e5 dina uppgifter borttagna eller tacka nej till att bli registrerad.<\/li>\n<\/ul>\n<h2>Beg\u00e4ran om uttr\u00e4de<\/h2>\n<p>F\u00f6r att beg\u00e4ra uttr\u00e4de ur SwedeAmp och f\u00e5 dina uppgifter borttagna fyller du i blanketten som finns i nedladdningsboxen p\u00e5 sidan du nu befinner dig.<\/p>\n<h2>Mer information<\/h2>\n<p><strong>Patientinformation om kvalitetsregister hos st\u00f6dfunktionen f\u00f6r Nationella kvalitetsregister<\/strong><br \/>\n<a href=\"https:\/\/kunskapsstyrningvard.se\/kunskapsstyrningvard\/datauppfoljningochanalys\/kvalitetsregister\/patientikvalitetsregister.77648.html\" target=\"_blank\" rel=\"noopener\">Klicka h\u00e4r f\u00f6r att komma till extern sida med mer information.<\/a><\/p>\n<p><strong>Patientinformation om kvalitetsregister hos Region Sk\u00e5ne<\/strong><br \/>\n<a href=\"https:\/\/vardgivare.skane.se\/uppdrag-avtal\/uppfoljning\/kvalitetsregister\" target=\"_blank\" rel=\"noopener\">Klicka h\u00e4r f\u00f6r att komma till extern sida med mer information.<\/a><\/p>\n","protected":false},"excerpt":{"rendered":"<p>Patientinformation Kvalitetsregister bidrar till \u00f6kad kvalitet inom v\u00e5rden och ny kunskap om b\u00e4sta behandlingsalternativ. Registren samlar patientuppgifter och behandlingsresultat fr\u00e5n hela landet inom m\u00e5nga sjukdomsomr\u00e5den. De kan d\u00e4rf\u00f6r anv\u00e4ndas f\u00f6r att j\u00e4mf\u00f6ra v\u00e5rden mellan olika sjukhus, v\u00e5rdcentraler, tandl\u00e4karmottagningar, sjukhem och \u00e4ldreboenden. Du bidrar till en b\u00e4ttre v\u00e5rd! F\u00f6r att utveckla och s\u00e4kra v\u00e5rdens kvalitet rapporteras&#8230; <a class=\"read-more\" href=\"https:\/\/rcsyd.se\/swedeamp\/patientinformation\">L\u00e4s mer<\/a><\/p>\n","protected":false},"author":3,"featured_media":0,"parent":0,"menu_order":0,"comment_status":"closed","ping_status":"closed","template":"","meta":{"_acf_changed":false,"footnotes":""},"acf":[],"_links":{"self":[{"href":"https:\/\/rcsyd.se\/swedeamp\/wp-json\/wp\/v2\/pages\/3680"}],"collection":[{"href":"https:\/\/rcsyd.se\/swedeamp\/wp-json\/wp\/v2\/pages"}],"about":[{"href":"https:\/\/rcsyd.se\/swedeamp\/wp-json\/wp\/v2\/types\/page"}],"author":[{"embeddable":true,"href":"https:\/\/rcsyd.se\/swedeamp\/wp-json\/wp\/v2\/users\/3"}],"replies":[{"embeddable":true,"href":"https:\/\/rcsyd.se\/swedeamp\/wp-json\/wp\/v2\/comments?post=3680"}],"version-history":[{"count":2,"href":"https:\/\/rcsyd.se\/swedeamp\/wp-json\/wp\/v2\/pages\/3680\/revisions"}],"predecessor-version":[{"id":3908,"href":"https:\/\/rcsyd.se\/swedeamp\/wp-json\/wp\/v2\/pages\/3680\/revisions\/3908"}],"wp:attachment":[{"href":"https:\/\/rcsyd.se\/swedeamp\/wp-json\/wp\/v2\/media?parent=3680"}],"curies":[{"name":"wp","href":"https:\/\/api.w.org\/{rel}","templated":true}]}}