{"id":3669,"date":"2024-08-12T09:10:45","date_gmt":"2024-08-12T09:10:45","guid":{"rendered":"https:\/\/rcsyd.se\/swedeamp\/?page_id=3669"},"modified":"2024-08-12T09:10:45","modified_gmt":"2024-08-12T09:10:45","slug":"lankar","status":"publish","type":"page","link":"https:\/\/rcsyd.se\/swedeamp\/lankar","title":{"rendered":"L\u00e4nkar"},"content":{"rendered":"<h1 align=\"left\">L\u00e4nkar<\/h1>\n<p><strong>British Association of Chartered Physiotherapists in Amputee Rehabilitation (BACPAR)<\/strong><br \/>\n<a href=\"https:\/\/www.bacpar.org\/\" target=\"_blank\" rel=\"noopener\">Klicka h\u00e4r f\u00f6r att komma till extern sida med mer information.<\/a><\/p>\n<p><strong>ISPO Report 2019: Major Lower Limb Amputations Due to Vascular Disease: A Multidisciplinary Approach to Surgery and Rehabilitation.<\/strong><br \/>\n<a href=\"https:\/\/www.ispoint.org\/resources\/consensus-procedures\/\" target=\"_blank\" rel=\"noopener\">Klicka h\u00e4r f\u00f6r att komma till extern sida med mer information.<\/a><\/p>\n<p><strong>Nationella kvalitetsregister<\/strong><br \/>\n<a href=\"http:\/\/www.kvalitetsregister.se\/\" target=\"_blank\" rel=\"noopener noreferrer\">Klicka h\u00e4r f\u00f6r att komma till extern sida med mer information.<\/a><\/p>\n<p><strong>Ortopedtekniska Branschr\u00e5det (OTB)<\/strong><br \/>\n<a href=\"https:\/\/ot-branschen.se\/\" target=\"_blank\" rel=\"noopener\">Klicka h\u00e4r f\u00f6r att komma till extern sida med mer information.<\/a><\/p>\n<p><strong>Patientf\u00f6reningen Momentum<\/strong><br \/>\n<a href=\"https:\/\/www.momentum.nu\/sv\/\" target=\"_blank\" rel=\"noopener\">Klicka h\u00e4r f\u00f6r att komma till extern sida med mer information.<\/a><\/p>\n<p><strong>Registercentrum Syd (RC Syd)<\/strong><br \/>\n<a href=\"https:\/\/rcsyd.se\" target=\"_blank\" rel=\"noopener noreferrer\">Klicka h\u00e4r f\u00f6r att komma till extern sida med mer information.<\/a><\/p>\n<p><strong>Sveriges Kommuner och Regioner (SKR)<\/strong><br \/>\n<a href=\"http:\/\/www.skr.se\/\" target=\"_blank\" rel=\"noopener noreferrer\">Klicka h\u00e4r f\u00f6r att komma till extern sida med mer information.<\/a><\/p>\n<p><strong>Sveriges Ortopedingenj\u00f6rers F\u00f6rening (SOIF)<\/strong><br \/>\n<a href=\"https:\/\/www.soif.se\/\" target=\"_blank\" rel=\"noopener\">Klicka h\u00e4r f\u00f6r att komma till extern sida med mer information.<\/a><\/p>\n<p><strong>Svensk Ortopedisk F\u00f6rening (SOF)<\/strong><br \/>\n<a href=\"https:\/\/slf.se\/sof\/\" target=\"_blank\" rel=\"noopener\">Klicka h\u00e4r f\u00f6r att komma till extern sida med mer information.<\/a><\/p>\n<p><strong>The International Society for Prosthetics and Orthotics (ISPO)<br \/>\n<\/strong><a href=\"https:\/\/www.ispoint.org\/\" target=\"_blank\" rel=\"noopener\">Klicka h\u00e4r f\u00f6r att komma till extern sida med mer information.<\/a><strong><br \/>\n<\/strong><\/p>\n<p><strong>The International Society for Prosthetics and Orthotics Sverige (ISPO Sverige)<\/strong><br \/>\n<a href=\"https:\/\/www.ispo-s.se\/\" target=\"_blank\" rel=\"noopener\">Klicka h\u00e4r f\u00f6r att komma till extern sida med mer information.<\/a><\/p>\n<p><strong>Valideringshandbok fr\u00e5n Nationella kvalitetsregister<\/strong><br \/>\n<a href=\"https:\/\/skr.se\/kvalitetsregister\/drivaregister\/valideringshandbok.54585.html\" target=\"_blank\" rel=\"noopener\">Klicka h\u00e4r f\u00f6r att komma till extern sida med mer information.<\/a><\/p>\n<p><strong>Personskadef\u00f6rbundet RTP (Rehabilitering, Tillg\u00e4nglighet, P\u00e5verkan)<\/strong><br \/>\n<a href=\"https:\/\/rtp.se\/\" target=\"_blank\" rel=\"noopener\">Klicka h\u00e4r f\u00f6r att komma till extern sida med mer information.<\/a><\/p>\n<p><strong>Personskadef\u00f6rbundet RTP:s coachprojekt f\u00f6r amputerade<\/strong><br \/>\nP\u00e5 sidan kan om coachprojektet kan du som vill tr\u00e4ffa en f\u00f6rebildscoach anm\u00e4la ditt intresse.<br \/>\n<a href=\"https:\/\/rtp.se\/coachprojektet\/\" target=\"_blank\" rel=\"noopener\">Klicka h\u00e4r f\u00f6r att komma till extern sida med mer information.<\/a><\/p>\n<p><strong>Public documents \u2013 Scottish Physio Amputee Research Group<\/strong><br \/>\n<a href=\"http:\/\/www.knowledge.scot.nhs.uk\/sparg\/public-documents.aspx\" target=\"_blank\" rel=\"noopener\">Klicka h\u00e4r f\u00f6r att komma till extern sida med mer information.<\/a><\/p>\n<p><strong>Systematic Review of Clinical Practice Guidelines for Individuals With Amputation: Identification of Best Evidence for Rehabilitation to Develop the WHO\u2019s Package of Interventions for Rehabilitation<\/strong><br \/>\n<a href=\"https:\/\/www.archives-pmr.org\/article\/S0003-9993(20)31344-7\/fulltext\" target=\"_blank\" rel=\"noopener\">Klicka h\u00e4r f\u00f6r att komma till extern sida med mer information.<\/a><\/p>\n<p><strong>United States Department Veteran Affairs \u2013 Rehabilitation of Lower Limb Amputation (2017)<\/strong><br \/>\n<a href=\"https:\/\/www.healthquality.va.gov\/guidelines\/Rehab\/amp\/\" target=\"_blank\" rel=\"noopener\">Klicka h\u00e4r f\u00f6r att komma till extern sida med mer information.<\/a><\/p>\n","protected":false},"excerpt":{"rendered":"<p>L\u00e4nkar British Association of Chartered Physiotherapists in Amputee Rehabilitation (BACPAR) Klicka h\u00e4r f\u00f6r att komma till extern sida med mer information. ISPO Report 2019: Major Lower Limb Amputations Due to Vascular Disease: A Multidisciplinary Approach to Surgery and Rehabilitation. Klicka h\u00e4r f\u00f6r att komma till extern sida med mer information. Nationella kvalitetsregister Klicka h\u00e4r f\u00f6r&#8230; <a class=\"read-more\" href=\"https:\/\/rcsyd.se\/swedeamp\/lankar\">L\u00e4s mer<\/a><\/p>\n","protected":false},"author":3,"featured_media":0,"parent":0,"menu_order":0,"comment_status":"closed","ping_status":"closed","template":"","meta":{"_acf_changed":false,"footnotes":""},"acf":[],"_links":{"self":[{"href":"https:\/\/rcsyd.se\/swedeamp\/wp-json\/wp\/v2\/pages\/3669"}],"collection":[{"href":"https:\/\/rcsyd.se\/swedeamp\/wp-json\/wp\/v2\/pages"}],"about":[{"href":"https:\/\/rcsyd.se\/swedeamp\/wp-json\/wp\/v2\/types\/page"}],"author":[{"embeddable":true,"href":"https:\/\/rcsyd.se\/swedeamp\/wp-json\/wp\/v2\/users\/3"}],"replies":[{"embeddable":true,"href":"https:\/\/rcsyd.se\/swedeamp\/wp-json\/wp\/v2\/comments?post=3669"}],"version-history":[{"count":2,"href":"https:\/\/rcsyd.se\/swedeamp\/wp-json\/wp\/v2\/pages\/3669\/revisions"}],"predecessor-version":[{"id":3773,"href":"https:\/\/rcsyd.se\/swedeamp\/wp-json\/wp\/v2\/pages\/3669\/revisions\/3773"}],"wp:attachment":[{"href":"https:\/\/rcsyd.se\/swedeamp\/wp-json\/wp\/v2\/media?parent=3669"}],"curies":[{"name":"wp","href":"https:\/\/api.w.org\/{rel}","templated":true}]}}