{"id":3661,"date":"2024-08-12T08:27:16","date_gmt":"2024-08-12T08:27:16","guid":{"rendered":"https:\/\/rcsyd.se\/swedeamp\/?page_id=3661"},"modified":"2024-08-12T09:04:28","modified_gmt":"2024-08-12T09:04:28","slug":"styrgrupp","status":"publish","type":"page","link":"https:\/\/rcsyd.se\/swedeamp\/om-swedeamp\/styrgrupp","title":{"rendered":"Styrgrupp"},"content":{"rendered":"<h1>Styrgrupp<\/h1>\n<h2>Registerh\u00e5llare<\/h2>\n<p><strong>Kerstin Hagberg<br \/>\n<\/strong>Legitimerad fysioterapeut, docent, Sahlgrenska Universitetssjukhuset G\u00f6teborg<strong><br \/>\n<\/strong><\/p>\n<h2>Bitr\u00e4dande registerh\u00e5llare<\/h2>\n<p><strong>Bengt S\u00f6derberg<\/strong><br \/>\nLegitimerad ortopedingenj\u00f6r<\/p>\n<h2>\u00d6vriga styrgruppsmedlemmar<\/h2>\n<p><strong>Anneli Roubert<\/strong><br \/>\nVerksamhetsutvecklare och informationslogistiker, magisterexamen, Region Kronoberg<\/p>\n<p><strong>Hedvig \u00d6rneholm<\/strong><br \/>\nLegitimerad l\u00e4kare och ortoped, medicine doktor, Sk\u00e5nes Universitetssjukhus Malm\u00f6<\/p>\n<p><strong>Ilka Kamrad<\/strong><br \/>\nLegitimerad l\u00e4kare och ortoped, medicine doktor, Sk\u00e5nes Universitetssjukhus Malm\u00f6<\/p>\n<p><strong>Monica Yttergren-Dale<br \/>\n<\/strong>Legitimerad fysioterapeut, Aktiv ortopedteknik Stockholm<\/p>\n<p><strong>Stefan Sanfridsson<\/strong><br \/>\nLegitimerad ortopedingenj\u00f6r, kandidatexamen, Team Olmed Motala<\/p>\n<h2>Patientrepresentant<\/h2>\n<p><strong>Fredrik Martinsson<\/strong><\/p>\n<h2>Patient- och branschrepresentant<\/h2>\n<p><strong>Lisa Gramnaes<\/strong><\/p>\n","protected":false},"excerpt":{"rendered":"<p>Styrgrupp Registerh\u00e5llare Kerstin Hagberg Legitimerad fysioterapeut, docent, Sahlgrenska Universitetssjukhuset G\u00f6teborg Bitr\u00e4dande registerh\u00e5llare Bengt S\u00f6derberg Legitimerad ortopedingenj\u00f6r \u00d6vriga styrgruppsmedlemmar Anneli Roubert Verksamhetsutvecklare och informationslogistiker, magisterexamen, Region Kronoberg Hedvig \u00d6rneholm Legitimerad l\u00e4kare och ortoped, medicine doktor, Sk\u00e5nes Universitetssjukhus Malm\u00f6 Ilka Kamrad Legitimerad l\u00e4kare och ortoped, medicine doktor, Sk\u00e5nes Universitetssjukhus Malm\u00f6 Monica Yttergren-Dale Legitimerad fysioterapeut, Aktiv ortopedteknik Stockholm&#8230; <a class=\"read-more\" href=\"https:\/\/rcsyd.se\/swedeamp\/om-swedeamp\/styrgrupp\">L\u00e4s mer<\/a><\/p>\n","protected":false},"author":3,"featured_media":0,"parent":3654,"menu_order":0,"comment_status":"closed","ping_status":"closed","template":"","meta":{"_acf_changed":false,"footnotes":""},"acf":[],"_links":{"self":[{"href":"https:\/\/rcsyd.se\/swedeamp\/wp-json\/wp\/v2\/pages\/3661"}],"collection":[{"href":"https:\/\/rcsyd.se\/swedeamp\/wp-json\/wp\/v2\/pages"}],"about":[{"href":"https:\/\/rcsyd.se\/swedeamp\/wp-json\/wp\/v2\/types\/page"}],"author":[{"embeddable":true,"href":"https:\/\/rcsyd.se\/swedeamp\/wp-json\/wp\/v2\/users\/3"}],"replies":[{"embeddable":true,"href":"https:\/\/rcsyd.se\/swedeamp\/wp-json\/wp\/v2\/comments?post=3661"}],"version-history":[{"count":1,"href":"https:\/\/rcsyd.se\/swedeamp\/wp-json\/wp\/v2\/pages\/3661\/revisions"}],"predecessor-version":[{"id":3662,"href":"https:\/\/rcsyd.se\/swedeamp\/wp-json\/wp\/v2\/pages\/3661\/revisions\/3662"}],"up":[{"embeddable":true,"href":"https:\/\/rcsyd.se\/swedeamp\/wp-json\/wp\/v2\/pages\/3654"}],"wp:attachment":[{"href":"https:\/\/rcsyd.se\/swedeamp\/wp-json\/wp\/v2\/media?parent=3661"}],"curies":[{"name":"wp","href":"https:\/\/api.w.org\/{rel}","templated":true}]}}