{"id":3654,"date":"2024-08-12T08:19:25","date_gmt":"2024-08-12T08:19:25","guid":{"rendered":"https:\/\/rcsyd.se\/swedeamp\/?page_id=3654"},"modified":"2024-08-12T08:19:25","modified_gmt":"2024-08-12T08:19:25","slug":"om-swedeamp","status":"publish","type":"page","link":"https:\/\/rcsyd.se\/swedeamp\/om-swedeamp","title":{"rendered":"Om SwedeAmp"},"content":{"rendered":"<h1>Om SwedeAmp<\/h1>\n<p>SwedeAmp (Amputations- och protesregister f\u00f6r nedre extremiteten) \u00e4r ett medicinskt kvalitetsregister som har till syfte att skapa underlag f\u00f6r objektiv utv\u00e4rdering av amputationsv\u00e5rden och dess konsekvenser i hela v\u00e5rdkedjan (amputation\u2013protesf\u00f6rs\u00f6rjning\u2013rehabilitering).<\/p>\n<p>SwedeAmp, som varit ett nationellt kvalitetsregister sedan 2011, \u00e4r v\u00e4rldens hittills enda nationella register som f\u00f6ljer patienten genom v\u00e5rdkedjan i samband med en benamputation.<br \/>\nRegistret fungerar som ett instrument f\u00f6r uppf\u00f6ljning, f\u00f6rb\u00e4ttringsarbete och f\u00f6rebyggande insatser.<\/p>\n<p>I dagsl\u00e4get finns data f\u00f6r n\u00e4ra 12 000 patienter och mer \u00e4n 17 000 amputationer registrerade. Uppgifter om protesf\u00f6rs\u00f6rjning och patientrapporterat utfall registreras ocks\u00e5.<\/p>\n<p>Via menyn till v\u00e4nster hittar du mer information om SwedeAmp.<\/p>\n","protected":false},"excerpt":{"rendered":"<p>Om SwedeAmp SwedeAmp (Amputations- och protesregister f\u00f6r nedre extremiteten) \u00e4r ett medicinskt kvalitetsregister som har till syfte att skapa underlag f\u00f6r objektiv utv\u00e4rdering av amputationsv\u00e5rden och dess konsekvenser i hela v\u00e5rdkedjan (amputation\u2013protesf\u00f6rs\u00f6rjning\u2013rehabilitering). SwedeAmp, som varit ett nationellt kvalitetsregister sedan 2011, \u00e4r v\u00e4rldens hittills enda nationella register som f\u00f6ljer patienten genom v\u00e5rdkedjan i samband med en&#8230; <a class=\"read-more\" href=\"https:\/\/rcsyd.se\/swedeamp\/om-swedeamp\">L\u00e4s mer<\/a><\/p>\n","protected":false},"author":3,"featured_media":0,"parent":0,"menu_order":0,"comment_status":"closed","ping_status":"closed","template":"","meta":{"_acf_changed":false,"footnotes":""},"acf":[],"_links":{"self":[{"href":"https:\/\/rcsyd.se\/swedeamp\/wp-json\/wp\/v2\/pages\/3654"}],"collection":[{"href":"https:\/\/rcsyd.se\/swedeamp\/wp-json\/wp\/v2\/pages"}],"about":[{"href":"https:\/\/rcsyd.se\/swedeamp\/wp-json\/wp\/v2\/types\/page"}],"author":[{"embeddable":true,"href":"https:\/\/rcsyd.se\/swedeamp\/wp-json\/wp\/v2\/users\/3"}],"replies":[{"embeddable":true,"href":"https:\/\/rcsyd.se\/swedeamp\/wp-json\/wp\/v2\/comments?post=3654"}],"version-history":[{"count":1,"href":"https:\/\/rcsyd.se\/swedeamp\/wp-json\/wp\/v2\/pages\/3654\/revisions"}],"predecessor-version":[{"id":3655,"href":"https:\/\/rcsyd.se\/swedeamp\/wp-json\/wp\/v2\/pages\/3654\/revisions\/3655"}],"wp:attachment":[{"href":"https:\/\/rcsyd.se\/swedeamp\/wp-json\/wp\/v2\/media?parent=3654"}],"curies":[{"name":"wp","href":"https:\/\/api.w.org\/{rel}","templated":true}]}}