{"id":3646,"date":"2024-08-08T10:03:15","date_gmt":"2024-08-08T10:03:15","guid":{"rendered":"https:\/\/rcsyd.se\/swedeamp\/?page_id=3646"},"modified":"2025-06-04T09:35:01","modified_gmt":"2025-06-04T09:35:01","slug":"arsrapporter","status":"publish","type":"page","link":"https:\/\/rcsyd.se\/swedeamp\/publikationer\/arsrapporter","title":{"rendered":"\u00c5rsrapporter"},"content":{"rendered":"<h1>\u00c5rsrapporter<\/h1>\n<p>Via nedladdningsboxen p\u00e5 denna sida hittar du nedladdningsbara \u00e5rsrapporter fr\u00e5n SwedeAmp (Amputations- och protesregister f\u00f6r nedre extremiteten).<\/p>\n","protected":false},"excerpt":{"rendered":"<p>\u00c5rsrapporter Via nedladdningsboxen p\u00e5 denna sida hittar du nedladdningsbara \u00e5rsrapporter fr\u00e5n SwedeAmp (Amputations- och protesregister f\u00f6r nedre extremiteten).<\/p>\n","protected":false},"author":3,"featured_media":0,"parent":3635,"menu_order":0,"comment_status":"closed","ping_status":"closed","template":"","meta":{"_acf_changed":false,"footnotes":""},"acf":[],"_links":{"self":[{"href":"https:\/\/rcsyd.se\/swedeamp\/wp-json\/wp\/v2\/pages\/3646"}],"collection":[{"href":"https:\/\/rcsyd.se\/swedeamp\/wp-json\/wp\/v2\/pages"}],"about":[{"href":"https:\/\/rcsyd.se\/swedeamp\/wp-json\/wp\/v2\/types\/page"}],"author":[{"embeddable":true,"href":"https:\/\/rcsyd.se\/swedeamp\/wp-json\/wp\/v2\/users\/3"}],"replies":[{"embeddable":true,"href":"https:\/\/rcsyd.se\/swedeamp\/wp-json\/wp\/v2\/comments?post=3646"}],"version-history":[{"count":6,"href":"https:\/\/rcsyd.se\/swedeamp\/wp-json\/wp\/v2\/pages\/3646\/revisions"}],"predecessor-version":[{"id":3851,"href":"https:\/\/rcsyd.se\/swedeamp\/wp-json\/wp\/v2\/pages\/3646\/revisions\/3851"}],"up":[{"embeddable":true,"href":"https:\/\/rcsyd.se\/swedeamp\/wp-json\/wp\/v2\/pages\/3635"}],"wp:attachment":[{"href":"https:\/\/rcsyd.se\/swedeamp\/wp-json\/wp\/v2\/media?parent=3646"}],"curies":[{"name":"wp","href":"https:\/\/api.w.org\/{rel}","templated":true}]}}