{"id":3641,"date":"2024-08-08T10:00:00","date_gmt":"2024-08-08T10:00:00","guid":{"rendered":"https:\/\/rcsyd.se\/swedeamp\/?page_id=3641"},"modified":"2025-11-19T13:11:25","modified_gmt":"2025-11-19T13:11:25","slug":"ovriga-publikationer","status":"publish","type":"page","link":"https:\/\/rcsyd.se\/swedeamp\/publikationer\/ovriga-publikationer","title":{"rendered":"\u00d6vriga publikationer"},"content":{"rendered":"<h1>\u00d6vriga publikationer<\/h1>\n<h2>Rapporter<\/h2>\n<p>Rapport ISPO 2021 LEAD (Lower Extremity Amputation Data Set) and COMPASS (Consensus Outcome Measures for Prosthetic and Amputation ServiceS)<br \/>\n<a href=\"https:\/\/www.ispoint.org\/lead-compass\/\" target=\"_blank\" rel=\"noopener\">Klicka h\u00e4r f\u00f6r att komma till rapporten.<\/a><\/p>\n<h2>Valideringsrapporter<\/h2>\n<p>Valideringsrapport g\u00e4llande data fr\u00e5n Sk\u00e5nes Universitetssjukhus i SwedeAmp 2022 (PDF-format, 332 kB).<br \/>\n<a href=\"https:\/\/rcsyd.se\/swedeamp\/wp-content\/uploads\/sites\/21\/2024\/05\/Valideringsrapport-SwedeAmp-SUS-2022.pdf\" target=\"_blank\" rel=\"noopener\">Klicka h\u00e4r f\u00f6r att komma till rapporten.<\/a><\/p>\n<p>Valideringsrapport g\u00e4llande data fr\u00e5n Region Kronoberg i SwedeAmp 2019 (PDF-format, 276 kB).<br \/>\n<a href=\"https:\/\/rcsyd.se\/swedeamp\/wp-content\/uploads\/sites\/21\/2024\/05\/Valideringsrapport-SwedeAmp-Region-Kronoberg-2019.pdf\" target=\"_blank\" rel=\"noopener\">Klicka h\u00e4r f\u00f6r att komma till rapporten.<\/a><\/p>\n","protected":false},"excerpt":{"rendered":"<p>\u00d6vriga publikationer Rapporter Rapport ISPO 2021 LEAD (Lower Extremity Amputation Data Set) and COMPASS (Consensus Outcome Measures for Prosthetic and Amputation ServiceS) Klicka h\u00e4r f\u00f6r att komma till rapporten. Valideringsrapporter Valideringsrapport g\u00e4llande data fr\u00e5n Sk\u00e5nes Universitetssjukhus i SwedeAmp 2022 (PDF-format, 332 kB). Klicka h\u00e4r f\u00f6r att komma till rapporten. Valideringsrapport g\u00e4llande data fr\u00e5n Region Kronoberg&#8230; <a class=\"read-more\" href=\"https:\/\/rcsyd.se\/swedeamp\/publikationer\/ovriga-publikationer\">L\u00e4s mer<\/a><\/p>\n","protected":false},"author":3,"featured_media":0,"parent":3635,"menu_order":0,"comment_status":"closed","ping_status":"closed","template":"","meta":{"_acf_changed":false,"footnotes":""},"acf":[],"_links":{"self":[{"href":"https:\/\/rcsyd.se\/swedeamp\/wp-json\/wp\/v2\/pages\/3641"}],"collection":[{"href":"https:\/\/rcsyd.se\/swedeamp\/wp-json\/wp\/v2\/pages"}],"about":[{"href":"https:\/\/rcsyd.se\/swedeamp\/wp-json\/wp\/v2\/types\/page"}],"author":[{"embeddable":true,"href":"https:\/\/rcsyd.se\/swedeamp\/wp-json\/wp\/v2\/users\/3"}],"replies":[{"embeddable":true,"href":"https:\/\/rcsyd.se\/swedeamp\/wp-json\/wp\/v2\/comments?post=3641"}],"version-history":[{"count":3,"href":"https:\/\/rcsyd.se\/swedeamp\/wp-json\/wp\/v2\/pages\/3641\/revisions"}],"predecessor-version":[{"id":3925,"href":"https:\/\/rcsyd.se\/swedeamp\/wp-json\/wp\/v2\/pages\/3641\/revisions\/3925"}],"up":[{"embeddable":true,"href":"https:\/\/rcsyd.se\/swedeamp\/wp-json\/wp\/v2\/pages\/3635"}],"wp:attachment":[{"href":"https:\/\/rcsyd.se\/swedeamp\/wp-json\/wp\/v2\/media?parent=3641"}],"curies":[{"name":"wp","href":"https:\/\/api.w.org\/{rel}","templated":true}]}}