{"id":3593,"date":"2024-08-08T10:02:14","date_gmt":"2024-08-08T10:02:14","guid":{"rendered":"https:\/\/rcsyd.se\/swedeamp\/?page_id=3593"},"modified":"2024-08-08T10:54:56","modified_gmt":"2024-08-08T10:54:56","slug":"vetenskapliga-publikationer","status":"publish","type":"page","link":"https:\/\/rcsyd.se\/swedeamp\/publikationer\/vetenskapliga-publikationer","title":{"rendered":"Vetenskapliga publikationer"},"content":{"rendered":"<h1>Vetenskapliga publikationer<\/h1>\n<p>Via menyn till v\u00e4nster finner du vetenskapliga publikationer b\u00e5de som SwedeAmp varit inblandade och s\u00e5dana som SwedeAmp inte varit inblandade i, men som \u00e4r relevanta f\u00f6r registret.<\/p>\n","protected":false},"excerpt":{"rendered":"<p>Vetenskapliga publikationer Via menyn till v\u00e4nster finner du vetenskapliga publikationer b\u00e5de som SwedeAmp varit inblandade och s\u00e5dana som SwedeAmp inte varit inblandade i, men som \u00e4r relevanta f\u00f6r registret.<\/p>\n","protected":false},"author":3,"featured_media":0,"parent":3635,"menu_order":0,"comment_status":"closed","ping_status":"closed","template":"","meta":{"_acf_changed":false,"footnotes":""},"acf":[],"_links":{"self":[{"href":"https:\/\/rcsyd.se\/swedeamp\/wp-json\/wp\/v2\/pages\/3593"}],"collection":[{"href":"https:\/\/rcsyd.se\/swedeamp\/wp-json\/wp\/v2\/pages"}],"about":[{"href":"https:\/\/rcsyd.se\/swedeamp\/wp-json\/wp\/v2\/types\/page"}],"author":[{"embeddable":true,"href":"https:\/\/rcsyd.se\/swedeamp\/wp-json\/wp\/v2\/users\/3"}],"replies":[{"embeddable":true,"href":"https:\/\/rcsyd.se\/swedeamp\/wp-json\/wp\/v2\/comments?post=3593"}],"version-history":[{"count":2,"href":"https:\/\/rcsyd.se\/swedeamp\/wp-json\/wp\/v2\/pages\/3593\/revisions"}],"predecessor-version":[{"id":3595,"href":"https:\/\/rcsyd.se\/swedeamp\/wp-json\/wp\/v2\/pages\/3593\/revisions\/3595"}],"up":[{"embeddable":true,"href":"https:\/\/rcsyd.se\/swedeamp\/wp-json\/wp\/v2\/pages\/3635"}],"wp:attachment":[{"href":"https:\/\/rcsyd.se\/swedeamp\/wp-json\/wp\/v2\/media?parent=3593"}],"curies":[{"name":"wp","href":"https:\/\/api.w.org\/{rel}","templated":true}]}}