{"id":3581,"date":"2024-06-17T13:00:10","date_gmt":"2024-06-17T13:00:10","guid":{"rendered":"https:\/\/rcsyd.se\/swedeamp\/?page_id=3581"},"modified":"2026-01-21T13:02:52","modified_gmt":"2026-01-21T13:02:52","slug":"ovriga-vetenskapliga-publikationer","status":"publish","type":"page","link":"https:\/\/rcsyd.se\/swedeamp\/publikationer\/vetenskapliga-publikationer\/ovriga-vetenskapliga-publikationer","title":{"rendered":"\u00d6vriga vetenskapliga publikationer"},"content":{"rendered":"<h1>\u00d6vriga vetenskapliga publikationer<\/h1>\n<p>P\u00e5 denna sida samlas vetenskapliga publikationer som \u00e4r av intresse f\u00f6r SwedeAmp (Amputations- och protesregister f\u00f6r nedre extremiteten), men som registret inte deltagit i. Vetenskapliga publikationer som registret deltagit i finner du p\u00e5 sidan Vetenskapliga publikationer d\u00e4r SwedeAmp medverkat.<\/p>\n<p>Ferrell-Olson, J., Hafner, B. J., Magasi, S., &amp; Sawers, A. (2025). More than bodily damage: a qualitative exploration of lower limb prosthesis users\u2019 experiences with injurious falls. Disability and Rehabilitation, 1\u201310. doi.org\/10.1080\/09638288.2025.2600655<br \/>\n<a href=\"https:\/\/www.tandfonline.com\/doi\/full\/10.1080\/09638288.2025.2600655\" target=\"_blank\" rel=\"noopener\">Klicka h\u00e4r f\u00f6r att komma till publikationen.<\/a><\/p>\n<p>Brooks, D., J. Parsons et al (2001). &#8221;The 2-minute walk test as a measure of functional improvement in persons with lower limb amputation.&#8221; Arch Phys Med Rehabil 82(10): 1478\u20131483.<\/p>\n<p>Davie-Smith, F., E. Coulter et al (2017). &#8221;Factors influencing quality of life following lower limb amputation for peripheral arterial occlusive disease: A systematic review of the literature.&#8221; Prosthet Orthot Int 41(6): 537\u2013547.<\/p>\n<p>Davie-Smith, F., L. Paul et al (2017). &#8221;The impact of gender, level of amputation and diabetes on prosthetic fit rates following major lower extremity amputation.&#8221; Prosthet Orthot Int 41(1): 19\u201325.<\/p>\n<p>Del Piero, L. B., R. M. Williams et al (2020). &#8221;The Role of Interprofessional Teams in the Biopsychosocial Management of Limb Loss.&#8221; Current Physical Medicine and Rehabilitation Reports 8(4): 396\u2013404.<\/p>\n<p>Dite, W., H. J. Connor et al (2007). &#8221;Clinical identification of multiple fall risk early after unilateral transtibial amputation.&#8221; Arch Phys Med Rehabil 88(1): 109\u2013114.<\/p>\n<p>Ephraim, P. L., T. R. Dillingham et al (2003). &#8221;Epidemiology of limb loss and congenital limb deficiency: a review of the literature.&#8221; Arch Phys Med Rehabil 84(5): 747\u2013761.<\/p>\n<p>Fard, B., P. U. Dijkstra et al (2018). &#8221;Incidence rates of dysvascular lower extremity amputation changes in Northern Netherlands: A comparison of three cohorts of 1991\u20131992, 2003\u20132004 and 2012\u20132013.&#8221; PLoS One 13(9): e0204623.<\/p>\n<p>Fard, B., S. Persoon et al (2023). &#8221;Amputation and prosthetics of the lower extremity: The 2020 Dutch evidence-based multidisciplinary guideline.&#8221; Prosthet Orthot Int 47(1): 69\u201380.<\/p>\n<p>Franchignoni, F., D. Orlandini et al (2004). &#8221;Reliability, validity, and responsiveness of the locomotor capabilities index in adults with lower-limb amputation undergoing prosthetic training.&#8221; Arch Phys Med Rehabil 85(5): 743\u2013748.<\/p>\n<p>Gauthier-Gagnon, C., M.-C. Gris\u00e9 et al (1998). &#8221;The Locomotor Capabilities Index: Content validity.&#8221; J Rehabil Outcomes Meas 2(4): 40\u201346.<br \/>\nHagberg, K., R. Branemark et al (2004). &#8221;Questionnaire for Persons with a Transfemoral Amputation (Q-TFA): initial validity and reliability of a new outcome measure.&#8221; J Rehabil Res Dev 41(5): 695\u2013706.<\/p>\n<p>Heyns, A., S. Jacobs et al (2021). &#8221;Systematic Review of Clinical Practice Guidelines for Individuals With Amputation: Identification of Best Evidence for Rehabilitation to Develop the WHO&#8217;s Package of Interventions for Rehabilitation.&#8221; Arch Phys Med Rehabil 102(6): 1191\u20131197.<\/p>\n<p>Jarl, G., G. A. Johannesson et al (2022). &#8221;Incidence of Lower Limb Amputations in Sweden from 2008 to 2017.&#8221; European Journal of Vascular and Endovascular Surgery 64(2\u20133): 266\u2013273.<\/p>\n<p>Jensen, P. S., J. Petersen et al (2017). &#8221;Progression of disease preceding lower extremity amputation in Denmark: a longitudinal registry study of diagnoses, use of medication and healthcare services 14 years prior to amputation.&#8221; BMJ Open 7(11): e016030.<\/p>\n<p>Johannesson, A., G. U. Larsson et al (2004). &#8221;From major amputation to prosthetic outcome: a prospective study of 190 patients in a defined population.&#8221; Prosthet Orthot Int 28(1): 9\u201321.<\/p>\n<p>Johannesson, A., G. U. Larsson et al (2008). &#8221;Incidence of Lower Limb Amputation in the Diabetic and Nondiabetic General Population: A 10-year Population-based Cohort Study of Initial Unilateral, Contralateral and Re-amputations.&#8221; Diabetes Care.<\/p>\n<p>Kristensen, M. T., G. Holm, M et al (2016). &#8221;An treatment program with markedly reduced mortality after a transtibial or higher non-traumatic lower extremity amputation.&#8221; Acta Orthop 87(3): 306\u2013311.<\/p>\n<p>Larsson, B., A. Johannesson et al (2009). &#8221;The Locomotor Capabilities Index; validity and reliability of the Swedish version in adults with lower limb amputation.&#8221; Health Qual Life Outcomes 7: 44.<\/p>\n<p>Larsson, Gert-Uno och Johannesson, Anton. &#8221;The Sagittal Incision in Transtibial Amputation-Including the Postoperative Treatment.&#8221; J Surg Tech Proced | Volume 8, Issue 1, 2024<br \/>\n<a href=\"https:\/\/www.remedypublications.com\/journal-of-surgical-techniques-and-procedures-abstract.php?aid=10044\" target=\"_blank\" rel=\"noopener\">Klicka h\u00e4r f\u00f6r att komma till publikationen.<\/a><\/p>\n<p>Norvell, D. C., A. P. Turner et al (2011). &#8221;Defining successful mobility after lower extremity amputation for complications of peripheral vascular disease and diabetes.&#8221; J Vasc Surg 54(2): 412\u2013419.<\/p>\n<p>Resnik, L. and M. Borgia (2011). &#8221;Reliability of outcome measures for people with lower-limb amputations: distinguishing true change from statistical error.&#8221; Phys Ther 91(4): 555\u2013565.<\/p>\n<p>Sansam, K., V. Neumann (2009). &#8221;Predicting walking ability following lower limb amputation: a systematic review of the literature.&#8221; J Rehabil Med 41(8): 593\u2013603.<\/p>\n<p>Sinha, R. and W. J. Van Den Heuvel (2011). &#8221;A systematic literature review of quality of life in lower limb amputees.&#8221; Disabil Rehabil 33(11): 883\u2013899.<\/p>\n<p>Tan, J. M., G. R. J. Halford et al (2023). &#8221;Recommendations from the ISPO lower-limb COMPASS: Patient-reported and performance-based outcome measures.&#8221; Prosthet Orthot Int 47(1): 13\u201325.<\/p>\n<p>Torbj\u00f6rnsson, Eva och Nilsson, Olga. &#8221;Development of an Education Material Targeting Patients Undergoing Lower Extremity Amputation due to Severe Limb Ischemia\u2013A Qualitative Study.&#8221; Journal of Surgical Research, Volume 299, 2024, Pages 205\u2013212, ISSN 0022\u20134804.<br \/>\n<a href=\"https:\/\/www.sciencedirect.com\/science\/article\/pii\/S0022480424002014\" target=\"_blank\" rel=\"noopener\">Klicka h\u00e4r f\u00f6r att komma till publikationen.<\/a><\/p>\n<p>van Schaik, L., J. H. B. Geertzen et al (2019). &#8221;Metabolic costs of activities of daily living in persons with a lower limb amputation: A systematic review and meta-analysis.&#8221; PLoS One 14(3): e0213256.<\/p>\n<p>Wong, L. H., E. Woelber et al (2021). &#8221;Is Reoperation Higher Than Expected after Below-the-knee Amputation? A Single-center Evaluation of Factors Associated with Reoperation at 1 Year.&#8221; Clin Orthop Relat Res 479(2): 324\u2013331.<\/p>\n<p>Wurdeman, S. R., P. M. Stevens et al (2018). &#8221;Mobility analysis of amputees (MAAT 3): Matching individuals based on comorbid health reveals improved function for above-knee prosthesis users with microprocessor knee technology.&#8221; Assist Technol: 1\u20137.<\/p>\n<p>Wurdeman, S. R., P. M. Stevens et al (2018). &#8221;Mobility Analysis of AmpuTees (MAAT I): Quality of life and satisfaction are strongly related to mobility for patients with a lower limb prosthesis.&#8221; Prosthet Orthot Int 42(5): 498\u2013503.<\/p>\n<p>Wurdeman, S. R., P. M. Stevens et al (2020). &#8221;Mobility Analysis of AmpuTees (MAAT 4): classification tree analysis for probability of lower limb prosthesis user functional potential.&#8221; Disabil Rehabil Assist Technol 15(2): 211\u2013218.<\/p>\n<p>\u00d6rneholm, Hedvig et al. &#8221;Above-ankle Reamputation and Mortality following Transmetatarsal Amputation in Diabetic and Nondiabetic Peripheral Artery Disease.&#8221; The Journal of Foot and Ankle Surgery, Volume 63, Issue 5, 584\u2013592.<br \/>\n<a href=\"https:\/\/www.jfas.org\/article\/S1067-2516(24)00115-7\/fulltext\" target=\"_blank\" rel=\"noopener\">Klicka h\u00e4r f\u00f6r att komma till publikationen.<\/a><\/p>\n<p>&nbsp;<\/p>\n","protected":false},"excerpt":{"rendered":"<p>\u00d6vriga vetenskapliga publikationer P\u00e5 denna sida samlas vetenskapliga publikationer som \u00e4r av intresse f\u00f6r SwedeAmp (Amputations- och protesregister f\u00f6r nedre extremiteten), men som registret inte deltagit i. Vetenskapliga publikationer som registret deltagit i finner du p\u00e5 sidan Vetenskapliga publikationer d\u00e4r SwedeAmp medverkat. Ferrell-Olson, J., Hafner, B. J., Magasi, S., &amp; Sawers, A. (2025). More than&#8230; <a class=\"read-more\" href=\"https:\/\/rcsyd.se\/swedeamp\/publikationer\/vetenskapliga-publikationer\/ovriga-vetenskapliga-publikationer\">L\u00e4s mer<\/a><\/p>\n","protected":false},"author":3,"featured_media":0,"parent":3593,"menu_order":0,"comment_status":"closed","ping_status":"closed","template":"","meta":{"_acf_changed":false,"footnotes":""},"acf":[],"_links":{"self":[{"href":"https:\/\/rcsyd.se\/swedeamp\/wp-json\/wp\/v2\/pages\/3581"}],"collection":[{"href":"https:\/\/rcsyd.se\/swedeamp\/wp-json\/wp\/v2\/pages"}],"about":[{"href":"https:\/\/rcsyd.se\/swedeamp\/wp-json\/wp\/v2\/types\/page"}],"author":[{"embeddable":true,"href":"https:\/\/rcsyd.se\/swedeamp\/wp-json\/wp\/v2\/users\/3"}],"replies":[{"embeddable":true,"href":"https:\/\/rcsyd.se\/swedeamp\/wp-json\/wp\/v2\/comments?post=3581"}],"version-history":[{"count":8,"href":"https:\/\/rcsyd.se\/swedeamp\/wp-json\/wp\/v2\/pages\/3581\/revisions"}],"predecessor-version":[{"id":3956,"href":"https:\/\/rcsyd.se\/swedeamp\/wp-json\/wp\/v2\/pages\/3581\/revisions\/3956"}],"up":[{"embeddable":true,"href":"https:\/\/rcsyd.se\/swedeamp\/wp-json\/wp\/v2\/pages\/3593"}],"wp:attachment":[{"href":"https:\/\/rcsyd.se\/swedeamp\/wp-json\/wp\/v2\/media?parent=3581"}],"curies":[{"name":"wp","href":"https:\/\/api.w.org\/{rel}","templated":true}]}}