{"id":3330,"date":"2024-08-12T08:25:26","date_gmt":"2024-08-12T08:25:26","guid":{"rendered":"https:\/\/rcsyd.se\/swedeamp\/?page_id=3330"},"modified":"2026-03-25T15:16:43","modified_gmt":"2026-03-25T15:16:43","slug":"filmer","status":"publish","type":"page","link":"https:\/\/rcsyd.se\/swedeamp\/om-swedeamp\/filmer","title":{"rendered":"Filmer"},"content":{"rendered":"<h1>Filmer<\/h1>\n<p>SwedeAmp (Amputations- och protesregister f\u00f6r nedre extremiteten) har en YouTube-kanal d\u00e4r ett antal filmklipp samlats om registret och registrering i registret.<\/p>\n<p>Observera att filmerna saknar syntolkning och i de flesta fall \u00e4ven undertext.<\/p>\n<p><a href=\"https:\/\/www.youtube.com\/@mastonmedia1281\" target=\"_blank\" rel=\"noopener\">Klicka h\u00e4r f\u00f6r att komma till filmerna p\u00e5 YouTube.<\/a><\/p>\n","protected":false},"excerpt":{"rendered":"<p>Filmer SwedeAmp (Amputations- och protesregister f\u00f6r nedre extremiteten) har en YouTube-kanal d\u00e4r ett antal filmklipp samlats om registret och registrering i registret. Observera att filmerna saknar syntolkning och i de flesta fall \u00e4ven undertext. Klicka h\u00e4r f\u00f6r att komma till filmerna p\u00e5 YouTube.<\/p>\n","protected":false},"author":3,"featured_media":0,"parent":3654,"menu_order":0,"comment_status":"closed","ping_status":"closed","template":"","meta":{"_acf_changed":false,"footnotes":""},"acf":[],"_links":{"self":[{"href":"https:\/\/rcsyd.se\/swedeamp\/wp-json\/wp\/v2\/pages\/3330"}],"collection":[{"href":"https:\/\/rcsyd.se\/swedeamp\/wp-json\/wp\/v2\/pages"}],"about":[{"href":"https:\/\/rcsyd.se\/swedeamp\/wp-json\/wp\/v2\/types\/page"}],"author":[{"embeddable":true,"href":"https:\/\/rcsyd.se\/swedeamp\/wp-json\/wp\/v2\/users\/3"}],"replies":[{"embeddable":true,"href":"https:\/\/rcsyd.se\/swedeamp\/wp-json\/wp\/v2\/comments?post=3330"}],"version-history":[{"count":5,"href":"https:\/\/rcsyd.se\/swedeamp\/wp-json\/wp\/v2\/pages\/3330\/revisions"}],"predecessor-version":[{"id":4008,"href":"https:\/\/rcsyd.se\/swedeamp\/wp-json\/wp\/v2\/pages\/3330\/revisions\/4008"}],"up":[{"embeddable":true,"href":"https:\/\/rcsyd.se\/swedeamp\/wp-json\/wp\/v2\/pages\/3654"}],"wp:attachment":[{"href":"https:\/\/rcsyd.se\/swedeamp\/wp-json\/wp\/v2\/media?parent=3330"}],"curies":[{"name":"wp","href":"https:\/\/api.w.org\/{rel}","templated":true}]}}