{"id":3298,"date":"2024-04-11T08:52:57","date_gmt":"2024-04-11T08:52:57","guid":{"rendered":"https:\/\/rcsyd.se\/swedeamp\/?page_id=3298"},"modified":"2026-04-10T11:06:41","modified_gmt":"2026-04-10T11:06:41","slug":"vardriktlinjer","status":"publish","type":"page","link":"https:\/\/rcsyd.se\/swedeamp\/vardriktlinjer","title":{"rendered":"V\u00e5rdriktlinjer"},"content":{"rendered":"<h1>V\u00e5rdriktlinjer<\/h1>\n<p>P\u00e5 denna sida finner du dokument och l\u00e4nkar till svenska och internationella v\u00e5rdriktlinjer och v\u00e5rdprogram kopplade till amputationsv\u00e5rd.<\/p>\n<h2>Svenska v\u00e5rdriktlinjer<\/h2>\n<p><strong>Behandlingsplan f\u00f6r amputation av nedre extremitet, Sahlgrenska universitetssjukhuset<\/strong><br \/>\n<a href=\"https:\/\/mellanarkiv-offentlig.vgregion.se\/alfresco\/s\/archive\/stream\/public\/v1\/source\/available\/sofia\/su9809-955733808-108\/surrogate\/Amputationsprocessen.pdf\" target=\"_blank\" rel=\"noopener\">Klicka h\u00e4r f\u00f6r att komma till dokument med mer information<\/a> (PDF-format, 1,2 MB).<\/p>\n<p><strong>H\u00e4ndelser i v\u00e5rdkedjan efter benamputation \u2013 SwedeAmps (Amputations- och protesregister f\u00f6r nedre extremiteten) f\u00f6rslag till v\u00e5rdprogram fr\u00e5n \u00e5rsrapport 2018<\/strong><br \/>\n<a href=\"https:\/\/rcsyd.se\/swedeamp\/wp-content\/uploads\/sites\/21\/2024\/05\/Vardkedjan-vid-benamputation-fran-arsrapport-2018.pdf\" target=\"_blank\" rel=\"noopener\">Klicka h\u00e4r f\u00f6r att komma till dokument med mer information<\/a> (PDF-format, 105 kB).<\/p>\n<p><strong>Regionala v\u00e5rdprogrammet f\u00f6r amputation av nedre extremiteten, Region Stockholm<\/strong><br \/>\n<a href=\"https:\/\/rcsyd.se\/swedeamp\/wp-content\/uploads\/sites\/21\/2024\/05\/Regionala-vardprogrammet-for-amputation-av-nedre-extremiteten-Region-Stockholm.pdf\" target=\"_blank\" rel=\"noopener\">Klicka h\u00e4r f\u00f6r att komma till dokument med mer information<\/a> (PDF-format, 3 MB).<\/p>\n<p><strong>Rehabiliteringsstruktur f\u00f6r amputerade patienter med m\u00e5let protesf\u00f6rs\u00f6rjning, H\u00e4ssleholms sjukhus<\/strong><br \/>\n<a href=\"https:\/\/rcsyd.se\/swedeamp\/wp-content\/uploads\/sites\/21\/2024\/05\/Rehabiliteringsstruktur-for-amputerade-patienter-med-malet-protesforsorjning-Hassleholms-sjukhus.pdf\" target=\"_blank\" rel=\"noopener\">Klicka h\u00e4r f\u00f6r att komma till dokument med mer information<\/a> (PDF-format, 213 kB).<\/p>\n<p><strong>V\u00e5rdhandboken<\/strong><br \/>\nI V\u00e5rdhandboken finns flera avsnitt om amputation d\u00e4r sex stycken reviderades i april 2026.<br \/>\n<a href=\"https:\/\/www.vardhandboken.se\/vard-och-behandling\/hud-och-sar\/benamputation-vard-och-behandling\/\" target=\"_blank\" rel=\"noopener\">Klicka h\u00e4r f\u00f6r att komma till avsnitten i V\u00e5rdhandboken.<\/a><\/p>\n<p><strong>V\u00e5rdprogram f\u00f6r benamputationer, Falu lasaretts upptagningsomr\u00e5de<\/strong><br \/>\n<a href=\"https:\/\/rcsyd.se\/swedeamp\/wp-content\/uploads\/sites\/21\/2024\/05\/Vardprogram-for-benamputationer-Falu-lasaretts-upptagningsomrade.pdf\" target=\"_blank\" rel=\"noopener\">Klicka h\u00e4r f\u00f6r att komma till dokument med mer information<\/a> (PDF-format, 1 MB).<\/p>\n<h2>Internationella v\u00e5rdriktlinjer och v\u00e5rdprogram<\/h2>\n<p><strong>British Association of Chartered Physiotherapists in Amputee Rehabilitation (BACPAR)<\/strong><br \/>\n<a href=\"https:\/\/www.bacpar.org\/\" target=\"_blank\" rel=\"noopener\">Klicka h\u00e4r f\u00f6r att komma till extern sida med mer information.<\/a><\/p>\n<p><strong>Guideline National klinisk retningslinje for perioperative behandling, pleje samt tidlig rehabilitering til patienter som f\u00e5r foretaget st\u00f8rre benamputationer<\/strong><br \/>\n<a href=\"https:\/\/www.sst.dk\/-\/media\/Viden\/Sundhedsv%C3%A6sen\/NKR\/Puljefinansierede-NKR\/P19-Rehabilitering-og-proteseforsyning-stoerre-benamputationer.ashx\" target=\"_blank\" rel=\"noopener\">Klicka h\u00e4r f\u00f6r att komma till dokument med mer information<\/a> (PDF-format, 1,1 mB).<\/p>\n<p><strong>Guideline National klinisk retningslinje for rehabilitering og proteseforsyning til personer der f\u00e5r foretaget st\u00f8rre benamputationer<\/strong><br \/>\n<a href=\"https:\/\/www.sst.dk\/-\/media\/Viden\/Sundhedsv%C3%A6sen\/NKR\/Puljefinansierede-NKR\/P16-PuljeNKR-Benamputationer.ashx\" target=\"_blank\" rel=\"noopener\">Klicka h\u00e4r f\u00f6r att komma till dokument med mer information<\/a> (PDF-format, 474 kB).<\/p>\n<p><strong>ISPO Report 2019: Major Lower Limb Amputations Due to Vascular Disease: A Multidisciplinary Approach to Surgery and Rehabilitation.<\/strong><br \/>\n<a href=\"https:\/\/www.ispoint.org\/resources\/consensus-procedures\/\" target=\"_blank\" rel=\"noopener\">Klicka h\u00e4r f\u00f6r att komma till extern sida med mer information.<\/a><\/p>\n<p><strong>Public documents \u2013 Scottish Physio Amputee Research Group<\/strong><br \/>\n<a href=\"http:\/\/www.knowledge.scot.nhs.uk\/sparg\/public-documents.aspx\" target=\"_blank\" rel=\"noopener\">Klicka h\u00e4r f\u00f6r att komma till extern sida med mer information.<\/a><\/p>\n<p><strong>Systematic Review of Clinical Practice Guidelines for Individuals With Amputation: Identification of Best Evidence for Rehabilitation to Develop the WHO\u2019s Package of Interventions for Rehabilitation<\/strong><br \/>\n<a href=\"https:\/\/www.archives-pmr.org\/article\/S0003-9993(20)31344-7\/fulltext\" target=\"_blank\" rel=\"noopener\">Klicka h\u00e4r f\u00f6r att komma till extern sida med mer information.<\/a><\/p>\n<p><strong>United States Department Veteran Affairs \u2013 Rehabilitation of Lower Limb Amputation<\/strong><br \/>\n<a href=\"https:\/\/www.healthquality.va.gov\/guidelines\/Rehab\/amp\/\" target=\"_blank\" rel=\"noopener\">Klicka h\u00e4r f\u00f6r att komma till extern sida med mer information.<\/a><\/p>\n","protected":false},"excerpt":{"rendered":"<p>V\u00e5rdriktlinjer P\u00e5 denna sida finner du dokument och l\u00e4nkar till svenska och internationella v\u00e5rdriktlinjer och v\u00e5rdprogram kopplade till amputationsv\u00e5rd. Svenska v\u00e5rdriktlinjer Behandlingsplan f\u00f6r amputation av nedre extremitet, Sahlgrenska universitetssjukhuset Klicka h\u00e4r f\u00f6r att komma till dokument med mer information (PDF-format, 1,2 MB). H\u00e4ndelser i v\u00e5rdkedjan efter benamputation \u2013 SwedeAmps (Amputations- och protesregister f\u00f6r nedre extremiteten)&#8230; <a class=\"read-more\" href=\"https:\/\/rcsyd.se\/swedeamp\/vardriktlinjer\">L\u00e4s mer<\/a><\/p>\n","protected":false},"author":3,"featured_media":0,"parent":0,"menu_order":0,"comment_status":"closed","ping_status":"closed","template":"","meta":{"_acf_changed":false,"footnotes":""},"acf":[],"_links":{"self":[{"href":"https:\/\/rcsyd.se\/swedeamp\/wp-json\/wp\/v2\/pages\/3298"}],"collection":[{"href":"https:\/\/rcsyd.se\/swedeamp\/wp-json\/wp\/v2\/pages"}],"about":[{"href":"https:\/\/rcsyd.se\/swedeamp\/wp-json\/wp\/v2\/types\/page"}],"author":[{"embeddable":true,"href":"https:\/\/rcsyd.se\/swedeamp\/wp-json\/wp\/v2\/users\/3"}],"replies":[{"embeddable":true,"href":"https:\/\/rcsyd.se\/swedeamp\/wp-json\/wp\/v2\/comments?post=3298"}],"version-history":[{"count":13,"href":"https:\/\/rcsyd.se\/swedeamp\/wp-json\/wp\/v2\/pages\/3298\/revisions"}],"predecessor-version":[{"id":4015,"href":"https:\/\/rcsyd.se\/swedeamp\/wp-json\/wp\/v2\/pages\/3298\/revisions\/4015"}],"wp:attachment":[{"href":"https:\/\/rcsyd.se\/swedeamp\/wp-json\/wp\/v2\/media?parent=3298"}],"curies":[{"name":"wp","href":"https:\/\/api.w.org\/{rel}","templated":true}]}}