{"id":2782,"date":"2024-08-12T08:28:10","date_gmt":"2024-08-12T08:28:10","guid":{"rendered":"https:\/\/rcsyd.se\/swedeamp\/?page_id=2782"},"modified":"2024-09-18T13:28:40","modified_gmt":"2024-09-18T13:28:40","slug":"patientrapporterade-matt","status":"publish","type":"page","link":"https:\/\/rcsyd.se\/swedeamp\/om-swedeamp\/patientrapporterade-matt","title":{"rendered":"Patientrapporterade m\u00e5tt"},"content":{"rendered":"<h1>Patientrapporterade m\u00e5tt<\/h1>\n<p>Tv\u00e5 av de vanligaste patientrapporterade m\u00e5tten \u00e4r PROM (Patient Reported Outcome Measures\/patientrapporterade utfallsm\u00e5tt) och PREM (Patient Reported Experience Measures\/patientrapporterade upplevelsem\u00e5tt).<\/p>\n<p>SwedeAmp (Amputations- och protesregister f\u00f6r nedre extremiteten) samlar in flera olika PROM vid flera tidpunkter samt en PREM-fr\u00e5ga vid uppf\u00f6ljning. Gemensamt \u00e4r att dessa samlas in f\u00f6r patienter med amputation ovan fotleden.<\/p>\n<p><strong>PROM vid Baseline<\/strong> <strong>(formul\u00e4r F4)<\/strong> belyser patientens situation f\u00f6re amputationen, men samlas ofta in i n\u00e4rtid efter amputationen.<\/p>\n<p><strong>PROM och PREM vid uppf\u00f6ljning (formul\u00e4r F5)<\/strong> belyser patientens situationen 6, 12 och 24 m\u00e5nader efter amputationen. Det finns ocks\u00e5 m\u00f6jlighet att v\u00e4lja ett senare uppf\u00f6ljningstillf\u00e4lle och f\u00f6lja patienten med samma fr\u00e5gor. Om patienten genomg\u00e5r en ny amputation p\u00e5 det andra benet eller en re-amputation till h\u00f6gre niv\u00e5 p\u00e5b\u00f6rjas en ny uppf\u00f6ljningskedja utifr\u00e5n patientens nya situation.<\/p>\n<h2>PROM i SwedeAmp<\/h2>\n<p>Nedan listas de PROM som finns i SwedeAmp.<\/p>\n<h3>Boendesituation<\/h3>\n<p>Boendesituationen f\u00f6re och efter amputationen.<\/p>\n<h3>Locomotor Capability Index (LCI-5)<\/h3>\n<p>Detta \u00e4r ett fr\u00e5geformul\u00e4r som belyser patientens sj\u00e4lvskattade f\u00f6rflyttningsf\u00f6rm\u00e5ga. Fr\u00e5gorna besvaras b\u00e5de f\u00f6re och efter amputationen. Vid uppf\u00f6ljning avses f\u00f6rflyttningsf\u00f6rm\u00e5ga med protes.<\/p>\n<p>LCI-5 best\u00e5r av 14 fr\u00e5gor med vardera 5 svarsalternativ och resulterar i en Totalscore (0\u201356). Redovisning kan ocks\u00e5 ske som tv\u00e5 delskalor (0\u201328 vardera) som belyser grundl\u00e4ggande aktiviteter (till exempel att resa sig fr\u00e5n en stol, g\u00e5 inomhus, g\u00e5 utomhus p\u00e5 plant underlag och g\u00e5 \u00f6ver en trottoarkant) och kr\u00e4vande aktiviteter (till exempel g\u00e5 p\u00e5 oj\u00e4mnt underlag, g\u00e5 och samtidigt b\u00e4ra ett f\u00f6rem\u00e5l, resa sig upp fr\u00e5n golvet och g\u00e5 n\u00e5gra trappsteg utan st\u00f6d av r\u00e4cke).<\/p>\n<p>Referens: Franchignoni et al 2004, Larsson et al 2009<\/p>\n<h3>Anv\u00e4ndning av g\u00e5nghj\u00e4lpmedel<\/h3>\n<p>Detta PROM inneh\u00e5ller fr\u00e5gor som ber\u00f6r typ av g\u00e5nghj\u00e4lpmedel vid g\u00e5ende hemma respektive utomhus, b\u00e5de f\u00f6re och efter amputationen. Vid uppf\u00f6ljning avses g\u00e5ende med protes. Svarsalternativen innefattar ocks\u00e5 &#8221;Inget g\u00e5nghj\u00e4lpmedel&#8221; och &#8221;G\u00e5r inte&#8221;.<\/p>\n<h3>Anv\u00e4ndning av rullstol<\/h3>\n<p>Anv\u00e4ndning av rullstol f\u00f6re och efter amputationen.<\/p>\n<h3>Prosthetic Use Score (PUS)<\/h3>\n<p>Detta \u00e4r en delskala fr\u00e5n ett mer omfattande fr\u00e5geformul\u00e4r (Q-TFA). PUS belyser hur mycket patienten normalt sett har p\u00e5 sig protesen (antal dagar per vecka och antal timmar\/dag). PUS rapporteras som en siffra mellan 0\u2013100 d\u00e4r 100 betyder att patienten har p\u00e5 sig protesen varje dag under &gt;15 timme per dag.<\/p>\n<p>Referens: Hagberg et al 2004<\/p>\n<h3>Stumpsm\u00e4rta respektive fantomsm\u00e4rta<\/h3>\n<p>Detta PROM anv\u00e4nds f\u00f6r att ange f\u00f6rekomst av sm\u00e4rta med fyra svarsalternativ (Nej, Ja lite, Ja m\u00e5ttlig, Ja mycket). En f\u00f6ljdfr\u00e5ga om eventuell sm\u00e4rtstillande medicin eller annan behandling st\u00e4lls, men utan preciserade detaljer.<\/p>\n<h3>EQ-5D-5L<\/h3>\n<p>Detta \u00e4r ett fr\u00e5geformul\u00e4r som belyser patientens generella livskvalitet efter amputationen.<\/p>\n<p>EQ-5D-5L best\u00e5r av fem fr\u00e5gor som ber\u00f6r r\u00f6rlighet, hygien, vanliga aktiviteter, sm\u00e4rtor\/besv\u00e4r och oro\/nedst\u00e4mdhet. Varje fr\u00e5ga har fem svarsalternativ. Resultatet kan redovisas som ett index d\u00e4r kombinationen av svar resulterar i ett v\u00e4rde mellan -0,594 och 1. Ett h\u00f6gre index betyder b\u00e4ttre sj\u00e4lvskattad h\u00e4lsorelaterad livskvalitet.<\/p>\n<p>Formul\u00e4ret h\u00e4mtas ner i registerportalen eftersom det inte f\u00e5r spridas via hemsidan.<\/p>\n<p>Omfattande information om EQ-5D-5L finns p\u00e5 EuroQols hemsida.<br \/>\n<a href=\"https:\/\/euroqol.org\/information-and-support\/euroqol-instruments\/eq-5d-5l\/\" target=\"_blank\" rel=\"noopener\">Klicka h\u00e4r f\u00f6r att komma till informationen hos EuroQol.<\/a><\/p>\n<h2>PREM i SwedeAmp<\/h2>\n<h3>Fr\u00e5ga om Mentorskap<\/h3>\n<p>Detta PREM inneb\u00e4r att det vid uppf\u00f6ljning efter amputationen st\u00e4lls fr\u00e5ga om patienten f\u00e5tt m\u00f6jlighet att tr\u00e4ffa n\u00e5gon annan som ocks\u00e5 har en benamputation (f\u00f6r att till exempel st\u00e4lla fr\u00e5gor). En f\u00f6ljdfr\u00e5ga st\u00e4lls om huruvida det hade varit \u00f6nskv\u00e4rt. Fr\u00e5gan initierades av patientf\u00f6reningen RTP (Rehabilitering, Tillg\u00e4nglighet, P\u00e5verkan) Personskadef\u00f6rbundet under 2019.<\/p>\n<h2>Formul\u00e4r och fr\u00e5gor<\/h2>\n<p>Samtliga formul\u00e4r och fr\u00e5gor som samlas in finns samlade p\u00e5 hemsidan under Formul\u00e4r och Manualer.<br \/>\n<a href=\"https:\/\/rcsyd.se\/swedeamp\/registrering-och-formular\/formular-och-manualer\" rel=\"noopener\">Klicka h\u00e4r f\u00f6r att komma till formul\u00e4r och fr\u00e5gor.<\/a><\/p>\n<h2>Referenser<\/h2>\n<p>Mer information om referenserna finns p\u00e5 hemsidan under Vetenskapliga publikationer.<br \/>\n<a href=\"https:\/\/rcsyd.se\/swedeamp\/publikationer\/vetenskapliga-publikationer\" rel=\"noopener\">Klicka h\u00e4r f\u00f6r att komma till referenser.<\/a><\/p>\n","protected":false},"excerpt":{"rendered":"<p>Patientrapporterade m\u00e5tt Tv\u00e5 av de vanligaste patientrapporterade m\u00e5tten \u00e4r PROM (Patient Reported Outcome Measures\/patientrapporterade utfallsm\u00e5tt) och PREM (Patient Reported Experience Measures\/patientrapporterade upplevelsem\u00e5tt). SwedeAmp (Amputations- och protesregister f\u00f6r nedre extremiteten) samlar in flera olika PROM vid flera tidpunkter samt en PREM-fr\u00e5ga vid uppf\u00f6ljning. Gemensamt \u00e4r att dessa samlas in f\u00f6r patienter med amputation ovan fotleden. PROM&#8230; <a class=\"read-more\" href=\"https:\/\/rcsyd.se\/swedeamp\/om-swedeamp\/patientrapporterade-matt\">L\u00e4s mer<\/a><\/p>\n","protected":false},"author":3,"featured_media":0,"parent":3654,"menu_order":0,"comment_status":"closed","ping_status":"closed","template":"","meta":{"_acf_changed":false,"footnotes":""},"acf":[],"_links":{"self":[{"href":"https:\/\/rcsyd.se\/swedeamp\/wp-json\/wp\/v2\/pages\/2782"}],"collection":[{"href":"https:\/\/rcsyd.se\/swedeamp\/wp-json\/wp\/v2\/pages"}],"about":[{"href":"https:\/\/rcsyd.se\/swedeamp\/wp-json\/wp\/v2\/types\/page"}],"author":[{"embeddable":true,"href":"https:\/\/rcsyd.se\/swedeamp\/wp-json\/wp\/v2\/users\/3"}],"replies":[{"embeddable":true,"href":"https:\/\/rcsyd.se\/swedeamp\/wp-json\/wp\/v2\/comments?post=2782"}],"version-history":[{"count":11,"href":"https:\/\/rcsyd.se\/swedeamp\/wp-json\/wp\/v2\/pages\/2782\/revisions"}],"predecessor-version":[{"id":3760,"href":"https:\/\/rcsyd.se\/swedeamp\/wp-json\/wp\/v2\/pages\/2782\/revisions\/3760"}],"up":[{"embeddable":true,"href":"https:\/\/rcsyd.se\/swedeamp\/wp-json\/wp\/v2\/pages\/3654"}],"wp:attachment":[{"href":"https:\/\/rcsyd.se\/swedeamp\/wp-json\/wp\/v2\/media?parent=2782"}],"curies":[{"name":"wp","href":"https:\/\/api.w.org\/{rel}","templated":true}]}}