{"id":2707,"date":"2024-08-12T08:31:25","date_gmt":"2024-08-12T08:31:25","guid":{"rendered":"https:\/\/rcsyd.se\/swedeamp\/?page_id=2707"},"modified":"2024-09-05T11:47:53","modified_gmt":"2024-09-05T11:47:53","slug":"bakgrund-och-syfte","status":"publish","type":"page","link":"https:\/\/rcsyd.se\/swedeamp\/om-swedeamp\/bakgrund-och-syfte","title":{"rendered":"Bakgrund och syfte"},"content":{"rendered":"<h1>Bakgrund och syfte<\/h1>\n<h2>Bakgrund<\/h2>\n<p>\u00c5rligen g\u00f6rs cirka 3000 amputationer p\u00e5 nedre extremiteten i Sverige. Av dessa \u00e4r cirka 35 % genom kn\u00e4leden eller h\u00f6gre, cirka 40 % p\u00e5 underbenet och cirka 25 % nedanf\u00f6r eller genom fotleden.<\/p>\n<p>Orsakerna till amputation \u00e4r<\/p>\n<ul>\n<li>diabetes med eller utan k\u00e4rlsjukdom (n\u00e4stan 50 % av fallen)<\/li>\n<li>perifer k\u00e4rlsjukdom utan diabetes (knappt 40 % av fallen)<\/li>\n<li>\u00f6vriga diagnoser, till exempel trauma, tum\u00f6r eller missbildningar (cirka 15 % av fallen).<\/li>\n<\/ul>\n<p>Indikationerna f\u00f6r amputation \u00e4r relativt enhetliga i den svenska sjukv\u00e5rden, men kan till\u00e4mpas mycket olika och amputationsniv\u00e5erna, \u00e4ven p\u00e5 samma indikation, varierar mellan olika sjukhus p\u00e5 ett oacceptabelt s\u00e4tt. Djupare analys av detta har tidigare inte varit m\u00f6jlig.<br \/>\nAmputationsniv\u00e5n har f\u00f6r\u00e4ndrats fr\u00e5n proximal niv\u00e5 till allt fler distala amputationer, men stora lokala skillnader finns b\u00e5de nationellt och internationellt.<br \/>\nDet finns endast ett f\u00e5tal lokala studier som beskriver protesf\u00f6rs\u00f6rjning och rehabilitering. Riktlinjer saknas f\u00f6r s\u00e5v\u00e4l indikation och val av niv\u00e5 som f\u00f6r optimal protesf\u00f6rs\u00f6rjning och rehabilitering.<\/p>\n<p>Arbetet med att starta ett register f\u00f6r amputation, protesf\u00f6rs\u00f6rjning och rehabilitering startades 2008 av Bengt S\u00f6derberg och finansierades av Skandinaviska Ortopedtekniska Laboratoriet. N\u00e4r Sveriges Kommuner och Regioner 2011 godk\u00e4nde registret, d\u00e5 med namnet SwedeAmp, som ett nationellt kvalitetsregister gick finansieringen \u00f6ver i statlig regi.<\/p>\n<h2>Syfte<\/h2>\n<p>Registret har ett tydligt multidisciplin\u00e4rt fokus och ger m\u00f6jlighet till f\u00f6rb\u00e4ttringsarbete b\u00e5de inom och mellan olika v\u00e5rdteam. Under 2019 etablerade styrgruppen f\u00f6r SwedeAmp en arbetsgrupp f\u00f6r att ta fram nationella riktlinjer f\u00f6r amputationer i syfte att f\u00f6rb\u00e4ttra och g\u00f6ra v\u00e5rden mer j\u00e4mlik.<\/p>\n<p>Som med alla register blir kvaliteten p\u00e5 den information man kan f\u00e5 ut beroende av hur m\u00e5nga som registrerar. Styrgruppen vill uppmana alla yrkesgrupper, fr\u00e5n ortopeden som amputerar till ortopedingenj\u00f6ren som tillverkar och provar ut protesen till fysioterapeuten som hj\u00e4lper patienten att tr\u00e4na, att registrera i SwedeAmp. Vi kan p\u00e5 detta s\u00e4tt se till att alla patienter f\u00e5r s\u00e5 bra v\u00e5rd som m\u00f6jligt.<br \/>\nAlla amputationer registreras, man beh\u00f6ver inte p\u00e5 f\u00f6rhand ha best\u00e4mt om det blir protes eller ej. Vem som blir protesg\u00e5ngare \u00e4r ocks\u00e5 en av de faktorer som sedan kan analyseras med hj\u00e4lp av registerdata.<\/p>\n","protected":false},"excerpt":{"rendered":"<p>Bakgrund och syfte Bakgrund \u00c5rligen g\u00f6rs cirka 3000 amputationer p\u00e5 nedre extremiteten i Sverige. Av dessa \u00e4r cirka 35 % genom kn\u00e4leden eller h\u00f6gre, cirka 40 % p\u00e5 underbenet och cirka 25 % nedanf\u00f6r eller genom fotleden. Orsakerna till amputation \u00e4r diabetes med eller utan k\u00e4rlsjukdom (n\u00e4stan 50 % av fallen) perifer k\u00e4rlsjukdom utan diabetes&#8230; <a class=\"read-more\" href=\"https:\/\/rcsyd.se\/swedeamp\/om-swedeamp\/bakgrund-och-syfte\">L\u00e4s mer<\/a><\/p>\n","protected":false},"author":3,"featured_media":0,"parent":3654,"menu_order":0,"comment_status":"closed","ping_status":"closed","template":"","meta":{"_acf_changed":false,"footnotes":""},"acf":[],"_links":{"self":[{"href":"https:\/\/rcsyd.se\/swedeamp\/wp-json\/wp\/v2\/pages\/2707"}],"collection":[{"href":"https:\/\/rcsyd.se\/swedeamp\/wp-json\/wp\/v2\/pages"}],"about":[{"href":"https:\/\/rcsyd.se\/swedeamp\/wp-json\/wp\/v2\/types\/page"}],"author":[{"embeddable":true,"href":"https:\/\/rcsyd.se\/swedeamp\/wp-json\/wp\/v2\/users\/3"}],"replies":[{"embeddable":true,"href":"https:\/\/rcsyd.se\/swedeamp\/wp-json\/wp\/v2\/comments?post=2707"}],"version-history":[{"count":10,"href":"https:\/\/rcsyd.se\/swedeamp\/wp-json\/wp\/v2\/pages\/2707\/revisions"}],"predecessor-version":[{"id":3734,"href":"https:\/\/rcsyd.se\/swedeamp\/wp-json\/wp\/v2\/pages\/2707\/revisions\/3734"}],"up":[{"embeddable":true,"href":"https:\/\/rcsyd.se\/swedeamp\/wp-json\/wp\/v2\/pages\/3654"}],"wp:attachment":[{"href":"https:\/\/rcsyd.se\/swedeamp\/wp-json\/wp\/v2\/media?parent=2707"}],"curies":[{"name":"wp","href":"https:\/\/api.w.org\/{rel}","templated":true}]}}