{"id":3512,"date":"2024-09-05T10:47:36","date_gmt":"2024-09-05T10:47:36","guid":{"rendered":"https:\/\/rcsyd.se\/ssar\/?page_id=3512"},"modified":"2024-09-17T09:43:54","modified_gmt":"2024-09-17T09:43:54","slug":"aktuell-statistik","status":"publish","type":"page","link":"https:\/\/rcsyd.se\/ssar\/aktuell-statistik","title":{"rendered":"Aktuell statistik"},"content":{"rendered":"<h1>Aktuell statistik<\/h1>\n<p>Svenska Skulder- och Armb\u00e5gsregistret (SSAR) finns hos V\u00e5rden i siffror med f\u00f6ljande fyra indikatorer:<\/p>\n<ul>\n<li>Patientskattat resultat 1 \u00e5r efter operation med ledprotes i axelleden<\/li>\n<li>Operation med ledprotes i axelleden inom tv\u00e5 veckor efter fraktur i \u00f6verarmen<\/li>\n<li>N\u00f6jdhet 1 \u00e5r efter operation med ledprotes i axelleden<\/li>\n<li>Patientskattat resultat 5 \u00e5r efter operation med ledprotes i axelleden<\/li>\n<\/ul>\n<p><a href=\"https:\/\/vardenisiffror.se\/jamfor\/kallsystem\/0ea9046b-4544-4882-be0d-e4998c3ea1c4?units=07&amp;units=23&amp;units=01&amp;units=04&amp;units=22&amp;units=18&amp;units=13&amp;units=03&amp;units=08&amp;units=05&amp;units=19&amp;units=17&amp;units=20&amp;units=24&amp;units=12&amp;units=09&amp;units=06&amp;units=21&amp;units=25&amp;units=14&amp;units=10&amp;units=se\" target=\"_blank\" rel=\"noopener\">Klicka h\u00e4r f\u00f6r att komma till indikatorerna.<\/a><\/p>\n<p><script type=\"text\/javascript\" src=\"https:\/\/app.comporto.se\/inc\/jquery-1.5.1.min.js\"><\/script>\r\n<script>function loadChartHTML(target,link,w,h,params){$(\"#\"+target).load(link+\"?w=\"+w+\"&h=\"+h+params);}<\/script>\r\n<script src=\"https:\/\/app.comporto.se\/uploads\/facelift\/js\/Chart.min.js\"><\/script>\r\n<script src=\"https:\/\/cdnjs.cloudflare.com\/ajax\/libs\/jspdf\/1.3.4\/jspdf.min.js\"><\/script><\/p>\n<p><div id=\"box\"><b>H\u00e4mtar data - <a href=\"https:\/\/centurion.comporto.se\/svc\/ssar\/nypatient\/?w=800&h=350&js=1\">Patientregistrering senaste tre kalender\u00e5r<\/a><\/b><\/div>\r\n<script>$(document).ready(function(){loadChartHTML(\"box\",\"https:\/\/centurion.comporto.se\/svc\/ssar\/nypatient\/\",800,350,\"\");});<\/script><\/p>\n","protected":false},"excerpt":{"rendered":"<p>Aktuell statistik Svenska Skulder- och Armb\u00e5gsregistret (SSAR) finns hos V\u00e5rden i siffror med f\u00f6ljande fyra indikatorer: Patientskattat resultat 1 \u00e5r efter operation med ledprotes i axelleden Operation med ledprotes i axelleden inom tv\u00e5 veckor efter fraktur i \u00f6verarmen N\u00f6jdhet 1 \u00e5r efter operation med ledprotes i axelleden Patientskattat resultat 5 \u00e5r efter operation med ledprotes&#8230; <a class=\"read-more\" href=\"https:\/\/rcsyd.se\/ssar\/aktuell-statistik\">L\u00e4s mer<\/a><\/p>\n","protected":false},"author":3,"featured_media":0,"parent":0,"menu_order":0,"comment_status":"closed","ping_status":"closed","template":"","meta":{"_acf_changed":false,"footnotes":""},"acf":[],"_links":{"self":[{"href":"https:\/\/rcsyd.se\/ssar\/wp-json\/wp\/v2\/pages\/3512"}],"collection":[{"href":"https:\/\/rcsyd.se\/ssar\/wp-json\/wp\/v2\/pages"}],"about":[{"href":"https:\/\/rcsyd.se\/ssar\/wp-json\/wp\/v2\/types\/page"}],"author":[{"embeddable":true,"href":"https:\/\/rcsyd.se\/ssar\/wp-json\/wp\/v2\/users\/3"}],"replies":[{"embeddable":true,"href":"https:\/\/rcsyd.se\/ssar\/wp-json\/wp\/v2\/comments?post=3512"}],"version-history":[{"count":3,"href":"https:\/\/rcsyd.se\/ssar\/wp-json\/wp\/v2\/pages\/3512\/revisions"}],"predecessor-version":[{"id":3525,"href":"https:\/\/rcsyd.se\/ssar\/wp-json\/wp\/v2\/pages\/3512\/revisions\/3525"}],"wp:attachment":[{"href":"https:\/\/rcsyd.se\/ssar\/wp-json\/wp\/v2\/media?parent=3512"}],"curies":[{"name":"wp","href":"https:\/\/api.w.org\/{rel}","templated":true}]}}