{"id":3438,"date":"2024-08-21T11:00:36","date_gmt":"2024-08-21T11:00:36","guid":{"rendered":"https:\/\/rcsyd.se\/ssar\/?page_id=3438"},"modified":"2025-02-17T11:42:56","modified_gmt":"2025-02-17T11:42:56","slug":"arsrapporter","status":"publish","type":"page","link":"https:\/\/rcsyd.se\/ssar\/publikationer\/arsrapporter","title":{"rendered":"\u00c5rsrapporter"},"content":{"rendered":"<h1>\u00c5rsrapporter<\/h1>\n<p>I nedladdningsboxen p\u00e5 denna sida finner du nedladdningsbara \u00e5rsrapporter fr\u00e5n Svenska Skulder- och Armb\u00e5gsregistret.<\/p>\n<h2>Dynamiska \u00e5rsrapporter<\/h2>\n<p>Ut\u00f6ver Svenska Skulder- och Armb\u00e5gsregistrets \u00e5rliga \u00e5rsrapportsdokument finns \u00e4ven dynamiska \u00e5rsrapporter tillg\u00e4ngliga. De dynamiska \u00e5rsrapporterna kompletterar diagrammen i registrets \u00e5rsrapportsdokument och ger en m\u00f6jlighet att anpassa diagrammen efter egna intressen.<\/p>\n<p><a href=\"https:\/\/www.ssar-rapport.se\/SAAR_web\/\" target=\"_blank\" rel=\"noopener\">Klicka h\u00e4r f\u00f6r att komma till hemsidan f\u00f6r dynamiska \u00e5rsrapporter.<\/a><\/p>\n","protected":false},"excerpt":{"rendered":"<p>\u00c5rsrapporter I nedladdningsboxen p\u00e5 denna sida finner du nedladdningsbara \u00e5rsrapporter fr\u00e5n Svenska Skulder- och Armb\u00e5gsregistret. Dynamiska \u00e5rsrapporter Ut\u00f6ver Svenska Skulder- och Armb\u00e5gsregistrets \u00e5rliga \u00e5rsrapportsdokument finns \u00e4ven dynamiska \u00e5rsrapporter tillg\u00e4ngliga. De dynamiska \u00e5rsrapporterna kompletterar diagrammen i registrets \u00e5rsrapportsdokument och ger en m\u00f6jlighet att anpassa diagrammen efter egna intressen. Klicka h\u00e4r f\u00f6r att komma till hemsidan f\u00f6r&#8230; <a class=\"read-more\" href=\"https:\/\/rcsyd.se\/ssar\/publikationer\/arsrapporter\">L\u00e4s mer<\/a><\/p>\n","protected":false},"author":3,"featured_media":0,"parent":3434,"menu_order":0,"comment_status":"closed","ping_status":"closed","template":"","meta":{"_acf_changed":false,"footnotes":""},"acf":[],"_links":{"self":[{"href":"https:\/\/rcsyd.se\/ssar\/wp-json\/wp\/v2\/pages\/3438"}],"collection":[{"href":"https:\/\/rcsyd.se\/ssar\/wp-json\/wp\/v2\/pages"}],"about":[{"href":"https:\/\/rcsyd.se\/ssar\/wp-json\/wp\/v2\/types\/page"}],"author":[{"embeddable":true,"href":"https:\/\/rcsyd.se\/ssar\/wp-json\/wp\/v2\/users\/3"}],"replies":[{"embeddable":true,"href":"https:\/\/rcsyd.se\/ssar\/wp-json\/wp\/v2\/comments?post=3438"}],"version-history":[{"count":3,"href":"https:\/\/rcsyd.se\/ssar\/wp-json\/wp\/v2\/pages\/3438\/revisions"}],"predecessor-version":[{"id":3541,"href":"https:\/\/rcsyd.se\/ssar\/wp-json\/wp\/v2\/pages\/3438\/revisions\/3541"}],"up":[{"embeddable":true,"href":"https:\/\/rcsyd.se\/ssar\/wp-json\/wp\/v2\/pages\/3434"}],"wp:attachment":[{"href":"https:\/\/rcsyd.se\/ssar\/wp-json\/wp\/v2\/media?parent=3438"}],"curies":[{"name":"wp","href":"https:\/\/api.w.org\/{rel}","templated":true}]}}