{"id":3434,"date":"2024-08-21T11:19:26","date_gmt":"2024-08-21T11:19:26","guid":{"rendered":"https:\/\/rcsyd.se\/ssar\/?page_id=3434"},"modified":"2024-08-21T11:19:26","modified_gmt":"2024-08-21T11:19:26","slug":"publikationer","status":"publish","type":"page","link":"https:\/\/rcsyd.se\/ssar\/publikationer","title":{"rendered":"Publikationer"},"content":{"rendered":"<h1>Publikationer<\/h1>\n<p>Via menyn till v\u00e4nster kan du hitta olika typer av publikationer som Svenska Skulder- och Armb\u00e5gsregistret f\u00f6rfattat eller deltagit i.<\/p>\n","protected":false},"excerpt":{"rendered":"<p>Publikationer Via menyn till v\u00e4nster kan du hitta olika typer av publikationer som Svenska Skulder- och Armb\u00e5gsregistret f\u00f6rfattat eller deltagit i.<\/p>\n","protected":false},"author":3,"featured_media":0,"parent":0,"menu_order":0,"comment_status":"closed","ping_status":"closed","template":"","meta":{"_acf_changed":false,"footnotes":""},"acf":[],"_links":{"self":[{"href":"https:\/\/rcsyd.se\/ssar\/wp-json\/wp\/v2\/pages\/3434"}],"collection":[{"href":"https:\/\/rcsyd.se\/ssar\/wp-json\/wp\/v2\/pages"}],"about":[{"href":"https:\/\/rcsyd.se\/ssar\/wp-json\/wp\/v2\/types\/page"}],"author":[{"embeddable":true,"href":"https:\/\/rcsyd.se\/ssar\/wp-json\/wp\/v2\/users\/3"}],"replies":[{"embeddable":true,"href":"https:\/\/rcsyd.se\/ssar\/wp-json\/wp\/v2\/comments?post=3434"}],"version-history":[{"count":1,"href":"https:\/\/rcsyd.se\/ssar\/wp-json\/wp\/v2\/pages\/3434\/revisions"}],"predecessor-version":[{"id":3435,"href":"https:\/\/rcsyd.se\/ssar\/wp-json\/wp\/v2\/pages\/3434\/revisions\/3435"}],"wp:attachment":[{"href":"https:\/\/rcsyd.se\/ssar\/wp-json\/wp\/v2\/media?parent=3434"}],"curies":[{"name":"wp","href":"https:\/\/api.w.org\/{rel}","templated":true}]}}