{"id":3423,"date":"2024-08-21T11:04:37","date_gmt":"2024-08-21T11:04:37","guid":{"rendered":"https:\/\/rcsyd.se\/ssar\/?page_id=3423"},"modified":"2024-08-21T11:07:45","modified_gmt":"2024-08-21T11:07:45","slug":"manualer-och-formular","status":"publish","type":"page","link":"https:\/\/rcsyd.se\/ssar\/registrering\/manualer-och-formular","title":{"rendered":"Manualer och formul\u00e4r"},"content":{"rendered":"<h1>Manualer och formul\u00e4r<\/h1>\n<p>Via menyn till v\u00e4nster finner du manualer, formul\u00e4r, koder och annat registreringsrelaterat material kopplat till respektive delregister inom Svenska Skulder- och Armb\u00e5gsregistret.<\/p>\n","protected":false},"excerpt":{"rendered":"<p>Manualer och formul\u00e4r Via menyn till v\u00e4nster finner du manualer, formul\u00e4r, koder och annat registreringsrelaterat material kopplat till respektive delregister inom Svenska Skulder- och Armb\u00e5gsregistret.<\/p>\n","protected":false},"author":3,"featured_media":0,"parent":3418,"menu_order":0,"comment_status":"closed","ping_status":"closed","template":"","meta":{"_acf_changed":false,"footnotes":""},"acf":[],"_links":{"self":[{"href":"https:\/\/rcsyd.se\/ssar\/wp-json\/wp\/v2\/pages\/3423"}],"collection":[{"href":"https:\/\/rcsyd.se\/ssar\/wp-json\/wp\/v2\/pages"}],"about":[{"href":"https:\/\/rcsyd.se\/ssar\/wp-json\/wp\/v2\/types\/page"}],"author":[{"embeddable":true,"href":"https:\/\/rcsyd.se\/ssar\/wp-json\/wp\/v2\/users\/3"}],"replies":[{"embeddable":true,"href":"https:\/\/rcsyd.se\/ssar\/wp-json\/wp\/v2\/comments?post=3423"}],"version-history":[{"count":1,"href":"https:\/\/rcsyd.se\/ssar\/wp-json\/wp\/v2\/pages\/3423\/revisions"}],"predecessor-version":[{"id":3424,"href":"https:\/\/rcsyd.se\/ssar\/wp-json\/wp\/v2\/pages\/3423\/revisions\/3424"}],"up":[{"embeddable":true,"href":"https:\/\/rcsyd.se\/ssar\/wp-json\/wp\/v2\/pages\/3418"}],"wp:attachment":[{"href":"https:\/\/rcsyd.se\/ssar\/wp-json\/wp\/v2\/media?parent=3423"}],"curies":[{"name":"wp","href":"https:\/\/api.w.org\/{rel}","templated":true}]}}