{"id":3417,"date":"2024-08-21T11:03:43","date_gmt":"2024-08-21T11:03:43","guid":{"rendered":"https:\/\/rcsyd.se\/ssar\/?page_id=3417"},"modified":"2024-08-21T11:03:51","modified_gmt":"2024-08-21T11:03:51","slug":"registerplattform","status":"publish","type":"page","link":"https:\/\/rcsyd.se\/ssar\/registrering\/registerplattform","title":{"rendered":"Registerplattform"},"content":{"rendered":"<h1>Registerplattform<\/h1>\n<p>Registerplattformen f\u00f6r Svenska Skulder- och Armb\u00e5gsregistret heter 3C.<\/p>\n<p><a href=\"https:\/\/rcsyd.se\/om-register\/it-losningar-och-driftinformation\/teknik-och-registerplattformar\" target=\"_blank\" rel=\"noopener noreferrer\">Klicka h\u00e4r f\u00f6r att komma till mer information om plattformen p\u00e5 Registercentrum Syds hemsida<\/a>.<\/p>\n<h2>Inloggning<\/h2>\n<p><a href=\"https:\/\/www.eyenetreg.se\/PLP\/\" target=\"_blank\" rel=\"noopener\">Klicka h\u00e4r f\u00f6r att komma till registrets inloggningssida<\/a>.<\/p>\n<p>Du kan ocks\u00e5 klicka p\u00e5 Svenska Skulder- och Armb\u00e5gsregistrets hemsida i menyn d\u00e4r det st\u00e5r \u201dLogga in\u201d.<\/p>\n","protected":false},"excerpt":{"rendered":"<p>Registerplattform Registerplattformen f\u00f6r Svenska Skulder- och Armb\u00e5gsregistret heter 3C. Klicka h\u00e4r f\u00f6r att komma till mer information om plattformen p\u00e5 Registercentrum Syds hemsida. Inloggning Klicka h\u00e4r f\u00f6r att komma till registrets inloggningssida. Du kan ocks\u00e5 klicka p\u00e5 Svenska Skulder- och Armb\u00e5gsregistrets hemsida i menyn d\u00e4r det st\u00e5r \u201dLogga in\u201d.<\/p>\n","protected":false},"author":3,"featured_media":0,"parent":3418,"menu_order":0,"comment_status":"closed","ping_status":"closed","template":"","meta":{"_acf_changed":false,"footnotes":""},"acf":[],"_links":{"self":[{"href":"https:\/\/rcsyd.se\/ssar\/wp-json\/wp\/v2\/pages\/3417"}],"collection":[{"href":"https:\/\/rcsyd.se\/ssar\/wp-json\/wp\/v2\/pages"}],"about":[{"href":"https:\/\/rcsyd.se\/ssar\/wp-json\/wp\/v2\/types\/page"}],"author":[{"embeddable":true,"href":"https:\/\/rcsyd.se\/ssar\/wp-json\/wp\/v2\/users\/3"}],"replies":[{"embeddable":true,"href":"https:\/\/rcsyd.se\/ssar\/wp-json\/wp\/v2\/comments?post=3417"}],"version-history":[{"count":1,"href":"https:\/\/rcsyd.se\/ssar\/wp-json\/wp\/v2\/pages\/3417\/revisions"}],"predecessor-version":[{"id":3420,"href":"https:\/\/rcsyd.se\/ssar\/wp-json\/wp\/v2\/pages\/3417\/revisions\/3420"}],"up":[{"embeddable":true,"href":"https:\/\/rcsyd.se\/ssar\/wp-json\/wp\/v2\/pages\/3418"}],"wp:attachment":[{"href":"https:\/\/rcsyd.se\/ssar\/wp-json\/wp\/v2\/media?parent=3417"}],"curies":[{"name":"wp","href":"https:\/\/api.w.org\/{rel}","templated":true}]}}