{"id":3410,"date":"2024-08-21T07:12:00","date_gmt":"2024-08-21T07:12:00","guid":{"rendered":"https:\/\/rcsyd.se\/ssar\/?page_id=3410"},"modified":"2024-08-21T07:12:00","modified_gmt":"2024-08-21T07:12:00","slug":"forskning","status":"publish","type":"page","link":"https:\/\/rcsyd.se\/ssar\/forskning","title":{"rendered":"Forskning"},"content":{"rendered":"<h1>Forskning<\/h1>\n<p>P\u00e5 denna sida hittar du information om f\u00f6rb\u00e4ttringsarbete, analys, data och forskning inom Svenska Skulder- och Armb\u00e5gsregistret.<\/p>\n<h2>Information som f\u00f6rklarar processen vid registerforskning<\/h2>\n<p>Svenska Skulder- och Armb\u00e5gsregistret har tagit fram information och ans\u00f6kningsblanketter som beskriver hur du som forskare g\u00f6r f\u00f6r att ans\u00f6ka om att forska p\u00e5 data fr\u00e5n registret. Klicka p\u00e5 respektive l\u00e4nk nedan f\u00f6r mer information.<\/p>\n<p><a href=\"https:\/\/rcsyd.se\/ssar\/wp-content\/uploads\/sites\/17\/2023\/12\/Snabbguide-for-registerforskare-om-ansokan-om-registerdatauttag.pdf\" target=\"_blank\" rel=\"noopener\">Snabbguide till forskare om utl\u00e4mnande av kvalitetsregisterdata f\u00f6r forskning<\/a> (PDF-format, 260 kB).<\/p>\n<p><a href=\"https:\/\/rcsyd.se\/ssar\/wp-content\/uploads\/sites\/17\/2023\/12\/Vagledning-for-utlamnande-av-registeruppgifter-for-forskning.pdf\" target=\"_blank\" rel=\"noopener\">V\u00e4gledning och information kring utl\u00e4mnande av kvalitetsregisteruppgifter f\u00f6r forskning<\/a> (PDF-format 237 kB).<\/p>\n<p><a href=\"https:\/\/rcsyd.se\/ssar\/wp-content\/uploads\/sites\/17\/2023\/12\/Mall-for-ansokan-om-datauttag-for-forskning-i-Svenska-Skulder-och-Armbagsregistret.pdf\" target=\"_blank\" rel=\"noopener\">Ans\u00f6kan om registeruppgifter fr\u00e5n Svenska Skulder- och Armb\u00e5gsregistret f\u00f6r forsknings\u00e4ndam\u00e5l<\/a> (PDF-format, 130 kB).<\/p>\n<p>Innan ans\u00f6kan g\u00f6rs, kontakta registerh\u00e5llaren f\u00f6r avst\u00e4mning.<\/p>\n","protected":false},"excerpt":{"rendered":"<p>Forskning P\u00e5 denna sida hittar du information om f\u00f6rb\u00e4ttringsarbete, analys, data och forskning inom Svenska Skulder- och Armb\u00e5gsregistret. Information som f\u00f6rklarar processen vid registerforskning Svenska Skulder- och Armb\u00e5gsregistret har tagit fram information och ans\u00f6kningsblanketter som beskriver hur du som forskare g\u00f6r f\u00f6r att ans\u00f6ka om att forska p\u00e5 data fr\u00e5n registret. Klicka p\u00e5 respektive l\u00e4nk&#8230; <a class=\"read-more\" href=\"https:\/\/rcsyd.se\/ssar\/forskning\">L\u00e4s mer<\/a><\/p>\n","protected":false},"author":3,"featured_media":0,"parent":0,"menu_order":0,"comment_status":"closed","ping_status":"closed","template":"","meta":{"_acf_changed":false,"footnotes":""},"acf":[],"_links":{"self":[{"href":"https:\/\/rcsyd.se\/ssar\/wp-json\/wp\/v2\/pages\/3410"}],"collection":[{"href":"https:\/\/rcsyd.se\/ssar\/wp-json\/wp\/v2\/pages"}],"about":[{"href":"https:\/\/rcsyd.se\/ssar\/wp-json\/wp\/v2\/types\/page"}],"author":[{"embeddable":true,"href":"https:\/\/rcsyd.se\/ssar\/wp-json\/wp\/v2\/users\/3"}],"replies":[{"embeddable":true,"href":"https:\/\/rcsyd.se\/ssar\/wp-json\/wp\/v2\/comments?post=3410"}],"version-history":[{"count":1,"href":"https:\/\/rcsyd.se\/ssar\/wp-json\/wp\/v2\/pages\/3410\/revisions"}],"predecessor-version":[{"id":3411,"href":"https:\/\/rcsyd.se\/ssar\/wp-json\/wp\/v2\/pages\/3410\/revisions\/3411"}],"wp:attachment":[{"href":"https:\/\/rcsyd.se\/ssar\/wp-json\/wp\/v2\/media?parent=3410"}],"curies":[{"name":"wp","href":"https:\/\/api.w.org\/{rel}","templated":true}]}}