{"id":3408,"date":"2024-08-21T07:10:17","date_gmt":"2024-08-21T07:10:17","guid":{"rendered":"https:\/\/rcsyd.se\/ssar\/?page_id=3408"},"modified":"2025-03-17T08:16:00","modified_gmt":"2025-03-17T08:16:00","slug":"patientinformation","status":"publish","type":"page","link":"https:\/\/rcsyd.se\/ssar\/patientinformation","title":{"rendered":"Patientinformation"},"content":{"rendered":"<h1>Patientinformation<\/h1>\n<p>P\u00e5 denna sida hittar du information om vad som g\u00e4ller f\u00f6r dig som patient om du \u00e4r med i Svenska Skulder- och Armb\u00e5gsregistret.<\/p>\n<p><a href=\"https:\/\/rcsyd.se\/ssar\/wp-content\/uploads\/sites\/17\/2023\/12\/Patientinformation-om-SSAR.pdf\" target=\"_blank\" rel=\"noopener\">Klicka h\u00e4r f\u00f6r att l\u00e4sa mer detaljerad patientinformation<\/a> (PDF-format, 69 kB).<\/p>\n<h2>Om du vill g\u00e5 ur registret<\/h2>\n<p>Som patient har du r\u00e4tt att sj\u00e4lv v\u00e4lja om du vill slippa uppf\u00f6ljningar och brev fr\u00e5n registret. Om du g\u00e5r ur registret inneb\u00e4r det att vi inte f\u00e5r registrera kommande unders\u00f6kningar. P\u00e5minn din l\u00e4kare att du g\u00e5tt ur registret vid varje nytt ingrepp som kan vara aktuellt f\u00f6r registrering. Du kan ocks\u00e5 v\u00e4lja att f\u00e5 all information som registrerats om dig i registret raderad.<\/p>\n<p><a href=\"https:\/\/rcsyd.se\/ssar\/wp-content\/uploads\/sites\/17\/2023\/12\/Begaran-om-registerutdrag.pdf\" target=\"_blank\" rel=\"noopener\">Klicka h\u00e4r f\u00f6r att ladda ner blankett f\u00f6r beg\u00e4ran om registerutdrag<\/a> (PDF-format, 147 kB)<\/p>\n<p><a href=\"https:\/\/rcsyd.se\/ssar\/wp-content\/uploads\/sites\/17\/2023\/12\/Information-om-att-ga-ur-registret.pdf\" target=\"_blank\" rel=\"noopener\">Klicka h\u00e4r f\u00f6r att ladda ner blankett f\u00f6r beg\u00e4ran om uttr\u00e4de ur registret<\/a> (PDF-format, 149 kB)<\/p>\n<h2>Centralt personuppgiftsansvar<\/h2>\n<p>Region Sk\u00e5ne \u00e4r sedan januari 2025 centralt personuppgiftsansvarig (CPUA) f\u00f6r Svenska Skulder- och Armb\u00e5gsregistret ist\u00e4llet f\u00f6r Danderyds Sjukhus AB som var registrets tidigare <abbr title=\"centralt personuppgiftsansvarig\">CPUA<\/abbr>. Det inneb\u00e4r att Region Sk\u00e5ne har \u00f6vertagit ansvaret f\u00f6r att personuppgifter hanteras p\u00e5 ett r\u00e4ttss\u00e4kert och kvalitetss\u00e4kert s\u00e4tt efter att de f\u00f6rts in i registret. Bytet utg\u00f6r en del av en nationell strategi f\u00f6r att skapa en mer enhetlig organisation f\u00f6r nationella kvalitetsregister genom konsolidering av befintliga <abbr title=\"centralt personuppgiftsansvarig\">CPUA<\/abbr>-myndigheter.<\/p>\n<p>Bytet av <abbr title=\"centralt personuppgiftsansvarig\">CPUA<\/abbr>-myndighet medf\u00f6r inte n\u00e5gon f\u00f6r\u00e4ndring av dina r\u00e4ttigheter enligt Dataskyddsf\u00f6rordningen. Du har r\u00e4tt att beg\u00e4ra r\u00e4ttelse, begr\u00e4nsning och dataportabilitet (r\u00e4tten att f\u00e5 ut och anv\u00e4nda dina personuppgifter p\u00e5 annat h\u00e5ll) eller att inv\u00e4nda mot behandlingen av dina personuppgifter. Du har \u00e4ven m\u00f6jlighet att v\u00e4nda dig till Integritetsskyddsmyndigheten (IMY) med klagom\u00e5l g\u00e4llande behandlingen av personuppgifter.<\/p>\n<p>Du har r\u00e4tt att beg\u00e4ra att dina uppgifter tas bort fr\u00e5n Svenska Skulder- och Armb\u00e5gsregistret om du vill det. Uppgifterna omfattas \u00e4ven fortsatt av sekretess enligt Offentlighets- och sekretesslagen hos Region Sk\u00e5ne.<\/p>\n<p>Vid fr\u00e5gor om bytet av <abbr title=\"centralt personuppgiftsansvarig\">CPUA<\/abbr>-myndighet och behandlingen av dina personuppgifter kan du kontakta Region Sk\u00e5ne eller Danderyds sjukhus, se kontaktuppgifter nedan.<\/p>\n<h3>Kontaktuppgifter<\/h3>\n<p>Region Sk\u00e5ne: <a href=\"mailto:cpua@skane.se\">cpua@skane.se<\/a><br \/>\nDanderyds sjukhus: <a href=\"mailto:dso.ds@regionstockholm.se\">dso.ds@regionstockholm.se<\/a><\/p>\n","protected":false},"excerpt":{"rendered":"<p>Patientinformation P\u00e5 denna sida hittar du information om vad som g\u00e4ller f\u00f6r dig som patient om du \u00e4r med i Svenska Skulder- och Armb\u00e5gsregistret. Klicka h\u00e4r f\u00f6r att l\u00e4sa mer detaljerad patientinformation (PDF-format, 69 kB). Om du vill g\u00e5 ur registret Som patient har du r\u00e4tt att sj\u00e4lv v\u00e4lja om du vill slippa uppf\u00f6ljningar och&#8230; <a class=\"read-more\" href=\"https:\/\/rcsyd.se\/ssar\/patientinformation\">L\u00e4s mer<\/a><\/p>\n","protected":false},"author":3,"featured_media":0,"parent":0,"menu_order":0,"comment_status":"closed","ping_status":"closed","template":"","meta":{"_acf_changed":false,"footnotes":""},"acf":[],"_links":{"self":[{"href":"https:\/\/rcsyd.se\/ssar\/wp-json\/wp\/v2\/pages\/3408"}],"collection":[{"href":"https:\/\/rcsyd.se\/ssar\/wp-json\/wp\/v2\/pages"}],"about":[{"href":"https:\/\/rcsyd.se\/ssar\/wp-json\/wp\/v2\/types\/page"}],"author":[{"embeddable":true,"href":"https:\/\/rcsyd.se\/ssar\/wp-json\/wp\/v2\/users\/3"}],"replies":[{"embeddable":true,"href":"https:\/\/rcsyd.se\/ssar\/wp-json\/wp\/v2\/comments?post=3408"}],"version-history":[{"count":7,"href":"https:\/\/rcsyd.se\/ssar\/wp-json\/wp\/v2\/pages\/3408\/revisions"}],"predecessor-version":[{"id":3551,"href":"https:\/\/rcsyd.se\/ssar\/wp-json\/wp\/v2\/pages\/3408\/revisions\/3551"}],"wp:attachment":[{"href":"https:\/\/rcsyd.se\/ssar\/wp-json\/wp\/v2\/media?parent=3408"}],"curies":[{"name":"wp","href":"https:\/\/api.w.org\/{rel}","templated":true}]}}