{"id":3295,"date":"2023-12-28T17:40:56","date_gmt":"2023-12-28T17:40:56","guid":{"rendered":"https:\/\/rcsyd.se\/ssar\/?page_id=3295"},"modified":"2024-08-21T11:08:37","modified_gmt":"2024-08-21T11:08:37","slug":"instabilitetsregistret","status":"publish","type":"page","link":"https:\/\/rcsyd.se\/ssar\/registrering\/manualer-och-formular\/instabilitetsregistret","title":{"rendered":"Instabilitetsregistret"},"content":{"rendered":"<h1>Instabilitetsregistret<\/h1>\n<p>Om du vill kunna logga in med mobilt BankID i registerplattformen 3C f\u00f6ljer du instruktionerna i mailet fr\u00e5n Registercentrum Syd. D\u00e4refter v\u00e4ljer du: Axelinstabilitetsregistret -&gt; Operat\u00f6rsuppgifter<br \/>\noch registrerar ditt namn. Detta beh\u00f6ver du bara g\u00f6ra en g\u00e5ng.<\/p>\n<p>Under samma meny finns ytterligare fyra formul\u00e4r som anv\u00e4nds vid registerinmatning:<\/p>\n<ol>\n<li><strong>Patientuppgifter:<\/strong> H\u00e4r registreras patientens namn, kontaktuppgifter och ID-numret f\u00f6r inmatning av enk\u00e4t p\u00e5 <a href=\"https:\/\/www.axellux.se\/\" target=\"_blank\" rel=\"noopener\">www.axellux.se<\/a>.<\/li>\n<li><strong>Prim\u00e4roperation preoperativa uppgifter:<\/strong> H\u00e4r registreras anamnes och status vid mottagningsbes\u00f6ket f\u00f6r patienter som opereras f\u00f6r f\u00f6rsta g\u00e5ngen.<\/li>\n<li><strong>Reoperation preoperativa uppgifter:<\/strong> H\u00e4r registreras anamnes och status vid mottagningsbes\u00f6ket f\u00f6r patienter som reopereras.<\/li>\n<li><strong>Peroperativa uppgifter:<\/strong> H\u00e4r registreras uppgifter fr\u00e5n operationen. Samma uppgifter vid b\u00e5de prim\u00e4roperation och reoperation.<\/li>\n<\/ol>\n<p>Nedan finns dokument med instruktioner och formul\u00e4r f\u00f6r utskrift f\u00f6r de som \u00f6nskar registrera p\u00e5 papper. All inmatning av data m\u00e5ste dock sedan ocks\u00e5 ske p\u00e5 klinikniv\u00e5 i registerplattformen 3C.<\/p>\n<h2>Registerplattformen 3C<\/h2>\n<p><a href=\"https:\/\/app.comporto.se\/\" target=\"_blank\" rel=\"noopener\">Klicka h\u00e4r f\u00f6r att komma till registerplattformen 3C:s inloggningssida.<\/a><\/p>\n<h2>Formul\u00e4r och instruktioner<\/h2>\n<p><a href=\"https:\/\/rcsyd.se\/ssar\/wp-content\/uploads\/sites\/17\/2023\/12\/Formular-patientuppgifter-instabilitetsregistret.pdf\" target=\"_blank\" rel=\"noopener\">Formul\u00e4r f\u00f6r patientuppgifter<\/a> (PDF-format 82 kB)<\/p>\n<p><a href=\"https:\/\/rcsyd.se\/ssar\/wp-content\/uploads\/sites\/17\/2023\/12\/Formular-primaroperation-preoperativa-uppgifter-instabilitetsregistret.pdf\" target=\"_blank\" rel=\"noopener\">Formul\u00e4r f\u00f6r prim\u00e4roperation preoperativa uppgifter<\/a> (PDF-format 158 kB)<\/p>\n<p><a href=\"https:\/\/rcsyd.se\/ssar\/wp-content\/uploads\/sites\/17\/2023\/12\/Formular-reoperation-preoperativa-uppgifter-instabilitetsregistret.pdf\" target=\"_blank\" rel=\"noopener\">Formul\u00e4r f\u00f6r reoperation preoperativa uppgifter<\/a> (PDF-format 113 kB)<\/p>\n<p><a href=\"https:\/\/rcsyd.se\/ssar\/wp-content\/uploads\/sites\/17\/2023\/12\/Formular-peroperativa-uppgifter-instabilitetsregistret.pdf\" target=\"_blank\" rel=\"noopener\">Formul\u00e4r f\u00f6r peroperativa uppgifter<\/a> (PDF-format 151 kB)<\/p>\n<p><a href=\"https:\/\/rcsyd.se\/ssar\/wp-content\/uploads\/sites\/17\/2023\/12\/Lathund-for-registeranvandning-instabilitetsregistret.pdf\" target=\"_blank\" rel=\"noopener\">Lathund f\u00f6r registeranv\u00e4ndning<\/a> (PDF-format 57 kB)<\/p>\n<h2>Ans\u00f6kan om inloggning<\/h2>\n<p>F\u00f6r att ansluta dig till registret laddar du ner och fyller i f\u00f6ljande dokument:<\/p>\n<p><a href=\"https:\/\/rcsyd.se\/ssar\/wp-content\/uploads\/sites\/17\/2023\/12\/Ansokan-om-inloggning-till-Instabilitetsregistret.docx\" target=\"_blank\" rel=\"noopener\">Ans\u00f6kan om inloggning till registerplattformen<\/a> (Word-format, 28 kB).<\/p>\n<p>Den ifyllda ans\u00f6kan postas eller mailas till Henrik Ahlborg:<\/p>\n<h3>Postadress<\/h3>\n<p>\u00d6L Henrik Ahlborg<br \/>\nOrtopedkliniken<br \/>\nSk\u00e5nes universitetssjukhus Malm\u00f6<br \/>\n20502 MALM\u00d6<\/p>\n<h3>E-postadress<\/h3>\n<p><a href=\"mailto:Henrik.Ahlborg@skane.se\">Henrik.Ahlborg@skane.se<\/a><\/p>\n<h2>Mer information om registerplattform och inloggning<\/h2>\n<p>Registercentrum (RC) Syd har p\u00e5 sin hemsida sammanst\u00e4llt mer information om registerplattformen 3C och inloggning.<\/p>\n<p><a href=\"https:\/\/rcsyd.se\/om-register\/it-losningar-och-driftinformation\/inloggning-och-e-tjanstekort\" target=\"_blank\" rel=\"noopener\">Klicka h\u00e4r f\u00f6r att komma till informationen hos RC Syd.<\/a><\/p>\n","protected":false},"excerpt":{"rendered":"<p>Instabilitetsregistret Om du vill kunna logga in med mobilt BankID i registerplattformen 3C f\u00f6ljer du instruktionerna i mailet fr\u00e5n Registercentrum Syd. D\u00e4refter v\u00e4ljer du: Axelinstabilitetsregistret -&gt; Operat\u00f6rsuppgifter och registrerar ditt namn. Detta beh\u00f6ver du bara g\u00f6ra en g\u00e5ng. Under samma meny finns ytterligare fyra formul\u00e4r som anv\u00e4nds vid registerinmatning: Patientuppgifter: H\u00e4r registreras patientens namn, kontaktuppgifter&#8230; <a class=\"read-more\" href=\"https:\/\/rcsyd.se\/ssar\/registrering\/manualer-och-formular\/instabilitetsregistret\">L\u00e4s mer<\/a><\/p>\n","protected":false},"author":3,"featured_media":0,"parent":3423,"menu_order":0,"comment_status":"closed","ping_status":"closed","template":"","meta":{"_acf_changed":false,"footnotes":""},"acf":[],"_links":{"self":[{"href":"https:\/\/rcsyd.se\/ssar\/wp-json\/wp\/v2\/pages\/3295"}],"collection":[{"href":"https:\/\/rcsyd.se\/ssar\/wp-json\/wp\/v2\/pages"}],"about":[{"href":"https:\/\/rcsyd.se\/ssar\/wp-json\/wp\/v2\/types\/page"}],"author":[{"embeddable":true,"href":"https:\/\/rcsyd.se\/ssar\/wp-json\/wp\/v2\/users\/3"}],"replies":[{"embeddable":true,"href":"https:\/\/rcsyd.se\/ssar\/wp-json\/wp\/v2\/comments?post=3295"}],"version-history":[{"count":12,"href":"https:\/\/rcsyd.se\/ssar\/wp-json\/wp\/v2\/pages\/3295\/revisions"}],"predecessor-version":[{"id":3354,"href":"https:\/\/rcsyd.se\/ssar\/wp-json\/wp\/v2\/pages\/3295\/revisions\/3354"}],"up":[{"embeddable":true,"href":"https:\/\/rcsyd.se\/ssar\/wp-json\/wp\/v2\/pages\/3423"}],"wp:attachment":[{"href":"https:\/\/rcsyd.se\/ssar\/wp-json\/wp\/v2\/media?parent=3295"}],"curies":[{"name":"wp","href":"https:\/\/api.w.org\/{rel}","templated":true}]}}