{"id":3293,"date":"2023-12-28T17:42:25","date_gmt":"2023-12-28T17:42:25","guid":{"rendered":"https:\/\/rcsyd.se\/ssar\/?page_id=3293"},"modified":"2024-08-21T11:08:12","modified_gmt":"2024-08-21T11:08:12","slug":"armbagsregistret","status":"publish","type":"page","link":"https:\/\/rcsyd.se\/ssar\/registrering\/manualer-och-formular\/armbagsregistret","title":{"rendered":"Armb\u00e5gsregistret"},"content":{"rendered":"<h1>Armb\u00e5gsregistret<\/h1>\n<h2>Registerplattformen 3C<\/h2>\n<p><a href=\"https:\/\/app.comporto.se\/\" target=\"_blank\" rel=\"noopener\">Klicka h\u00e4r f\u00f6r att komma till registerplattformen 3C:s inloggningssida.<\/a><\/p>\n<h2>Formul\u00e4r och instruktioner<\/h2>\n<p>Om du ska anm\u00e4la en operation till registret anv\u00e4nder du nedanst\u00e5ende rapportblad med tillh\u00f6rande instruktion:<\/p>\n<p><a href=\"https:\/\/rcsyd.se\/ssar\/wp-content\/uploads\/sites\/17\/2023\/12\/Rapportblad-Armbagsregistret.pdf\" target=\"_blank\" rel=\"noopener\">Rapportblad<\/a> (PDF-format, 66 kB)<\/p>\n<p><a href=\"https:\/\/rcsyd.se\/ssar\/wp-content\/uploads\/sites\/17\/2023\/12\/Instruktion-rapportblad-Armbagsregistret.pdf\" target=\"_blank\" rel=\"noopener\">Instruktion f\u00f6r rapportblad<\/a> (PDF-format, 58 kB).<\/p>\n<h2>Ans\u00f6kan om inloggning<\/h2>\n<p>F\u00f6r att ansluta dig till registret laddar du ner och fyller i f\u00f6ljande dokument:<\/p>\n<p><a href=\"https:\/\/rcsyd.se\/ssar\/wp-content\/uploads\/sites\/17\/2023\/12\/Ansokan-om-inloggning-till-Armbagsregistret.docx\" target=\"_blank\" rel=\"noopener\">Ans\u00f6kan om inloggning till registerplattformen<\/a> (Word-format, 25 kB).<\/p>\n<p>Den ifyllda ans\u00f6kan postas eller mailas till Bj\u00f6rn Salomonsson:<\/p>\n<h3>Postadress<\/h3>\n<p>Bj\u00f6rn Salomonsson<br \/>\nOrtopedmottagningen<br \/>\nDanderyds Sjukhus AB<br \/>\n182 88 STOCKHOLM<\/p>\n<h3>E-postadress<\/h3>\n<p><a href=\"mailto:bjorn.salomonsson@regionstockholm.se\">bjorn.salomonsson@regionstockholm.se<\/a><\/p>\n<h2>Mer information om registerplattform och inloggning<\/h2>\n<p>Registercentrum (RC) Syd har p\u00e5 sin hemsida sammanst\u00e4llt mer information om registerplattformen 3C och inloggning.<\/p>\n<p><a href=\"https:\/\/rcsyd.se\/om-register\/it-losningar-och-driftinformation\/inloggning-och-e-tjanstekort\" target=\"_blank\" rel=\"noopener\">Klicka h\u00e4r f\u00f6r att komma till informationen hos RC Syd.<\/a><\/p>\n","protected":false},"excerpt":{"rendered":"<p>Armb\u00e5gsregistret Registerplattformen 3C Klicka h\u00e4r f\u00f6r att komma till registerplattformen 3C:s inloggningssida. Formul\u00e4r och instruktioner Om du ska anm\u00e4la en operation till registret anv\u00e4nder du nedanst\u00e5ende rapportblad med tillh\u00f6rande instruktion: Rapportblad (PDF-format, 66 kB) Instruktion f\u00f6r rapportblad (PDF-format, 58 kB). Ans\u00f6kan om inloggning F\u00f6r att ansluta dig till registret laddar du ner och fyller i&#8230; <a class=\"read-more\" href=\"https:\/\/rcsyd.se\/ssar\/registrering\/manualer-och-formular\/armbagsregistret\">L\u00e4s mer<\/a><\/p>\n","protected":false},"author":3,"featured_media":0,"parent":3423,"menu_order":0,"comment_status":"closed","ping_status":"closed","template":"","meta":{"_acf_changed":false,"footnotes":""},"acf":[],"_links":{"self":[{"href":"https:\/\/rcsyd.se\/ssar\/wp-json\/wp\/v2\/pages\/3293"}],"collection":[{"href":"https:\/\/rcsyd.se\/ssar\/wp-json\/wp\/v2\/pages"}],"about":[{"href":"https:\/\/rcsyd.se\/ssar\/wp-json\/wp\/v2\/types\/page"}],"author":[{"embeddable":true,"href":"https:\/\/rcsyd.se\/ssar\/wp-json\/wp\/v2\/users\/3"}],"replies":[{"embeddable":true,"href":"https:\/\/rcsyd.se\/ssar\/wp-json\/wp\/v2\/comments?post=3293"}],"version-history":[{"count":12,"href":"https:\/\/rcsyd.se\/ssar\/wp-json\/wp\/v2\/pages\/3293\/revisions"}],"predecessor-version":[{"id":3344,"href":"https:\/\/rcsyd.se\/ssar\/wp-json\/wp\/v2\/pages\/3293\/revisions\/3344"}],"up":[{"embeddable":true,"href":"https:\/\/rcsyd.se\/ssar\/wp-json\/wp\/v2\/pages\/3423"}],"wp:attachment":[{"href":"https:\/\/rcsyd.se\/ssar\/wp-json\/wp\/v2\/media?parent=3293"}],"curies":[{"name":"wp","href":"https:\/\/api.w.org\/{rel}","templated":true}]}}