{"id":3234,"date":"2023-12-29T10:24:41","date_gmt":"2023-12-29T10:24:41","guid":{"rendered":"https:\/\/rcsyd.se\/ssar\/?page_id=3234"},"modified":"2024-08-21T12:22:51","modified_gmt":"2024-08-21T12:22:51","slug":"verksamhetsberattelser","status":"publish","type":"page","link":"https:\/\/rcsyd.se\/ssar\/publikationer\/verksamhetsberattelser","title":{"rendered":"Verksamhetsber\u00e4ttelser"},"content":{"rendered":"<h1>Verksamhetsber\u00e4ttelser<\/h1>\n<p>Via nedladdningsboxen p\u00e5 denna sida hittar du nedladdningsbara verksamhetsber\u00e4ttelser fr\u00e5n Svenska Skulder- och Armb\u00e5gsregistret.<\/p>\n","protected":false},"excerpt":{"rendered":"<p>Verksamhetsber\u00e4ttelser Via nedladdningsboxen p\u00e5 denna sida hittar du nedladdningsbara verksamhetsber\u00e4ttelser fr\u00e5n Svenska Skulder- och Armb\u00e5gsregistret.<\/p>\n","protected":false},"author":3,"featured_media":0,"parent":3434,"menu_order":0,"comment_status":"closed","ping_status":"closed","template":"","meta":{"_acf_changed":false,"footnotes":""},"acf":[],"_links":{"self":[{"href":"https:\/\/rcsyd.se\/ssar\/wp-json\/wp\/v2\/pages\/3234"}],"collection":[{"href":"https:\/\/rcsyd.se\/ssar\/wp-json\/wp\/v2\/pages"}],"about":[{"href":"https:\/\/rcsyd.se\/ssar\/wp-json\/wp\/v2\/types\/page"}],"author":[{"embeddable":true,"href":"https:\/\/rcsyd.se\/ssar\/wp-json\/wp\/v2\/users\/3"}],"replies":[{"embeddable":true,"href":"https:\/\/rcsyd.se\/ssar\/wp-json\/wp\/v2\/comments?post=3234"}],"version-history":[{"count":3,"href":"https:\/\/rcsyd.se\/ssar\/wp-json\/wp\/v2\/pages\/3234\/revisions"}],"predecessor-version":[{"id":3249,"href":"https:\/\/rcsyd.se\/ssar\/wp-json\/wp\/v2\/pages\/3234\/revisions\/3249"}],"up":[{"embeddable":true,"href":"https:\/\/rcsyd.se\/ssar\/wp-json\/wp\/v2\/pages\/3434"}],"wp:attachment":[{"href":"https:\/\/rcsyd.se\/ssar\/wp-json\/wp\/v2\/media?parent=3234"}],"curies":[{"name":"wp","href":"https:\/\/api.w.org\/{rel}","templated":true}]}}