{"id":961,"date":"2015-01-13T13:41:13","date_gmt":"2015-01-13T13:41:13","guid":{"rendered":"https:\/\/rcsyd.se\/skrs\/?page_id=961"},"modified":"2023-03-09T12:57:37","modified_gmt":"2023-03-09T12:57:37","slug":"introduktion-och-utbildning-inom-skrs","status":"publish","type":"page","link":"https:\/\/rcsyd.se\/skrs\/registrering\/introduktion-och-utbildning-inom-skrs","title":{"rendered":"Introduktion och utbildning inom SKRS"},"content":{"rendered":"<h1>Introduktion och utbildning inom SKRS<\/h1>\n<p>Till v\u00e4nster finns dokument att ladda ner som beskriver SKRS (Svenskt Kvalitetsregister f\u00f6r Rehabilitering vid Synneds\u00e4ttning) och \u00f6vningssuppgifter inom SKRS.<\/p>\n<p>D\u00e4r finns texter som ingick i utbildningarna som h\u00f6lls 2015\u20132017 och en Powerpoint-presentation som presenterar SKRS:s, bakgrund, syfte och m\u00e5l.<\/p>\n<p>F\u00f6r att komma till en manual om hur sj\u00e4lva registreringsarbetet g\u00e5r till samt \u00e5tg\u00e4rdskoder <a href=\"https:\/\/rcsyd.se\/skrs\/registrering\/manualer-kodlistor-och-variabelforteckning\">klicka h\u00e4r<\/a>.<\/p>\n<p>F\u00f6r ytterligare fr\u00e5gor om registrering kontakta SKRS via mail:<br \/>\n<a href=\"mailto:hoh.skrs@vgregion.se\">hoh.skrs@vgregion.se<\/a><\/p>\n<h2>Utbildning om ICF (Internationell klassifikation av funktionstillst\u00e5nd, funktionshinder och h\u00e4lsa)<\/h2>\n<p>Alla enheter som ska delta i \u201dM\u00e4ta effekter\u201d beh\u00f6ver jobba enligt <abbr title=\"Internationell klassifikation av funktionstillst\u00e5nd, funktionshinder och h\u00e4lsa\">ICF<\/abbr>. Som st\u00f6d i detta arbete finns en utbildning om <abbr title=\"Internationell klassifikation av funktionstillst\u00e5nd, funktionshinder och h\u00e4lsa\">ICF<\/abbr> framtagen.<br \/>\n<a href=\"https:\/\/larportalenextern.skane.se\/external\/listing\/28\" target=\"_blank\" rel=\"noopener\">Klicka h\u00e4r f\u00f6r att komma till utbildningen<\/a>.<\/p>\n","protected":false},"excerpt":{"rendered":"<p>Introduktion och utbildning inom SKRS Till v\u00e4nster finns dokument att ladda ner som beskriver SKRS (Svenskt Kvalitetsregister f\u00f6r Rehabilitering vid Synneds\u00e4ttning) och \u00f6vningssuppgifter inom SKRS. D\u00e4r finns texter som ingick i utbildningarna som h\u00f6lls 2015\u20132017 och en Powerpoint-presentation som presenterar SKRS:s, bakgrund, syfte och m\u00e5l. F\u00f6r att komma till en manual om hur sj\u00e4lva registreringsarbetet&#8230; <a class=\"read-more\" href=\"https:\/\/rcsyd.se\/skrs\/registrering\/introduktion-och-utbildning-inom-skrs\">L\u00e4s mer<\/a><\/p>\n","protected":false},"author":3,"featured_media":0,"parent":260,"menu_order":0,"comment_status":"closed","ping_status":"closed","template":"","meta":{"_acf_changed":false,"footnotes":""},"acf":[],"_links":{"self":[{"href":"https:\/\/rcsyd.se\/skrs\/wp-json\/wp\/v2\/pages\/961"}],"collection":[{"href":"https:\/\/rcsyd.se\/skrs\/wp-json\/wp\/v2\/pages"}],"about":[{"href":"https:\/\/rcsyd.se\/skrs\/wp-json\/wp\/v2\/types\/page"}],"author":[{"embeddable":true,"href":"https:\/\/rcsyd.se\/skrs\/wp-json\/wp\/v2\/users\/3"}],"replies":[{"embeddable":true,"href":"https:\/\/rcsyd.se\/skrs\/wp-json\/wp\/v2\/comments?post=961"}],"version-history":[{"count":42,"href":"https:\/\/rcsyd.se\/skrs\/wp-json\/wp\/v2\/pages\/961\/revisions"}],"predecessor-version":[{"id":2511,"href":"https:\/\/rcsyd.se\/skrs\/wp-json\/wp\/v2\/pages\/961\/revisions\/2511"}],"up":[{"embeddable":true,"href":"https:\/\/rcsyd.se\/skrs\/wp-json\/wp\/v2\/pages\/260"}],"wp:attachment":[{"href":"https:\/\/rcsyd.se\/skrs\/wp-json\/wp\/v2\/media?parent=961"}],"curies":[{"name":"wp","href":"https:\/\/api.w.org\/{rel}","templated":true}]}}