{"id":651,"date":"2016-06-28T11:45:34","date_gmt":"2016-06-28T11:45:34","guid":{"rendered":"https:\/\/rcsyd.se\/skrs\/?page_id=651"},"modified":"2026-05-13T06:53:08","modified_gmt":"2026-05-13T06:53:08","slug":"manualer-kodlistor-och-variabelforteckning","status":"publish","type":"page","link":"https:\/\/rcsyd.se\/skrs\/registrering\/manualer-kodlistor-och-variabelforteckning","title":{"rendered":"Manualer, kodlistor och variabelf\u00f6rteckning"},"content":{"rendered":"<h1>Manualer, kodlistor och variabelf\u00f6rteckning<\/h1>\n<p>P\u00e5 denna sida finner du nedladdningsbara dokument riktade till anv\u00e4ndare av registerplattformen f\u00f6r SKRS (Svenskt Kvalitetsregister f\u00f6r Rehabilitering vid Synneds\u00e4ttning). Bland annat finner du senaste versionen av anv\u00e4ndarmanualen samt KV\u00c5 (klassifikation av v\u00e5rd\u00e5tg\u00e4rder)-koder och variabelf\u00f6rteckning.<\/p>\n","protected":false},"excerpt":{"rendered":"<p>Manualer, kodlistor och variabelf\u00f6rteckning P\u00e5 denna sida finner du nedladdningsbara dokument riktade till anv\u00e4ndare av registerplattformen f\u00f6r SKRS (Svenskt Kvalitetsregister f\u00f6r Rehabilitering vid Synneds\u00e4ttning). Bland annat finner du senaste versionen av anv\u00e4ndarmanualen samt KV\u00c5 (klassifikation av v\u00e5rd\u00e5tg\u00e4rder)-koder och variabelf\u00f6rteckning.<\/p>\n","protected":false},"author":11,"featured_media":0,"parent":260,"menu_order":0,"comment_status":"closed","ping_status":"closed","template":"","meta":{"_acf_changed":false,"footnotes":""},"acf":[],"_links":{"self":[{"href":"https:\/\/rcsyd.se\/skrs\/wp-json\/wp\/v2\/pages\/651"}],"collection":[{"href":"https:\/\/rcsyd.se\/skrs\/wp-json\/wp\/v2\/pages"}],"about":[{"href":"https:\/\/rcsyd.se\/skrs\/wp-json\/wp\/v2\/types\/page"}],"author":[{"embeddable":true,"href":"https:\/\/rcsyd.se\/skrs\/wp-json\/wp\/v2\/users\/11"}],"replies":[{"embeddable":true,"href":"https:\/\/rcsyd.se\/skrs\/wp-json\/wp\/v2\/comments?post=651"}],"version-history":[{"count":40,"href":"https:\/\/rcsyd.se\/skrs\/wp-json\/wp\/v2\/pages\/651\/revisions"}],"predecessor-version":[{"id":3030,"href":"https:\/\/rcsyd.se\/skrs\/wp-json\/wp\/v2\/pages\/651\/revisions\/3030"}],"up":[{"embeddable":true,"href":"https:\/\/rcsyd.se\/skrs\/wp-json\/wp\/v2\/pages\/260"}],"wp:attachment":[{"href":"https:\/\/rcsyd.se\/skrs\/wp-json\/wp\/v2\/media?parent=651"}],"curies":[{"name":"wp","href":"https:\/\/api.w.org\/{rel}","templated":true}]}}