{"id":508,"date":"2015-11-02T14:25:38","date_gmt":"2015-11-02T14:25:38","guid":{"rendered":"https:\/\/rcsyd.se\/skrs\/?page_id=508"},"modified":"2025-03-21T08:44:31","modified_gmt":"2025-03-21T08:44:31","slug":"patientinformation","status":"publish","type":"page","link":"https:\/\/rcsyd.se\/skrs\/patientinformation","title":{"rendered":"Patientinformation"},"content":{"rendered":"<h1>Patientinformation<\/h1>\n<p>P\u00e5 denna sida finns information om SKRS (Svenskt Kvalitetsregister f\u00f6r Rehabilitering vid Synneds\u00e4ttning) till patienter och anh\u00f6riga. Informationen \u00e4r skapad i enlighet med GDPR (The General Data Protection Regulation).<\/p>\n<p>Informationen finns i en svartskriftsversionen p\u00e5 tre sidor samt en version i storstil p\u00e5 fem sidor. Svartskriftsversionen finns \u00e4ven inl\u00e4st och \u00e4r nedladdningsbar uppdelad p\u00e5 tre ljudfiler.<\/p>\n<h2>Centralt personuppgiftsansvar (CPUA)<\/h2>\n<p>Region Sk\u00e5ne \u00e4r centralt personuppgiftsansvarig (CPUA) myndighet f\u00f6r SKRS. Det inneb\u00e4r att Region Sk\u00e5ne har ansvaret f\u00f6r att personuppgifter hanteras p\u00e5 ett r\u00e4ttss\u00e4kert och kvalitetss\u00e4kert s\u00e4tt efter att de f\u00f6rts in i registret.<\/p>\n<p><a href=\"https:\/\/rcsyd.se\/skrs\/om-skrs\/centralt-personuppgiftsansvar-cpua\">Klicka h\u00e4r f\u00f6r att komma till mer information om vad CPUA inneb\u00e4r f\u00f6r dig som patient.<\/a><\/p>\n","protected":false},"excerpt":{"rendered":"<p>Patientinformation P\u00e5 denna sida finns information om SKRS (Svenskt Kvalitetsregister f\u00f6r Rehabilitering vid Synneds\u00e4ttning) till patienter och anh\u00f6riga. Informationen \u00e4r skapad i enlighet med GDPR (The General Data Protection Regulation). Informationen finns i en svartskriftsversionen p\u00e5 tre sidor samt en version i storstil p\u00e5 fem sidor. Svartskriftsversionen finns \u00e4ven inl\u00e4st och \u00e4r nedladdningsbar uppdelad p\u00e5&#8230; <a class=\"read-more\" href=\"https:\/\/rcsyd.se\/skrs\/patientinformation\">L\u00e4s mer<\/a><\/p>\n","protected":false},"author":3,"featured_media":0,"parent":0,"menu_order":0,"comment_status":"closed","ping_status":"closed","template":"","meta":{"_acf_changed":false,"footnotes":""},"acf":[],"_links":{"self":[{"href":"https:\/\/rcsyd.se\/skrs\/wp-json\/wp\/v2\/pages\/508"}],"collection":[{"href":"https:\/\/rcsyd.se\/skrs\/wp-json\/wp\/v2\/pages"}],"about":[{"href":"https:\/\/rcsyd.se\/skrs\/wp-json\/wp\/v2\/types\/page"}],"author":[{"embeddable":true,"href":"https:\/\/rcsyd.se\/skrs\/wp-json\/wp\/v2\/users\/3"}],"replies":[{"embeddable":true,"href":"https:\/\/rcsyd.se\/skrs\/wp-json\/wp\/v2\/comments?post=508"}],"version-history":[{"count":49,"href":"https:\/\/rcsyd.se\/skrs\/wp-json\/wp\/v2\/pages\/508\/revisions"}],"predecessor-version":[{"id":2852,"href":"https:\/\/rcsyd.se\/skrs\/wp-json\/wp\/v2\/pages\/508\/revisions\/2852"}],"wp:attachment":[{"href":"https:\/\/rcsyd.se\/skrs\/wp-json\/wp\/v2\/media?parent=508"}],"curies":[{"name":"wp","href":"https:\/\/api.w.org\/{rel}","templated":true}]}}