{"id":363,"date":"2015-01-13T14:04:26","date_gmt":"2015-01-13T14:04:26","guid":{"rendered":"https:\/\/rcsyd.se\/skrs\/?page_id=363"},"modified":"2020-06-17T08:49:02","modified_gmt":"2020-06-17T08:49:02","slug":"om-skrs","status":"publish","type":"page","link":"https:\/\/rcsyd.se\/skrs\/om-skrs","title":{"rendered":"Om SKRS"},"content":{"rendered":"<h1>Om SKRS<\/h1>\n<p>SKRS st\u00e5r f\u00f6r Svenskt Kvalitetsregister f\u00f6r Rehabilitering vid Synneds\u00e4ttning.<\/p>\n<p>Genom att identifiera remisskriterier, \u00e5tg\u00e4rder, metoder, ledtider och insatsernas effekt vill SKRS s\u00e4kerst\u00e4lla att: \u201dR\u00e4tt patient f\u00e5r r\u00e4tt behandling i r\u00e4tt tid av r\u00e4tt behandlare\u201d. D\u00e4rigenom kan den bepr\u00f6vade erfarenheten granskas och leda till att evidens till\u00e4mpas som underlag vid diskussioner och beslut om vilka rehabiliterande \u00e5tg\u00e4rder som g\u00f6r st\u00f6rst nytta och vad som ska prioriteras. F\u00f6rv\u00e4ntningarna \u00e4r en nationell samsyn och verksamhetsutveckling mot en holistisk, j\u00e4mlik, evidensbaserad, tillg\u00e4nglig och effektiv synrehabilitering.<\/p>\n<p>Ledorden f\u00f6r\u00a0SKRS som n\u00e4mndes ovan, \u201dR\u00e4tt patient ska f\u00e5 r\u00e4tt behandling av r\u00e4tt behandlare i r\u00e4tt tid\u201d,\u00a0kommer fr\u00e5n begreppet God v\u00e5rd.\u00a0God v\u00e5rd \u00e4r\u00a0i sin tur ett ledningssystem f\u00f6r kvalitet och patients\u00e4kerhet (SOSFS 2005:12). Sex omr\u00e5den lyfts fram som viktiga f\u00f6ruts\u00e4ttningar f\u00f6r God v\u00e5rd:<\/p>\n<ul>\n<li>kunskapsbaserad och \u00e4ndam\u00e5lsenlig h\u00e4lso- och sjukv\u00e5rd<\/li>\n<li>s\u00e4ker h\u00e4lso- och sjukv\u00e5rd<\/li>\n<li>patientfokuserad h\u00e4lso- och sjukv\u00e5rd<\/li>\n<li>effektiv h\u00e4lso- och sjukv\u00e5rd<\/li>\n<li>j\u00e4mlik h\u00e4lso- och sjukv\u00e5rd<\/li>\n<li>h\u00e4lso- och sjukv\u00e5rd i rimlig tid.<\/li>\n<\/ul>\n","protected":false},"excerpt":{"rendered":"<p>Om SKRS SKRS st\u00e5r f\u00f6r Svenskt Kvalitetsregister f\u00f6r Rehabilitering vid Synneds\u00e4ttning. Genom att identifiera remisskriterier, \u00e5tg\u00e4rder, metoder, ledtider och insatsernas effekt vill SKRS s\u00e4kerst\u00e4lla att: \u201dR\u00e4tt patient f\u00e5r r\u00e4tt behandling i r\u00e4tt tid av r\u00e4tt behandlare\u201d. D\u00e4rigenom kan den bepr\u00f6vade erfarenheten granskas och leda till att evidens till\u00e4mpas som underlag vid diskussioner och beslut om&#8230; <a class=\"read-more\" href=\"https:\/\/rcsyd.se\/skrs\/om-skrs\">L\u00e4s mer<\/a><\/p>\n","protected":false},"author":3,"featured_media":0,"parent":0,"menu_order":0,"comment_status":"open","ping_status":"open","template":"","meta":{"_acf_changed":false,"footnotes":""},"acf":[],"_links":{"self":[{"href":"https:\/\/rcsyd.se\/skrs\/wp-json\/wp\/v2\/pages\/363"}],"collection":[{"href":"https:\/\/rcsyd.se\/skrs\/wp-json\/wp\/v2\/pages"}],"about":[{"href":"https:\/\/rcsyd.se\/skrs\/wp-json\/wp\/v2\/types\/page"}],"author":[{"embeddable":true,"href":"https:\/\/rcsyd.se\/skrs\/wp-json\/wp\/v2\/users\/3"}],"replies":[{"embeddable":true,"href":"https:\/\/rcsyd.se\/skrs\/wp-json\/wp\/v2\/comments?post=363"}],"version-history":[{"count":14,"href":"https:\/\/rcsyd.se\/skrs\/wp-json\/wp\/v2\/pages\/363\/revisions"}],"predecessor-version":[{"id":1947,"href":"https:\/\/rcsyd.se\/skrs\/wp-json\/wp\/v2\/pages\/363\/revisions\/1947"}],"wp:attachment":[{"href":"https:\/\/rcsyd.se\/skrs\/wp-json\/wp\/v2\/media?parent=363"}],"curies":[{"name":"wp","href":"https:\/\/api.w.org\/{rel}","templated":true}]}}