{"id":362,"date":"2015-01-13T13:45:35","date_gmt":"2015-01-13T13:45:35","guid":{"rendered":"https:\/\/rcsyd.se\/skrs\/?page_id=362"},"modified":"2022-05-19T14:19:58","modified_gmt":"2022-05-19T14:19:58","slug":"insandning-av-data","status":"publish","type":"page","link":"https:\/\/rcsyd.se\/skrs\/registrering\/insandning-av-data","title":{"rendered":"Ins\u00e4ndning av data"},"content":{"rendered":"<h1>Ins\u00e4ndning av data<\/h1>\n<p>SKRS (Svenskt Kvalitetsregister f\u00f6r Rehabilitering vid Synneds\u00e4ttning) \u00e4r webbaserat och all inrapportering s\u00e4nds direkt till den nationella databasen f\u00f6r registret som \u00e4r knuten till Registercentrum Syd. SKRS startades 2015 och arbetet med utdata \u00e4r st\u00e4ndigt p\u00e5gende. Alla deltagande enheter kan ta ut egen, lokal data f\u00f6r bearbetning och analys.<\/p>\n<p>Tv\u00e5 g\u00e5nger per \u00e5r har SKRS anv\u00e4ndarm\u00f6ten\/SKRS-dagar med deltagande kliniker och d\u00e5 sker presentation och diskussion av resultatsammanst\u00e4llningarna i \u00e5rsrapporten.<\/p>\n","protected":false},"excerpt":{"rendered":"<p>Ins\u00e4ndning av data SKRS (Svenskt Kvalitetsregister f\u00f6r Rehabilitering vid Synneds\u00e4ttning) \u00e4r webbaserat och all inrapportering s\u00e4nds direkt till den nationella databasen f\u00f6r registret som \u00e4r knuten till Registercentrum Syd. SKRS startades 2015 och arbetet med utdata \u00e4r st\u00e4ndigt p\u00e5gende. Alla deltagande enheter kan ta ut egen, lokal data f\u00f6r bearbetning och analys. Tv\u00e5 g\u00e5nger per&#8230; <a class=\"read-more\" href=\"https:\/\/rcsyd.se\/skrs\/registrering\/insandning-av-data\">L\u00e4s mer<\/a><\/p>\n","protected":false},"author":3,"featured_media":0,"parent":260,"menu_order":0,"comment_status":"open","ping_status":"open","template":"","meta":{"_acf_changed":false,"footnotes":""},"acf":[],"_links":{"self":[{"href":"https:\/\/rcsyd.se\/skrs\/wp-json\/wp\/v2\/pages\/362"}],"collection":[{"href":"https:\/\/rcsyd.se\/skrs\/wp-json\/wp\/v2\/pages"}],"about":[{"href":"https:\/\/rcsyd.se\/skrs\/wp-json\/wp\/v2\/types\/page"}],"author":[{"embeddable":true,"href":"https:\/\/rcsyd.se\/skrs\/wp-json\/wp\/v2\/users\/3"}],"replies":[{"embeddable":true,"href":"https:\/\/rcsyd.se\/skrs\/wp-json\/wp\/v2\/comments?post=362"}],"version-history":[{"count":15,"href":"https:\/\/rcsyd.se\/skrs\/wp-json\/wp\/v2\/pages\/362\/revisions"}],"predecessor-version":[{"id":2344,"href":"https:\/\/rcsyd.se\/skrs\/wp-json\/wp\/v2\/pages\/362\/revisions\/2344"}],"up":[{"embeddable":true,"href":"https:\/\/rcsyd.se\/skrs\/wp-json\/wp\/v2\/pages\/260"}],"wp:attachment":[{"href":"https:\/\/rcsyd.se\/skrs\/wp-json\/wp\/v2\/media?parent=362"}],"curies":[{"name":"wp","href":"https:\/\/api.w.org\/{rel}","templated":true}]}}