{"id":358,"date":"2016-06-29T13:42:19","date_gmt":"2016-06-29T13:42:19","guid":{"rendered":"https:\/\/rcsyd.se\/skrs\/?page_id=358"},"modified":"2026-03-11T08:14:52","modified_gmt":"2026-03-11T08:14:52","slug":"information-om-inloggning-och-e-tjanstekort","status":"publish","type":"page","link":"https:\/\/rcsyd.se\/skrs\/registrering\/information-om-inloggning-och-e-tjanstekort","title":{"rendered":"Information om inloggning och e-tj\u00e4nstekort"},"content":{"rendered":"<h1>Information om inloggning och e-tj\u00e4nstekort<\/h1>\n<p>Inloggning till registerplattformen g\u00f6rs med hj\u00e4lp av e-tj\u00e4nstekort (SITHS-kort). F\u00f6rsta g\u00e5ngen du loggar in med e-tj\u00e4nstekortet beh\u00f6ver du g\u00f6ra en ans\u00f6kan som sedan godk\u00e4nns av Registercentrum Syd. N\u00e4r ans\u00f6kan \u00e4r godk\u00e4nd kan du b\u00f6rja anv\u00e4nda inloggningen.<\/p>\n<h2>Befintlig anv\u00e4ndare<\/h2>\n<p>Fr\u00e5n och med den 29 januari g\u00f6rs registrering i SKRS (Svenskt Kvalitetsregister f\u00f6r Rehabilitering vid Synneds\u00e4ttning) inte l\u00e4ngre p\u00e5 plattformen Pharos. Ist\u00e4llet g\u00f6rs nu registrering p\u00e5 plattformen 3C.<\/p>\n<p>Alla anv\u00e4ndare som hade ett konto p\u00e5 Pharos innan den 29 januari har automatiskt blivit \u00f6verflyttade till 3C och kan logga in.<\/p>\n<p><a href=\"https:\/\/app.comporto.se\/\" target=\"_blank\" rel=\"noopener\">Klicka h\u00e4r f\u00f6r att komma till inloggningsportalen.<\/a><\/p>\n<h2>Ny anv\u00e4ndare<\/h2>\n<p>Inloggningsans\u00f6kan g\u00f6rs via registerplattformen 3C:s ans\u00f6kningsportal.<\/p>\n<p><a href=\"https:\/\/admin.comporto.se\" target=\"_blank\" rel=\"noopener\">Klicka h\u00e4r f\u00f6r att komma till ans\u00f6kningsportalen.<\/a><\/p>\n<p>I korthet g\u00f6r du sedan enligt f\u00f6ljande steg f\u00f6r att g\u00f6ra din ans\u00f6kan i portalen:<\/p>\n<ol>\n<li>V\u00e4lj &#8221;Kontoans\u00f6kan&#8221;.<\/li>\n<li>V\u00e4lj &#8221;Ans\u00f6k om anv\u00e4ndarkonto via legitimering SITHS&#8221;.<\/li>\n<li>Fyll i alla relevanta uppgifter, bocka i ruta f\u00f6r GDPR och klicka p\u00e5 \u201dRegistrera konto\u201d.<\/li>\n<li>Klicka p\u00e5 bekr\u00e4ftelsel\u00e4nken i det mail som du ska ha f\u00e5tt utskickat till dig automatiskt.<\/li>\n<li>Skicka ett mail till RC Syds supportadress och ber\u00e4tta att ans\u00f6kan \u00e4r gjord: <a href=\"mailto:rcsydkarlskrona@regionblekinge.se\">rcsydkarlskrona@regionblekinge.se<\/a><\/li>\n<\/ol>\n<p>Din ans\u00f6kan kommer att accepteras av administrat\u00f6r s\u00e5 snart denne har m\u00f6jlighet.<\/p>\n<h2>Anv\u00e4ndarmanual<\/h2>\n<p>Anv\u00e4ndarmanualen f\u00f6r 3C finns p\u00e5 sidan Manualer, kodlistor och variabelf\u00f6rteckning.<\/p>\n<p><a href=\"https:\/\/rcsyd.se\/skrs\/registrering\/manualer-kodlistor-och-variabelforteckning\">Klicka h\u00e4r f\u00f6r att komma till anv\u00e4ndarmanualen.<\/a><\/p>\n<h2>Support<\/h2>\n<p>Om problem skulle uppst\u00e5 n\u00e4r du loggar in eller g\u00f6r en inloggningsans\u00f6kan, kontakta Registercentrum Syd:\u00a0<a href=\"mailto:rcsydkarlskrona@regionblekinge.se\" target=\"_blank\" rel=\"noopener\">rcsydkarlskrona@regionblekinge.se<\/a><\/p>\n<h2>Mer information<\/h2>\n<p>Mer allm\u00e4n information om e-tj\u00e4nstekort, driftinformation med mera finner du p\u00e5 Registercentrum Syds hemsida.<\/p>\n<p><a href=\"https:\/\/rcsyd.se\/om-register\/it-losningar-och-driftinformation\/inloggning-och-e-tjanstekort\" target=\"_blank\" rel=\"noopener\">Klicka h\u00e4r f\u00f6r att komma till mer information.<\/a><\/p>\n","protected":false},"excerpt":{"rendered":"<p>Information om inloggning och e-tj\u00e4nstekort Inloggning till registerplattformen g\u00f6rs med hj\u00e4lp av e-tj\u00e4nstekort (SITHS-kort). F\u00f6rsta g\u00e5ngen du loggar in med e-tj\u00e4nstekortet beh\u00f6ver du g\u00f6ra en ans\u00f6kan som sedan godk\u00e4nns av Registercentrum Syd. N\u00e4r ans\u00f6kan \u00e4r godk\u00e4nd kan du b\u00f6rja anv\u00e4nda inloggningen. Befintlig anv\u00e4ndare Fr\u00e5n och med den 29 januari g\u00f6rs registrering i SKRS (Svenskt Kvalitetsregister&#8230; <a class=\"read-more\" href=\"https:\/\/rcsyd.se\/skrs\/registrering\/information-om-inloggning-och-e-tjanstekort\">L\u00e4s mer<\/a><\/p>\n","protected":false},"author":3,"featured_media":0,"parent":260,"menu_order":0,"comment_status":"open","ping_status":"open","template":"","meta":{"_acf_changed":false,"footnotes":""},"acf":[],"_links":{"self":[{"href":"https:\/\/rcsyd.se\/skrs\/wp-json\/wp\/v2\/pages\/358"}],"collection":[{"href":"https:\/\/rcsyd.se\/skrs\/wp-json\/wp\/v2\/pages"}],"about":[{"href":"https:\/\/rcsyd.se\/skrs\/wp-json\/wp\/v2\/types\/page"}],"author":[{"embeddable":true,"href":"https:\/\/rcsyd.se\/skrs\/wp-json\/wp\/v2\/users\/3"}],"replies":[{"embeddable":true,"href":"https:\/\/rcsyd.se\/skrs\/wp-json\/wp\/v2\/comments?post=358"}],"version-history":[{"count":43,"href":"https:\/\/rcsyd.se\/skrs\/wp-json\/wp\/v2\/pages\/358\/revisions"}],"predecessor-version":[{"id":3014,"href":"https:\/\/rcsyd.se\/skrs\/wp-json\/wp\/v2\/pages\/358\/revisions\/3014"}],"up":[{"embeddable":true,"href":"https:\/\/rcsyd.se\/skrs\/wp-json\/wp\/v2\/pages\/260"}],"wp:attachment":[{"href":"https:\/\/rcsyd.se\/skrs\/wp-json\/wp\/v2\/media?parent=358"}],"curies":[{"name":"wp","href":"https:\/\/api.w.org\/{rel}","templated":true}]}}