{"id":352,"date":"2017-02-15T09:03:36","date_gmt":"2017-02-15T09:03:36","guid":{"rendered":"https:\/\/rcsyd.se\/skrs\/?page_id=352"},"modified":"2022-03-16T15:12:13","modified_gmt":"2022-03-16T15:12:13","slug":"deltagande-enheter-och-anslutningsgrad","status":"publish","type":"page","link":"https:\/\/rcsyd.se\/skrs\/om-skrs\/deltagande-enheter-och-anslutningsgrad","title":{"rendered":"Deltagande enheter och anslutningsgrad"},"content":{"rendered":"<h1 class=\"p1\">Deltagande enheter och anslutningsgrad<\/h1>\n<p class=\"p1\">SKRS (Svenskt Kvalitetsregister f\u00f6r Rehabilitering vid Synneds\u00e4ttning) uts\u00e5gs till registerkandidat 2014. Under samma \u00e5r pilottestade SKRS fyra enheter: Halland, Blekinge, Gotland och Sk\u00f6vde.<\/p>\n<p class=\"p1\">Under oktober 2015 p\u00e5b\u00f6rjades utbildning och implementering f\u00f6r 15 enheter: Bor\u00e5s, G\u00f6teborg, J\u00f6nk\u00f6ping, Kalmar, Link\u00f6ping, Lule\u00e5, Lund, Stockholm, Sundsvall, Uppsala, V\u00e4nersborg, V\u00e4stervik, V\u00e4ster\u00e5s, Ume\u00e5 och \u00d6stersund. Inom Region Sk\u00e5ne r\u00e4knade vi med att de fyra syncentraler som finns d\u00e4r (Malm\u00f6, Lund, Helsingborg och Kristianstad) kommer att inkluderas i SKRS. I februari 2016 h\u00f6lls ytterligare en utbildning i webbmodulen och d\u00e5 deltog \u00d6rebro, Falun, G\u00e4vle, Eskilstuna och Karlstad. Dalarna kom ig\u00e5ng med registrering under 2018. 2021 ansl\u00f6t sig Uppsala och b\u00f6rjade registrera.<\/p>\n<p class=\"p1\"><a href=\"https:\/\/rcsyd.se\/skrs\/wp-content\/uploads\/sites\/4\/2015\/01\/Kartf\u00f6rklaring.png\"><img loading=\"lazy\" decoding=\"async\" class=\"alignleft size-full wp-image-850\" src=\"https:\/\/rcsyd.se\/skrs\/wp-content\/uploads\/sites\/4\/2015\/01\/Kartf\u00f6rklaring.png\" alt=\"F\u00f6rtydligande av kartf\u00e4rger.\" width=\"246\" height=\"105\" \/><\/a><\/p>\n<p class=\"p1\">P\u00e5 bilden nedan syns till v\u00e4nster vilka som deltog i pilotregistreringen 2015 och till h\u00f6ger antalet deltagande enheter i mars 2022.<br \/>\nL\u00e4n markerat med gr\u00f6nt betyder att enheten inom l\u00e4net \u00e4r ansluten och aktiv i SKRS. L\u00e4n markerat med gult har g\u00e5tt utbildning inom SKRS och precis b\u00f6rjat att registrera. L\u00e4n markerat med r\u00f6tt (som det i dagsl\u00e4get inte finns n\u00e5got) inneb\u00e4r att varken anv\u00e4ndare eller enheter finns registrerade d\u00e4rifr\u00e5n i SKRS.<\/p>\n<p><a href=\"https:\/\/rcsyd.se\/skrs\/wp-content\/uploads\/sites\/4\/2022\/03\/Deltagande-enheter.png\"><img loading=\"lazy\" decoding=\"async\" class=\"alignleft size-full wp-image-2312\" src=\"https:\/\/rcsyd.se\/skrs\/wp-content\/uploads\/sites\/4\/2022\/03\/Deltagande-enheter.png\" alt=\"Sverige-kartor \u00f6ver deltagande enheter vid starten av SKRS (ett f\u00e5tal) respektive anslutna enheter i dagsl\u00e4get (samtliga).\" width=\"615\" height=\"712\" srcset=\"https:\/\/rcsyd.se\/skrs\/wp-content\/uploads\/sites\/4\/2022\/03\/Deltagande-enheter.png 615w, https:\/\/rcsyd.se\/skrs\/wp-content\/uploads\/sites\/4\/2022\/03\/Deltagande-enheter-259x300.png 259w\" sizes=\"(max-width: 615px) 100vw, 615px\" \/><\/a><\/p>\n","protected":false},"excerpt":{"rendered":"<p>Deltagande enheter och anslutningsgrad SKRS (Svenskt Kvalitetsregister f\u00f6r Rehabilitering vid Synneds\u00e4ttning) uts\u00e5gs till registerkandidat 2014. Under samma \u00e5r pilottestade SKRS fyra enheter: Halland, Blekinge, Gotland och Sk\u00f6vde. Under oktober 2015 p\u00e5b\u00f6rjades utbildning och implementering f\u00f6r 15 enheter: Bor\u00e5s, G\u00f6teborg, J\u00f6nk\u00f6ping, Kalmar, Link\u00f6ping, Lule\u00e5, Lund, Stockholm, Sundsvall, Uppsala, V\u00e4nersborg, V\u00e4stervik, V\u00e4ster\u00e5s, Ume\u00e5 och \u00d6stersund. Inom Region&#8230; <a class=\"read-more\" href=\"https:\/\/rcsyd.se\/skrs\/om-skrs\/deltagande-enheter-och-anslutningsgrad\">L\u00e4s mer<\/a><\/p>\n","protected":false},"author":3,"featured_media":0,"parent":363,"menu_order":0,"comment_status":"open","ping_status":"open","template":"","meta":{"_acf_changed":false,"footnotes":""},"acf":[],"_links":{"self":[{"href":"https:\/\/rcsyd.se\/skrs\/wp-json\/wp\/v2\/pages\/352"}],"collection":[{"href":"https:\/\/rcsyd.se\/skrs\/wp-json\/wp\/v2\/pages"}],"about":[{"href":"https:\/\/rcsyd.se\/skrs\/wp-json\/wp\/v2\/types\/page"}],"author":[{"embeddable":true,"href":"https:\/\/rcsyd.se\/skrs\/wp-json\/wp\/v2\/users\/3"}],"replies":[{"embeddable":true,"href":"https:\/\/rcsyd.se\/skrs\/wp-json\/wp\/v2\/comments?post=352"}],"version-history":[{"count":46,"href":"https:\/\/rcsyd.se\/skrs\/wp-json\/wp\/v2\/pages\/352\/revisions"}],"predecessor-version":[{"id":1977,"href":"https:\/\/rcsyd.se\/skrs\/wp-json\/wp\/v2\/pages\/352\/revisions\/1977"}],"up":[{"embeddable":true,"href":"https:\/\/rcsyd.se\/skrs\/wp-json\/wp\/v2\/pages\/363"}],"wp:attachment":[{"href":"https:\/\/rcsyd.se\/skrs\/wp-json\/wp\/v2\/media?parent=352"}],"curies":[{"name":"wp","href":"https:\/\/api.w.org\/{rel}","templated":true}]}}