{"id":350,"date":"2017-02-15T09:07:13","date_gmt":"2017-02-15T09:07:13","guid":{"rendered":"https:\/\/rcsyd.se\/skrs\/?page_id=350"},"modified":"2024-04-15T15:09:15","modified_gmt":"2024-04-15T15:09:15","slug":"bakgrund-och-syfte","status":"publish","type":"page","link":"https:\/\/rcsyd.se\/skrs\/om-skrs\/bakgrund-och-syfte","title":{"rendered":"Bakgrund och syfte"},"content":{"rendered":"<h1>Bakgrund och syfte<\/h1>\n<h2>Bakgrund<\/h2>\n<p>SKRS (Svenskt Kvalitetsregister f\u00f6r Rehabilitering vid Synneds\u00e4ttning) startade i oktober 2015 som registerkandidat och har sedan dess uppn\u00e5tt kvalitetsregisterstatus p\u00e5 certifieringsniv\u00e5 3. F\u00f6r att l\u00e4sa mer om certifieringsniv\u00e5er p\u00e5 kvalitetsregister.se <a href=\"http:\/\/www.kvalitetsregister.se\/drivaregister\/attredovisaochsokamedel\/certifieringsnivaer.1943.html\" target=\"_blank\" rel=\"noopener noreferrer\">klicka h\u00e4r<\/a>.<\/p>\n<p>Implementeringen och utvecklingsarbetet har fortsatt genom \u00e5ren. I dagsl\u00e4get \u00e4r samtliga 21 regioner i Sverige anslutna med registrerade anv\u00e4ndare i SKRS. Vi forts\u00e4tter arbetet fram\u00e5t, bland annat genom \u00e5rliga anv\u00e4ndarm\u00f6ten d\u00e4r det finns m\u00f6jlighet till workshops och diskussioner. SKRS:s styrgrupp har samarbete med chefsgruppen f\u00f6r synenheterna i Sverige och Synskadades Riksf\u00f6rbund via patientf\u00f6retr\u00e4dare, allt f\u00f6r att f\u00f6ra arbetet vidare.<\/p>\n<h2>Syfte<\/h2>\n<p>Syftet med SKRS \u00e4r att<\/p>\n<ul>\n<li>\u00f6ka kunskapen om rehabiliterings\u00e5tg\u00e4rder och dess effekt f\u00f6r att uppn\u00e5 likv\u00e4rdig synrehabilitering i Sverige<\/li>\n<li>utveckla process- och resultatm\u00e5tt efter relevanta evidensbaserade \u00e5tg\u00e4rder<\/li>\n<li>utg\u00f6ra underlag f\u00f6r forskning, verksamhetsutveckling och kliniskt f\u00f6rb\u00e4ttringsarbete.<\/li>\n<\/ul>\n","protected":false},"excerpt":{"rendered":"<p>Bakgrund och syfte Bakgrund SKRS (Svenskt Kvalitetsregister f\u00f6r Rehabilitering vid Synneds\u00e4ttning) startade i oktober 2015 som registerkandidat och har sedan dess uppn\u00e5tt kvalitetsregisterstatus p\u00e5 certifieringsniv\u00e5 3. F\u00f6r att l\u00e4sa mer om certifieringsniv\u00e5er p\u00e5 kvalitetsregister.se klicka h\u00e4r. Implementeringen och utvecklingsarbetet har fortsatt genom \u00e5ren. I dagsl\u00e4get \u00e4r samtliga 21 regioner i Sverige anslutna med registrerade anv\u00e4ndare&#8230; <a class=\"read-more\" href=\"https:\/\/rcsyd.se\/skrs\/om-skrs\/bakgrund-och-syfte\">L\u00e4s mer<\/a><\/p>\n","protected":false},"author":3,"featured_media":0,"parent":363,"menu_order":0,"comment_status":"open","ping_status":"open","template":"","meta":{"_acf_changed":false,"footnotes":""},"acf":[],"_links":{"self":[{"href":"https:\/\/rcsyd.se\/skrs\/wp-json\/wp\/v2\/pages\/350"}],"collection":[{"href":"https:\/\/rcsyd.se\/skrs\/wp-json\/wp\/v2\/pages"}],"about":[{"href":"https:\/\/rcsyd.se\/skrs\/wp-json\/wp\/v2\/types\/page"}],"author":[{"embeddable":true,"href":"https:\/\/rcsyd.se\/skrs\/wp-json\/wp\/v2\/users\/3"}],"replies":[{"embeddable":true,"href":"https:\/\/rcsyd.se\/skrs\/wp-json\/wp\/v2\/comments?post=350"}],"version-history":[{"count":47,"href":"https:\/\/rcsyd.se\/skrs\/wp-json\/wp\/v2\/pages\/350\/revisions"}],"predecessor-version":[{"id":2687,"href":"https:\/\/rcsyd.se\/skrs\/wp-json\/wp\/v2\/pages\/350\/revisions\/2687"}],"up":[{"embeddable":true,"href":"https:\/\/rcsyd.se\/skrs\/wp-json\/wp\/v2\/pages\/363"}],"wp:attachment":[{"href":"https:\/\/rcsyd.se\/skrs\/wp-json\/wp\/v2\/media?parent=350"}],"curies":[{"name":"wp","href":"https:\/\/api.w.org\/{rel}","templated":true}]}}