{"id":2880,"date":"2025-09-09T10:39:04","date_gmt":"2025-09-09T10:39:04","guid":{"rendered":"https:\/\/rcsyd.se\/skrs\/?page_id=2880"},"modified":"2026-02-04T13:48:42","modified_gmt":"2026-02-04T13:48:42","slug":"2025-2","status":"publish","type":"page","link":"https:\/\/rcsyd.se\/skrs\/om-skrs\/anvandarmoten-skrs-dagar\/2025-2","title":{"rendered":"2025"},"content":{"rendered":"<h1>H\u00f6stens SKRS-dag<\/h1>\n<p><strong>Den 23 oktober genomf\u00f6rdes \u00e5rets SKRS (Svenskt Kvalitetsregister f\u00f6r Rehabilitering vid Synneds\u00e4ttning)-dag. Deltog gjorde kontaktpersoner och chefer fr\u00e5n landets olika syncentraler samt representanter fr\u00e5n styrgruppen f\u00f6r SKRS.<\/strong><\/p>\n<p>P\u00e5 dagordningen stod bland annat presentation av \u00e5rsrapport 2024 uppdelat p\u00e5 barn och vuxna samt presentation av det aktuella forskningsl\u00e4get.<br \/>\n<a href=\"https:\/\/rcsyd.se\/skrs\/publikationer\/arsrapporter\">Klicka h\u00e4r f\u00f6r att komma till \u00e5rsrapporterna.<\/a><\/p>\n<p>Ett annat av dagens teman var migreringen av SKRS till den nya registerplattformen 3C.<br \/>\n<a href=\"https:\/\/rcsyd.se\/skrs\/wp-content\/uploads\/sites\/4\/2025\/10\/SKRS-migrering-plattformsbyte.pdf\" target=\"_blank\" rel=\"noopener\">Klicka h\u00e4r f\u00f6r att komma till presentationen som h\u00f6lls om migreringen<\/a> (PDF-format, 2 MB).<\/p>\n<p>En stor del av eftermiddagen \u00e4gnades \u00e5t workshops i mindre grupper och \u00e5terkopplande diskussioner och erfarenhetsutbyte efter\u00e5t.<\/p>\n<p>Stort tack till alla som deltog!<\/p>\n<p>\/\/Styrgruppen f\u00f6r SKRS<\/p>\n","protected":false},"excerpt":{"rendered":"<p>H\u00f6stens SKRS-dag Den 23 oktober genomf\u00f6rdes \u00e5rets SKRS (Svenskt Kvalitetsregister f\u00f6r Rehabilitering vid Synneds\u00e4ttning)-dag. Deltog gjorde kontaktpersoner och chefer fr\u00e5n landets olika syncentraler samt representanter fr\u00e5n styrgruppen f\u00f6r SKRS. P\u00e5 dagordningen stod bland annat presentation av \u00e5rsrapport 2024 uppdelat p\u00e5 barn och vuxna samt presentation av det aktuella forskningsl\u00e4get. Klicka h\u00e4r f\u00f6r att komma till&#8230; <a class=\"read-more\" href=\"https:\/\/rcsyd.se\/skrs\/om-skrs\/anvandarmoten-skrs-dagar\/2025-2\">L\u00e4s mer<\/a><\/p>\n","protected":false},"author":3,"featured_media":0,"parent":1118,"menu_order":0,"comment_status":"closed","ping_status":"closed","template":"","meta":{"_acf_changed":false,"footnotes":""},"acf":[],"_links":{"self":[{"href":"https:\/\/rcsyd.se\/skrs\/wp-json\/wp\/v2\/pages\/2880"}],"collection":[{"href":"https:\/\/rcsyd.se\/skrs\/wp-json\/wp\/v2\/pages"}],"about":[{"href":"https:\/\/rcsyd.se\/skrs\/wp-json\/wp\/v2\/types\/page"}],"author":[{"embeddable":true,"href":"https:\/\/rcsyd.se\/skrs\/wp-json\/wp\/v2\/users\/3"}],"replies":[{"embeddable":true,"href":"https:\/\/rcsyd.se\/skrs\/wp-json\/wp\/v2\/comments?post=2880"}],"version-history":[{"count":3,"href":"https:\/\/rcsyd.se\/skrs\/wp-json\/wp\/v2\/pages\/2880\/revisions"}],"predecessor-version":[{"id":2974,"href":"https:\/\/rcsyd.se\/skrs\/wp-json\/wp\/v2\/pages\/2880\/revisions\/2974"}],"up":[{"embeddable":true,"href":"https:\/\/rcsyd.se\/skrs\/wp-json\/wp\/v2\/pages\/1118"}],"wp:attachment":[{"href":"https:\/\/rcsyd.se\/skrs\/wp-json\/wp\/v2\/media?parent=2880"}],"curies":[{"name":"wp","href":"https:\/\/api.w.org\/{rel}","templated":true}]}}