{"id":2789,"date":"2020-11-18T10:24:25","date_gmt":"2020-11-18T10:24:25","guid":{"rendered":"https:\/\/rcsyd.se\/skrs\/?page_id=2789"},"modified":"2026-02-04T13:55:34","modified_gmt":"2026-02-04T13:55:34","slug":"valideringsrapporter","status":"publish","type":"page","link":"https:\/\/rcsyd.se\/skrs\/publikationer\/valideringsrapporter","title":{"rendered":"Valideringsrapporter"},"content":{"rendered":"<h1>Valideringsrapporter<\/h1>\n<p>SKRS (Svenskt Kvalitetsregister f\u00f6r Rehabilitering vid Synneds\u00e4ttning) har genomf\u00f6rt ett valideringsprojekt i maj\u2013juni 2024. En kortare valideringsrapport f\u00f6r 2024 \u00e4r sammanst\u00e4lld utefter detta projekt. Rapporten finns tillg\u00e4nglig f\u00f6r nedladdning fr\u00e5n denna sida.<\/p>\n<p>Resultatet av valideringen per synenhet och variabel kommer att \u00e5terrapporteras till respektive synenhet.<\/p>\n<p>&nbsp;<\/p>\n","protected":false},"excerpt":{"rendered":"<p>Valideringsrapporter SKRS (Svenskt Kvalitetsregister f\u00f6r Rehabilitering vid Synneds\u00e4ttning) har genomf\u00f6rt ett valideringsprojekt i maj\u2013juni 2024. En kortare valideringsrapport f\u00f6r 2024 \u00e4r sammanst\u00e4lld utefter detta projekt. Rapporten finns tillg\u00e4nglig f\u00f6r nedladdning fr\u00e5n denna sida. Resultatet av valideringen per synenhet och variabel kommer att \u00e5terrapporteras till respektive synenhet. &nbsp;<\/p>\n","protected":false},"author":3,"featured_media":0,"parent":16,"menu_order":0,"comment_status":"closed","ping_status":"closed","template":"","meta":{"_acf_changed":false,"footnotes":""},"acf":[],"_links":{"self":[{"href":"https:\/\/rcsyd.se\/skrs\/wp-json\/wp\/v2\/pages\/2789"}],"collection":[{"href":"https:\/\/rcsyd.se\/skrs\/wp-json\/wp\/v2\/pages"}],"about":[{"href":"https:\/\/rcsyd.se\/skrs\/wp-json\/wp\/v2\/types\/page"}],"author":[{"embeddable":true,"href":"https:\/\/rcsyd.se\/skrs\/wp-json\/wp\/v2\/users\/3"}],"replies":[{"embeddable":true,"href":"https:\/\/rcsyd.se\/skrs\/wp-json\/wp\/v2\/comments?post=2789"}],"version-history":[{"count":3,"href":"https:\/\/rcsyd.se\/skrs\/wp-json\/wp\/v2\/pages\/2789\/revisions"}],"predecessor-version":[{"id":2976,"href":"https:\/\/rcsyd.se\/skrs\/wp-json\/wp\/v2\/pages\/2789\/revisions\/2976"}],"up":[{"embeddable":true,"href":"https:\/\/rcsyd.se\/skrs\/wp-json\/wp\/v2\/pages\/16"}],"wp:attachment":[{"href":"https:\/\/rcsyd.se\/skrs\/wp-json\/wp\/v2\/media?parent=2789"}],"curies":[{"name":"wp","href":"https:\/\/api.w.org\/{rel}","templated":true}]}}