{"id":260,"date":"2014-12-18T16:17:51","date_gmt":"2014-12-18T16:17:51","guid":{"rendered":"https:\/\/rcsyd.se\/skrs\/?page_id=260"},"modified":"2025-10-17T13:36:20","modified_gmt":"2025-10-17T13:36:20","slug":"registrering","status":"publish","type":"page","link":"https:\/\/rcsyd.se\/skrs\/registrering","title":{"rendered":"Registrering"},"content":{"rendered":"<h1>Registrering<\/h1>\n<p>H\u00f6sten 2014 blev SKRS (Svenskt Kvalitetsregister f\u00f6r Rehabilitering vid Synneds\u00e4ttning) godk\u00e4nda som ett registerinitiativ. Fr\u00e5n h\u00f6sten 2015 fanns en f\u00e4rdig, anv\u00e4ndarv\u00e4nlig webbmodul p\u00e5 plats. Halland, Blekinge, Gotland och V\u00e4stra G\u00f6talandsregionen var de enheter som startade upp med registreringar.<\/p>\n<p>Sedan h\u00f6sten 2021 \u00e4r samtliga enheter i Sverige anslutna och registrerar i SKRS.<br \/>\nI dagsl\u00e4get registreras alla personer med synneds\u00e4ttning fr\u00e5n och med 20 \u00e5r och \u00e4ldre. Under 2023 kommer \u00e4ven barn och ungdomar att inkluderas i registret.<\/p>\n<p>I menyn till v\u00e4nster finner du mer information om hur registrering i SKRS g\u00e5r till samt anvisning om var du finner manualen f\u00f6r registrering.<\/p>\n","protected":false},"excerpt":{"rendered":"<p>Registrering H\u00f6sten 2014 blev SKRS (Svenskt Kvalitetsregister f\u00f6r Rehabilitering vid Synneds\u00e4ttning) godk\u00e4nda som ett registerinitiativ. Fr\u00e5n h\u00f6sten 2015 fanns en f\u00e4rdig, anv\u00e4ndarv\u00e4nlig webbmodul p\u00e5 plats. Halland, Blekinge, Gotland och V\u00e4stra G\u00f6talandsregionen var de enheter som startade upp med registreringar. Sedan h\u00f6sten 2021 \u00e4r samtliga enheter i Sverige anslutna och registrerar i SKRS. I dagsl\u00e4get registreras&#8230; <a class=\"read-more\" href=\"https:\/\/rcsyd.se\/skrs\/registrering\">L\u00e4s mer<\/a><\/p>\n","protected":false},"author":3,"featured_media":0,"parent":0,"menu_order":0,"comment_status":"open","ping_status":"open","template":"","meta":{"_acf_changed":false,"footnotes":""},"acf":[],"_links":{"self":[{"href":"https:\/\/rcsyd.se\/skrs\/wp-json\/wp\/v2\/pages\/260"}],"collection":[{"href":"https:\/\/rcsyd.se\/skrs\/wp-json\/wp\/v2\/pages"}],"about":[{"href":"https:\/\/rcsyd.se\/skrs\/wp-json\/wp\/v2\/types\/page"}],"author":[{"embeddable":true,"href":"https:\/\/rcsyd.se\/skrs\/wp-json\/wp\/v2\/users\/3"}],"replies":[{"embeddable":true,"href":"https:\/\/rcsyd.se\/skrs\/wp-json\/wp\/v2\/comments?post=260"}],"version-history":[{"count":13,"href":"https:\/\/rcsyd.se\/skrs\/wp-json\/wp\/v2\/pages\/260\/revisions"}],"predecessor-version":[{"id":2898,"href":"https:\/\/rcsyd.se\/skrs\/wp-json\/wp\/v2\/pages\/260\/revisions\/2898"}],"wp:attachment":[{"href":"https:\/\/rcsyd.se\/skrs\/wp-json\/wp\/v2\/media?parent=260"}],"curies":[{"name":"wp","href":"https:\/\/api.w.org\/{rel}","templated":true}]}}