{"id":2574,"date":"2015-01-13T13:40:21","date_gmt":"2015-01-13T13:40:21","guid":{"rendered":"https:\/\/rcsyd.se\/skrs\/?page_id=2574"},"modified":"2024-09-12T15:01:38","modified_gmt":"2024-09-12T15:01:38","slug":"mata-effekter-skattning","status":"publish","type":"page","link":"https:\/\/rcsyd.se\/skrs\/registrering\/mata-effekter-skattning","title":{"rendered":"M\u00e4ta effekter\/skattning"},"content":{"rendered":"<h1>M\u00e4ta effekter\/skattning<\/h1>\n<p>P\u00e5 denna sida finner du information om att m\u00e4ta effekter av rehabiliterande insatser, \u00e4ven kallat skattning.<\/p>\n<h2>Informationsblad<\/h2>\n<p>Via nedladdningsboxen p\u00e5 denna sida kan du ladda ner detaljerad information om hur M\u00e4ta effekter\/skattning g\u00f6rs.<\/p>\n<h2>Vanliga fr\u00e5gor<\/h2>\n<p>P\u00e5 SKRS:s sida med vanliga fr\u00e5gor finns ett avsnitt om M\u00e4ta effekter\/skattning.<br \/>\n<a href=\"https:\/\/rcsyd.se\/skrs\/vanliga-fragor\">Klicka h\u00e4r f\u00f6r att komma till sidan<\/a>.<\/p>\n<h2>Information om uppdatering i SKRS r\u00f6rande m\u00e4ta effekter\/skattning (2023-12-12)<\/h2>\n<p>Fr\u00e5n den 12 december uppdateras m\u00e4ta effekter\/skattning i SKRS. I skattningen v\u00e4ljs idag dom\u00e4n, exempelvis &#8221;L\u00e4rande och till\u00e4mpa kunskap&#8221;, d\u00e4r m\u00e5let som registreras \u00e4r det som har skattats som sv\u00e5rast. Nytt i och med uppdateringen \u00e4r att ytterligare en underniv\u00e5 (subdom\u00e4n) av ICF l\u00e4ggs in registret. Denna niv\u00e5 \u00e4r placerad mellan val av dom\u00e4n och skattning av sv\u00e5righetsgrad (grad av besv\u00e4r). Till\u00e4gget \u00e4r gjort efter \u00f6nskem\u00e5l fr\u00e5n anv\u00e4ndare som vill kunna specificera vilken aktivitet\/m\u00e5l som avses, kunna l\u00e4gga in flera m\u00e5l inom samma dom\u00e4n och att \u00e4ven kunna s\u00e4rskilja m\u00e5len vid uppf\u00f6ljning (slutskattning) efter genomf\u00f6rd rehabilitering.<\/p>\n<p>Varje underniv\u00e5 kommer att ha en fritextruta som kan anv\u00e4ndas f\u00f6r att s\u00e4rskilja m\u00e5len.<br \/>\n<strong>Observera att underniv\u00e5erna (subdom\u00e4nerna) \u00e4r obligatoriska att fylla i vid registrering.<\/strong><\/p>\n<p>Uppdateringen inneb\u00e4r \u00e4ven att SKRS kan f\u00f6lja upp effekten av de rehabiliterande insatserna p\u00e5 en mer specificerad niv\u00e5.<\/p>\n<h3>Exempel fr\u00e5n att m\u00e4ta effekter<\/h3>\n<h4>Val 1, v\u00e4lj dom\u00e4n<\/h4>\n<p>H\u00e4r v\u00e4ljs exempelvis &#8221;L\u00e4rande och att till\u00e4mpa kunskap&#8221;.<\/p>\n<h4>Val 2 (nytt), v\u00e4lj vilken typ av aktivitet\/m\u00e5l som skattas<\/h4>\n<p>Under &#8221;L\u00e4rande och till\u00e4mpa kunskap&#8221; finns f\u00f6ljande underniv\u00e5er:<\/p>\n<ul>\n<li>d120 Annat m\u00e5linriktat utnyttjande av sinnesintryck<\/li>\n<li>d140 Att l\u00e4ra sig l\u00e4sa<\/li>\n<li>d145 Att l\u00e4ra sig skriva<\/li>\n<li>d166 Att l\u00e4sa<\/li>\n<li>d170 Att skriva<\/li>\n<\/ul>\n<h4>Val 3, skattning av sv\u00e5righetsgrad enligt ICF-skalan<\/h4>\n<p>Detta g\u00f6rs p\u00e5 samma s\u00e4tt som innan.<\/p>\n<h3>St\u00f6dmaterial<\/h3>\n<p>Ytterligare st\u00f6dmaterial, &#8221;ICF-lista M\u00e4ta effekter\/skattning&#8221; och &#8221;Lathund M\u00e4ta effekter\/skattning&#8221;, finns att h\u00e4mta hem fr\u00e5n nedladdningsboxen p\u00e5 denna sida.<\/p>\n<h2>Utbildning om ICF (Internationell klassifikation av funktionstillst\u00e5nd, funktionshinder och h\u00e4lsa)<\/h2>\n<p>Alla enheter som ska delta i \u201dM\u00e4ta effekter\u201d beh\u00f6ver jobba enligt <abbr title=\"Internationell klassifikation av funktionstillst\u00e5nd, funktionshinder och h\u00e4lsa\">ICF<\/abbr>. Som st\u00f6d i detta arbete finns en utbildning om <abbr title=\"Internationell klassifikation av funktionstillst\u00e5nd, funktionshinder och h\u00e4lsa\">ICF<\/abbr> framtagen.<br \/>\n<a href=\"https:\/\/larportalenextern.skane.se\/external\/listing\/28\" target=\"_blank\" rel=\"noopener\">Klicka h\u00e4r f\u00f6r att komma till utbildningen<\/a>.<\/p>\n","protected":false},"excerpt":{"rendered":"<p>M\u00e4ta effekter\/skattning P\u00e5 denna sida finner du information om att m\u00e4ta effekter av rehabiliterande insatser, \u00e4ven kallat skattning. Informationsblad Via nedladdningsboxen p\u00e5 denna sida kan du ladda ner detaljerad information om hur M\u00e4ta effekter\/skattning g\u00f6rs. Vanliga fr\u00e5gor P\u00e5 SKRS:s sida med vanliga fr\u00e5gor finns ett avsnitt om M\u00e4ta effekter\/skattning. Klicka h\u00e4r f\u00f6r att komma till&#8230; <a class=\"read-more\" href=\"https:\/\/rcsyd.se\/skrs\/registrering\/mata-effekter-skattning\">L\u00e4s mer<\/a><\/p>\n","protected":false},"author":3,"featured_media":0,"parent":260,"menu_order":0,"comment_status":"closed","ping_status":"closed","template":"","meta":{"_acf_changed":false,"footnotes":""},"acf":[],"_links":{"self":[{"href":"https:\/\/rcsyd.se\/skrs\/wp-json\/wp\/v2\/pages\/2574"}],"collection":[{"href":"https:\/\/rcsyd.se\/skrs\/wp-json\/wp\/v2\/pages"}],"about":[{"href":"https:\/\/rcsyd.se\/skrs\/wp-json\/wp\/v2\/types\/page"}],"author":[{"embeddable":true,"href":"https:\/\/rcsyd.se\/skrs\/wp-json\/wp\/v2\/users\/3"}],"replies":[{"embeddable":true,"href":"https:\/\/rcsyd.se\/skrs\/wp-json\/wp\/v2\/comments?post=2574"}],"version-history":[{"count":16,"href":"https:\/\/rcsyd.se\/skrs\/wp-json\/wp\/v2\/pages\/2574\/revisions"}],"predecessor-version":[{"id":2765,"href":"https:\/\/rcsyd.se\/skrs\/wp-json\/wp\/v2\/pages\/2574\/revisions\/2765"}],"up":[{"embeddable":true,"href":"https:\/\/rcsyd.se\/skrs\/wp-json\/wp\/v2\/pages\/260"}],"wp:attachment":[{"href":"https:\/\/rcsyd.se\/skrs\/wp-json\/wp\/v2\/media?parent=2574"}],"curies":[{"name":"wp","href":"https:\/\/api.w.org\/{rel}","templated":true}]}}