{"id":2523,"date":"2023-05-17T11:05:47","date_gmt":"2023-05-17T11:05:47","guid":{"rendered":"https:\/\/rcsyd.se\/skrs\/?page_id=2523"},"modified":"2023-12-20T17:21:11","modified_gmt":"2023-12-20T17:21:11","slug":"2023-2","status":"publish","type":"page","link":"https:\/\/rcsyd.se\/skrs\/om-skrs\/anvandarmoten-skrs-dagar\/2023-2","title":{"rendered":"2023"},"content":{"rendered":"<h2>H\u00f6stens SKRS-dag<\/h2>\n<p>\u00c5rets andra SKRS (Svenskt Kvalitetsregister f\u00f6r Rehabilitering vid Synneds\u00e4ttning)-dag genomf\u00f6rdes den 11 oktober d\u00e5 cirka 60 personer fr\u00e5n landets syncentraler samlades digitalt via Teams.<\/p>\n<h3><span class=\"tojvnm2t a6sixzi8 abs2jz4q a8s20v7p t1p8iaqh k5wvi7nf q3lfd5jv pk4s997a bipmatt0 cebpdrjk qowsmv63 owwhemhu dp1hu0rb dhp61c6y iyyx5f41\">Sammanfattning fr\u00e5n dagen<\/span><\/h3>\n<p>Programmet inneh\u00f6ll presentationer och erfarenhetsutbyte i mindre grupper. Presentationerna handlade om inneh\u00e5llet i SKRS:s \u00e5rsrapport 2022, registrets t\u00e4ckningsgrad och arbetet med implementeringen av att m\u00e4ta effekter av rehabilitering.<br \/>\nGrupperna samtalade kring inf\u00f6randet av &#8221;M\u00e4ta effekter&#8221; och gav goda exempel p\u00e5 implementeringen, orsaker till kortare rehabiliteringstid och i vilka situationer man inte uppr\u00e4ttar en IRP (individuell rehabiliteringsplan).<\/p>\n<p>Svaren p\u00e5 den utv\u00e4rdering som skickades ut till alla deltagarna efter dagen visade ett fint resultat. Nedan f\u00f6ljer n\u00e5gra av de inkomna kommentarerna:<\/p>\n<ul>\n<li>&#8221;Givande gruppdiskussioner. Viktiga fr\u00e5gor togs upp och diskussionen fortsatte sedan h\u00e4r p\u00e5 enheten. Tydliga och givande presentationer.&#8221;<\/li>\n<li>&#8221;F\u00f6rsta g\u00e5ngen som jag var med. Har f\u00e5tt b\u00e4ttre f\u00f6rst\u00e5else f\u00f6r helheten och tyckte det var intressant med data som nu g\u00e5r att f\u00e5 ut. Har \u00e4ven kunnat se f\u00f6rb\u00e4ttringar som vi beh\u00f6ver g\u00f6ra hos oss f\u00f6r &#8217;b\u00e4ttre&#8217; registreringar.&#8221;<\/li>\n<li>&#8221;G\u00e4rna grupper utifr\u00e5n profession vid n\u00e5got tillf\u00e4lle fram\u00f6ver.&#8221;<\/li>\n<\/ul>\n<p>N\u00e4sta SKRS-dag h\u00e5lls digitalt som heldagsm\u00f6te den 24 april 2024. Boka in dagen redan nu i era kalendrar. Mer information kommer l\u00e4ngre fram.<\/p>\n<h2>V\u00e5rens SKRS-dag<\/h2>\n<p><span class=\"tojvnm2t a6sixzi8 abs2jz4q a8s20v7p t1p8iaqh k5wvi7nf q3lfd5jv pk4s997a bipmatt0 cebpdrjk qowsmv63 owwhemhu dp1hu0rb dhp61c6y iyyx5f41\">Styrgruppen f\u00f6r SKRS genomf\u00f6rde \u00e5rets f\u00f6rsta SKRS-dag den 26 april. M\u00f6tet h\u00f6lls digitalt och samlade cirka 60 personer fr\u00e5n samtliga syncentraler i landet.<\/span><\/p>\n<h3><span class=\"tojvnm2t a6sixzi8 abs2jz4q a8s20v7p t1p8iaqh k5wvi7nf q3lfd5jv pk4s997a bipmatt0 cebpdrjk qowsmv63 owwhemhu dp1hu0rb dhp61c6y iyyx5f41\">Sammanfattning fr\u00e5n dagen<\/span><\/h3>\n<p><span class=\"tojvnm2t a6sixzi8 abs2jz4q a8s20v7p t1p8iaqh k5wvi7nf q3lfd5jv pk4s997a bipmatt0 cebpdrjk qowsmv63 owwhemhu dp1hu0rb dhp61c6y iyyx5f41\">Programmet inneh\u00f6ll presentationer och erfarenhetsutbyte i mindre grupper.<\/span><\/p>\n<p><span class=\"tojvnm2t a6sixzi8 abs2jz4q a8s20v7p t1p8iaqh k5wvi7nf q3lfd5jv pk4s997a bipmatt0 cebpdrjk qowsmv63 owwhemhu dp1hu0rb dhp61c6y iyyx5f41\">Presentationerna handlade om SKRS:s handlingsplan, forskningsprogrammet, arbetet med implementeringen av M\u00e4ta effekter och det p\u00e5b\u00f6rjade arbetet med att f\u00e5 in barn och ungdomar i registret.<\/span><\/p>\n<p><span class=\"tojvnm2t a6sixzi8 abs2jz4q a8s20v7p t1p8iaqh k5wvi7nf q3lfd5jv pk4s997a bipmatt0 cebpdrjk qowsmv63 owwhemhu dp1hu0rb dhp61c6y iyyx5f41\">Grupperna samtalade kring t\u00e4ckningsgraden och arbetet med att \u00f6ka den, hur informationen fr\u00e5n SKRS-dagen sprids p\u00e5 enheten och om f\u00f6reg\u00e5ende SKRS-dagar har bidragit till f\u00f6r\u00e4ndring\/utveckling i den egna verksamheten och i s\u00e5 fall p\u00e5 vilket s\u00e4tt. Anteckningar fr\u00e5n samtalen har sammanst\u00e4llts och delats med deltagarna.<\/span><\/p>\n<p><span class=\"tojvnm2t a6sixzi8 abs2jz4q a8s20v7p t1p8iaqh k5wvi7nf q3lfd5jv pk4s997a bipmatt0 cebpdrjk qowsmv63 owwhemhu dp1hu0rb dhp61c6y iyyx5f41\">SKRS-dagarna \u00e4r bra tillf\u00e4llen f\u00f6r att f\u00e5 en uppdatering om det aktuella arbetet som p\u00e5g\u00e5r och en m\u00f6jlighet att dela erfarenheter med andra syncentraler. Syncentralerna har kommit olika l\u00e5ngt i arbetet.<\/span><\/p>\n","protected":false},"excerpt":{"rendered":"<p>H\u00f6stens SKRS-dag \u00c5rets andra SKRS (Svenskt Kvalitetsregister f\u00f6r Rehabilitering vid Synneds\u00e4ttning)-dag genomf\u00f6rdes den 11 oktober d\u00e5 cirka 60 personer fr\u00e5n landets syncentraler samlades digitalt via Teams. Sammanfattning fr\u00e5n dagen Programmet inneh\u00f6ll presentationer och erfarenhetsutbyte i mindre grupper. Presentationerna handlade om inneh\u00e5llet i SKRS:s \u00e5rsrapport 2022, registrets t\u00e4ckningsgrad och arbetet med implementeringen av att m\u00e4ta effekter&#8230; <a class=\"read-more\" href=\"https:\/\/rcsyd.se\/skrs\/om-skrs\/anvandarmoten-skrs-dagar\/2023-2\">L\u00e4s mer<\/a><\/p>\n","protected":false},"author":3,"featured_media":0,"parent":1118,"menu_order":0,"comment_status":"closed","ping_status":"closed","template":"","meta":{"_acf_changed":false,"footnotes":""},"acf":[],"_links":{"self":[{"href":"https:\/\/rcsyd.se\/skrs\/wp-json\/wp\/v2\/pages\/2523"}],"collection":[{"href":"https:\/\/rcsyd.se\/skrs\/wp-json\/wp\/v2\/pages"}],"about":[{"href":"https:\/\/rcsyd.se\/skrs\/wp-json\/wp\/v2\/types\/page"}],"author":[{"embeddable":true,"href":"https:\/\/rcsyd.se\/skrs\/wp-json\/wp\/v2\/users\/3"}],"replies":[{"embeddable":true,"href":"https:\/\/rcsyd.se\/skrs\/wp-json\/wp\/v2\/comments?post=2523"}],"version-history":[{"count":8,"href":"https:\/\/rcsyd.se\/skrs\/wp-json\/wp\/v2\/pages\/2523\/revisions"}],"predecessor-version":[{"id":2627,"href":"https:\/\/rcsyd.se\/skrs\/wp-json\/wp\/v2\/pages\/2523\/revisions\/2627"}],"up":[{"embeddable":true,"href":"https:\/\/rcsyd.se\/skrs\/wp-json\/wp\/v2\/pages\/1118"}],"wp:attachment":[{"href":"https:\/\/rcsyd.se\/skrs\/wp-json\/wp\/v2\/media?parent=2523"}],"curies":[{"name":"wp","href":"https:\/\/api.w.org\/{rel}","templated":true}]}}