{"id":2265,"date":"2021-09-22T13:13:33","date_gmt":"2021-09-22T13:13:33","guid":{"rendered":"https:\/\/rcsyd.se\/skrs\/?page_id=2265"},"modified":"2026-02-04T13:42:56","modified_gmt":"2026-02-04T13:42:56","slug":"2021-2","status":"publish","type":"page","link":"https:\/\/rcsyd.se\/skrs\/om-skrs\/anvandarmoten-skrs-dagar\/2021-2","title":{"rendered":"2021"},"content":{"rendered":"<h1>2021<\/h1>\n<p>Svenskt Kvalitetsregister f\u00f6r rehabilitering vid synneds\u00e4ttning, SKRS, genomf\u00f6rde ett digitalt anv\u00e4ndarm\u00f6te via Teams den 13 oktober. Syftet med m\u00f6tet var att ge en \u00e5terkoppling kring kvalitetsregistrets arbete b\u00e5de nu och strategiskt fram\u00e5t. M\u00e5let var ocks\u00e5 att den nationella samsynen inom synrehabilitering skall \u00f6ka och forts\u00e4tta att utvecklas.<\/p>\n<p>Deltagare var synchefer och\u00a0 kontaktpersoner i landet. Gl\u00e4djande \u00e4r att Sveriges samtliga regioner nu finns med i SKRS!<\/p>\n<h2>Rapport fr\u00e5n anv\u00e4ndarm\u00f6tet<\/h2>\n<p>SKRS:s registerh\u00e5llare Fanny Petersson gav en inledning och presentation av dagen och d\u00e4refter presenterades \u00e5rsrapporten f\u00f6r 2020 och handlingsplanen. Under f\u00f6rmiddagen arbetade vi sedan i mindre grupper kring \u00e5rsrapporten och handlingsplanen.<\/p>\n<p>Efter lunchen presenterade Susanne Albrecht fr\u00e5n RC Syd visualiseringsverktyget som kommer nu i h\u00f6st. SKRS:s dashboard visar idag antal patienter, v\u00e4ntetiden till rehabilitering, antal uppr\u00e4ttade IHP\/IRP med mera. Visualiseringsverktyget ligger ocks\u00e5 p\u00e5 dashboarden och ger ytterligare en m\u00f6jlighet att m\u00e4ta effekt och f\u00f6lja upp verksamheterna.<\/p>\n<p>Jeanette K\u00e4llstrand, forskare, ber\u00e4ttade om utv\u00e4rderingsprojektet &#8221;M\u00e4ta effekter&#8221; d\u00e4r Region Halland och Region V\u00e4stra G\u00f6taland har varit pilotverksamheter.<\/p>\n<p>Vi arbetade i mindre reflektionsgrupper b\u00e5de p\u00e5 f\u00f6rmiddagen och eftermiddagen. Styrgruppsmedlemmarna fick uppgiften att dokumentera och sammanfatta gruppernas reflektioner.<\/p>\n<p>\u00c5r 2015 blev SKRS en registerkandidat och sedan 2019 befinner sig SKRS p\u00e5 certifieringsniv\u00e5 3. Man har sedan fyra \u00e5r p\u00e5 sig att uppfylla kriterierna f\u00f6r n\u00e4sta niv\u00e5 som \u00e4r certifieringsniv\u00e5 2. Det inneb\u00e4r att vi i v\u00e5r ans\u00f6kan h\u00f6sten 2022 kan visa att vi uppfyller kriterierna f\u00f6r niv\u00e5 2 samtidigt som vi m\u00e5ste beh\u00e5lla och klara kriterierna f\u00f6r niv\u00e5 3. SKRS beh\u00f6ver finslipa vissa delar (till exempel t\u00e4ckningsgraden) p\u00e5 niv\u00e5 3, men det finns ocks\u00e5 delar som redan \u00e4r klara f\u00f6r certifieringsniv\u00e5 2. I SKRS:s handlingsplan finns alla aktiviteter som \u00e4r n\u00f6dv\u00e4ndiga f\u00f6r att n\u00e5 i m\u00e5l, det vill s\u00e4ga klara kriterierna f\u00f6r certifieringsniv\u00e5 2 \u00e5r 2023.<br \/>\nDet som p\u00e5g\u00e5r nu \u00e4r att ledningsfunktionen f\u00f6r Nationella Kvalitetsregister har beslutat om justerade kriterier f\u00f6r certifieringsniv\u00e5er och f\u00f6r bed\u00f6mning av Nationella Kvalitetsregister. Det handlar om ett f\u00f6rtydligande av kriterier som varit\u00a0 sv\u00e5rtolkade och f\u00f6rtydligande g\u00e4llande samarbeten med kunskapsstyrningssystemet och framtidens v\u00e5rdinformationsmilj\u00f6er.<\/p>\n<p>En stor fr\u00e5ga som \u00e4r p\u00e5 agendan nu \u00e4r om barnsynskaderegistret kan g\u00e5 samman med SKRS. Det \u00e4r ett register som \u00f6gonl\u00e4kare ansvarar f\u00f6r men som idag inte \u00e4r ett kvalitetsregister. Tanken har alltid varit att det ska finnas en barnmodul i SKRS. En riskanalys \u00e4r\u00a0 p\u00e5b\u00f6rjad kring barnsynskaderegistret som en del i SKRS och beslut tas 2022.<\/p>\n<h2>Anv\u00e4ndarm\u00f6tet i tidningen Nya Synv\u00e4rlden<\/h2>\n<p>Rapporten ovan har \u00e4ven f\u00e5tt plats i Nya Synv\u00e4rlden nummer 4 2021.<\/p>\n<p><a href=\"https:\/\/rcsyd.se\/skrs\/wp-content\/uploads\/sites\/4\/2021\/12\/Nya-Synvarlden-nummer-4-2021.pdf\" target=\"_blank\" rel=\"noopener\">Klicka h\u00e4r f\u00f6r att komma till Nya Synv\u00e4rldens tidningsarkiv.<\/a><\/p>\n<h2>Program<\/h2>\n<p><a href=\"https:\/\/rcsyd.se\/skrs\/wp-content\/uploads\/sites\/4\/2021\/09\/Program-SKRS-dag-211012.pdf\" target=\"_blank\" rel=\"noopener\">Klicka h\u00e4r f\u00f6r att ladda ner programmet fr\u00e5n SKRS-dagen<\/a> (PDF-format, 133 kB).<\/p>\n<p>&nbsp;<\/p>\n","protected":false},"excerpt":{"rendered":"<p>2021 Svenskt Kvalitetsregister f\u00f6r rehabilitering vid synneds\u00e4ttning, SKRS, genomf\u00f6rde ett digitalt anv\u00e4ndarm\u00f6te via Teams den 13 oktober. Syftet med m\u00f6tet var att ge en \u00e5terkoppling kring kvalitetsregistrets arbete b\u00e5de nu och strategiskt fram\u00e5t. M\u00e5let var ocks\u00e5 att den nationella samsynen inom synrehabilitering skall \u00f6ka och forts\u00e4tta att utvecklas. Deltagare var synchefer och\u00a0 kontaktpersoner i landet&#8230;. <a class=\"read-more\" href=\"https:\/\/rcsyd.se\/skrs\/om-skrs\/anvandarmoten-skrs-dagar\/2021-2\">L\u00e4s mer<\/a><\/p>\n","protected":false},"author":3,"featured_media":0,"parent":1118,"menu_order":0,"comment_status":"closed","ping_status":"closed","template":"","meta":{"_acf_changed":false,"footnotes":""},"acf":[],"_links":{"self":[{"href":"https:\/\/rcsyd.se\/skrs\/wp-json\/wp\/v2\/pages\/2265"}],"collection":[{"href":"https:\/\/rcsyd.se\/skrs\/wp-json\/wp\/v2\/pages"}],"about":[{"href":"https:\/\/rcsyd.se\/skrs\/wp-json\/wp\/v2\/types\/page"}],"author":[{"embeddable":true,"href":"https:\/\/rcsyd.se\/skrs\/wp-json\/wp\/v2\/users\/3"}],"replies":[{"embeddable":true,"href":"https:\/\/rcsyd.se\/skrs\/wp-json\/wp\/v2\/comments?post=2265"}],"version-history":[{"count":7,"href":"https:\/\/rcsyd.se\/skrs\/wp-json\/wp\/v2\/pages\/2265\/revisions"}],"predecessor-version":[{"id":2973,"href":"https:\/\/rcsyd.se\/skrs\/wp-json\/wp\/v2\/pages\/2265\/revisions\/2973"}],"up":[{"embeddable":true,"href":"https:\/\/rcsyd.se\/skrs\/wp-json\/wp\/v2\/pages\/1118"}],"wp:attachment":[{"href":"https:\/\/rcsyd.se\/skrs\/wp-json\/wp\/v2\/media?parent=2265"}],"curies":[{"name":"wp","href":"https:\/\/api.w.org\/{rel}","templated":true}]}}