{"id":2194,"date":"2020-11-18T10:23:41","date_gmt":"2020-11-18T10:23:41","guid":{"rendered":"https:\/\/rcsyd.se\/skrs\/?page_id=2194"},"modified":"2022-04-20T08:59:05","modified_gmt":"2022-04-20T08:59:05","slug":"ovriga-publikationer","status":"publish","type":"page","link":"https:\/\/rcsyd.se\/skrs\/publikationer\/ovriga-publikationer","title":{"rendered":"\u00d6vriga publikationer"},"content":{"rendered":"<h1>\u00d6vriga publikationer<\/h1>\n<h2>Valideringshandbok<\/h2>\n<p>Uppgifter och resultat fr\u00e5n kvalitetsregister anv\u00e4nds i allt h\u00f6gre grad i v\u00e5rdens kvalitetsarbete, ledning\/styrning och forskning. D\u00e4rf\u00f6r har det blivit allt viktigare att data i registren \u00e4r kompletta och korrekta. P\u00e5 uppdrag av beslutsgruppen f\u00f6r Nationella Kvalitetsregister finns det en webbaserad handbok uppr\u00e4ttad g\u00e4llande arbetet med att validera kvalitetsregistren.<\/p>\n<p><a href=\"https:\/\/skr.se\/kvalitetsregister\/drivaregister\/valideringshandbok.54585.html\" target=\"_blank\" rel=\"noopener noreferrer\">Klicka h\u00e4r f\u00f6r att komma till handboken hos nationellakvalitetsregister.se<\/a>.<\/p>\n","protected":false},"excerpt":{"rendered":"<p>\u00d6vriga publikationer Valideringshandbok Uppgifter och resultat fr\u00e5n kvalitetsregister anv\u00e4nds i allt h\u00f6gre grad i v\u00e5rdens kvalitetsarbete, ledning\/styrning och forskning. D\u00e4rf\u00f6r har det blivit allt viktigare att data i registren \u00e4r kompletta och korrekta. P\u00e5 uppdrag av beslutsgruppen f\u00f6r Nationella Kvalitetsregister finns det en webbaserad handbok uppr\u00e4ttad g\u00e4llande arbetet med att validera kvalitetsregistren. Klicka h\u00e4r f\u00f6r&#8230; <a class=\"read-more\" href=\"https:\/\/rcsyd.se\/skrs\/publikationer\/ovriga-publikationer\">L\u00e4s mer<\/a><\/p>\n","protected":false},"author":3,"featured_media":0,"parent":16,"menu_order":0,"comment_status":"closed","ping_status":"closed","template":"","meta":{"_acf_changed":false,"footnotes":""},"acf":[],"_links":{"self":[{"href":"https:\/\/rcsyd.se\/skrs\/wp-json\/wp\/v2\/pages\/2194"}],"collection":[{"href":"https:\/\/rcsyd.se\/skrs\/wp-json\/wp\/v2\/pages"}],"about":[{"href":"https:\/\/rcsyd.se\/skrs\/wp-json\/wp\/v2\/types\/page"}],"author":[{"embeddable":true,"href":"https:\/\/rcsyd.se\/skrs\/wp-json\/wp\/v2\/users\/3"}],"replies":[{"embeddable":true,"href":"https:\/\/rcsyd.se\/skrs\/wp-json\/wp\/v2\/comments?post=2194"}],"version-history":[{"count":2,"href":"https:\/\/rcsyd.se\/skrs\/wp-json\/wp\/v2\/pages\/2194\/revisions"}],"predecessor-version":[{"id":2317,"href":"https:\/\/rcsyd.se\/skrs\/wp-json\/wp\/v2\/pages\/2194\/revisions\/2317"}],"up":[{"embeddable":true,"href":"https:\/\/rcsyd.se\/skrs\/wp-json\/wp\/v2\/pages\/16"}],"wp:attachment":[{"href":"https:\/\/rcsyd.se\/skrs\/wp-json\/wp\/v2\/media?parent=2194"}],"curies":[{"name":"wp","href":"https:\/\/api.w.org\/{rel}","templated":true}]}}