{"id":2180,"date":"2020-10-16T11:40:16","date_gmt":"2020-10-16T11:40:16","guid":{"rendered":"https:\/\/rcsyd.se\/skrs\/?page_id=2180"},"modified":"2026-02-04T13:38:42","modified_gmt":"2026-02-04T13:38:42","slug":"2020-2","status":"publish","type":"page","link":"https:\/\/rcsyd.se\/skrs\/om-skrs\/anvandarmoten-skrs-dagar\/2020-2","title":{"rendered":"2020"},"content":{"rendered":"<h1>2020<\/h1>\n<p><strong>F\u00f6r femte \u00e5ret i rad var det dags att samla alla enheter som medverkar i och har intresse av SKRS (Svenskt Kvalitetsregister f\u00f6r Rehabilitering vid Synneds\u00e4ttning). I \u00e5r skedde m\u00f6tet digitalt via Teams.<\/strong><\/p>\n<p>SKRS-dag \u00e4r fr\u00e5n och med i \u00e5r den nya ben\u00e4mningen p\u00e5 det som tidigare hette anv\u00e4ndarm\u00f6te. Dagen genomf\u00f6rdes den 14 oktober. P\u00e5 grund av Covid-19-pandemin skedde \u00e5rets SKRS-dag digitalt via applikationen Teams. Uppkopplade till m\u00f6tet var 44 avdelningschefer och kontaktpersoner. Tillsammans med den del av styrgruppen som gav information blev vi totalt 51 deltagare. Tekniken var till stora delar med oss och programmet kunde genomf\u00f6ras utan problem.<\/p>\n<p>M\u00f6tet inleddes med att registerh\u00e5llare Fanny Petersson h\u00e4lsade alla v\u00e4lkomna, redogjorde f\u00f6r dagens program och klargjorde f\u00f6ruts\u00e4ttningar f\u00f6r att m\u00f6tet skulle fungera. D\u00e4refter gick Fanny tillsammans med Susanne Albrecht fr\u00e5n Registercentrum Syd igenom \u00e5rsrapporten f\u00f6r 2019.<\/p>\n<p>N\u00e4r en liten paus med m\u00f6jlighet till att str\u00e4cka p\u00e5 benen avklarats tog Anna-Karin \u00d6hman och Eva Karlstr\u00f6m vid och redogjorde f\u00f6r t\u00e4ckningsgraden i SKRS. Peter Henriksson redogjorde ocks\u00e5 f\u00f6r hur det fungerar i Blekinge.<\/p>\n<p>Efter lunch startade klockan 12:45 eftermiddagens program med att Anna-Karin \u00d6hman och Lotta Edman redogjorde f\u00f6r arbetet med KV\u00c5 (klassifikation av v\u00e5rd\u00e5tg\u00e4rder)-koder. De visade yrkesvis uppst\u00e4llda listor p\u00e5 <abbr title=\"klassifikation av v\u00e5rd\u00e5tg\u00e4rder\">KV\u00c5<\/abbr>-koder som fr\u00e5n och med \u00e5rsskiftet 2020\/2021 kommer att g\u00e4lla vid registrering i modulen. Listorna finns inlagda p\u00e5 hemsidan under Registrering -&gt; Manualer, kodlistor och variabelf\u00f6rteckning och \u00e4r tillg\u00e4ngliga f\u00f6r nedladdning.<\/p>\n<p>D\u00e5 dagens andra benstr\u00e4ckarpaus passerat redogjorde Emelie Lombard f\u00f6r vad som \u00e4r en rehabiliteringsplan i SKRS. Eftermiddagen fortsatte sedan med att Susanne Albrecht redogjorde f\u00f6r kommande m\u00f6jligheter till visualisering p\u00e5 data fr\u00e5n registret.<\/p>\n<p>Som avrundning p\u00e5 dagen redogjorde registerh\u00e5llare Fanny lite kring vad som ligger i framtiden och Sara Anderson och Lotta Edman visade lite fr\u00e5n piloten som bedrivs i V\u00e4stra G\u00f6talandsregionen och Halland, kallad \u201dAtt m\u00e4ta effekter\u201d. Piloten \u00e4r just nu under utv\u00e4rdering och rutiner h\u00e5ller p\u00e5 att uppr\u00e4ttas. Fr\u00e5gor som tas upp i piloten \u00e4r bland annat:<\/p>\n<ul>\n<li>Vad har man f\u00f6r uppdrag som kontaktperson?<\/li>\n<li>Hur h\u00e5ller vi e-postadresser till chefer och kontaktpersoner aktuella?<\/li>\n<\/ul>\n<p>Styrgruppen tackar alla som deltog p\u00e5 SKRS-dagen och p\u00e5minner om att svara p\u00e5 den utv\u00e4rderingsl\u00e4nk som s\u00e4ndes ut!<\/p>\n","protected":false},"excerpt":{"rendered":"<p>2020 F\u00f6r femte \u00e5ret i rad var det dags att samla alla enheter som medverkar i och har intresse av SKRS (Svenskt Kvalitetsregister f\u00f6r Rehabilitering vid Synneds\u00e4ttning). I \u00e5r skedde m\u00f6tet digitalt via Teams. SKRS-dag \u00e4r fr\u00e5n och med i \u00e5r den nya ben\u00e4mningen p\u00e5 det som tidigare hette anv\u00e4ndarm\u00f6te. Dagen genomf\u00f6rdes den 14 oktober&#8230;. <a class=\"read-more\" href=\"https:\/\/rcsyd.se\/skrs\/om-skrs\/anvandarmoten-skrs-dagar\/2020-2\">L\u00e4s mer<\/a><\/p>\n","protected":false},"author":3,"featured_media":0,"parent":1118,"menu_order":0,"comment_status":"closed","ping_status":"closed","template":"","meta":{"_acf_changed":false,"footnotes":""},"acf":[],"_links":{"self":[{"href":"https:\/\/rcsyd.se\/skrs\/wp-json\/wp\/v2\/pages\/2180"}],"collection":[{"href":"https:\/\/rcsyd.se\/skrs\/wp-json\/wp\/v2\/pages"}],"about":[{"href":"https:\/\/rcsyd.se\/skrs\/wp-json\/wp\/v2\/types\/page"}],"author":[{"embeddable":true,"href":"https:\/\/rcsyd.se\/skrs\/wp-json\/wp\/v2\/users\/3"}],"replies":[{"embeddable":true,"href":"https:\/\/rcsyd.se\/skrs\/wp-json\/wp\/v2\/comments?post=2180"}],"version-history":[{"count":4,"href":"https:\/\/rcsyd.se\/skrs\/wp-json\/wp\/v2\/pages\/2180\/revisions"}],"predecessor-version":[{"id":2972,"href":"https:\/\/rcsyd.se\/skrs\/wp-json\/wp\/v2\/pages\/2180\/revisions\/2972"}],"up":[{"embeddable":true,"href":"https:\/\/rcsyd.se\/skrs\/wp-json\/wp\/v2\/pages\/1118"}],"wp:attachment":[{"href":"https:\/\/rcsyd.se\/skrs\/wp-json\/wp\/v2\/media?parent=2180"}],"curies":[{"name":"wp","href":"https:\/\/api.w.org\/{rel}","templated":true}]}}