{"id":1835,"date":"2017-02-15T09:04:08","date_gmt":"2017-02-15T09:04:08","guid":{"rendered":"https:\/\/rcsyd.se\/skrs\/?page_id=1835"},"modified":"2020-06-17T12:10:20","modified_gmt":"2020-06-17T12:10:20","slug":"stadgar","status":"publish","type":"page","link":"https:\/\/rcsyd.se\/skrs\/om-skrs\/stadgar","title":{"rendered":"Stadgar"},"content":{"rendered":"<h1>Stadgar<\/h1>\n<p>Nedan redovisas stadgarna f\u00f6r SKRS (Svenskt Kvalitetsregister f\u00f6r Rehabilitering vid Synneds\u00e4ttning).<\/p>\n<h2>\u00a7 1 Syfte<\/h2>\n<p>SKRS \u00e4r ett nationellt kvalitetsregister som har till syfte att<\/p>\n<ul>\n<li>\u00f6ka kunskapen om rehabiliterings\u00e5tg\u00e4rder och dess effekt f\u00f6r att uppn\u00e5 likv\u00e4rdig synrehabilitering i Sverige<\/li>\n<li>utveckla process- och resultatm\u00e5tt efter relevanta evidensbaserade \u00e5tg\u00e4rder<\/li>\n<li>utg\u00f6ra underlag f\u00f6r forskning, verksamhetsutveckling och kliniskt f\u00f6rb\u00e4ttringsarbete.<\/li>\n<\/ul>\n<h2>\u00a7 2 Samverkan<\/h2>\n<p>SKRS samverkar med Registercentrum Syd som ansvarar f\u00f6r alla avtal med eventuella parter utanf\u00f6r registret och administrerar SKRS med s\u00e4rskilt avtal. Centralt personuppgiftsansvarig myndighet \u00e4r Region Blekinge.<\/p>\n<h2>\u00a7 3 Medlemskap<\/h2>\n<p>SKRS \u00e4r \u00f6ppet f\u00f6r regionernas synenheter i Sverige som arbetar med synrehabilitering. Varje synenhet som \u00f6nskar medlemskap i SKRS skall vara separat anv\u00e4ndare oavsett organisationsstruktur i respektive region.<\/p>\n<h2>\u00a7 4 Avgifter<\/h2>\n<p>Deltagande enheter kan komma att debiteras avgift f\u00f6r anslutning\/registrering. Storleken p\u00e5 denna avgift fastst\u00e4lls av styrgruppen f\u00f6r SKRS vid det sista av de ordinarie styrgruppsm\u00f6tena \u00e5rligen.<\/p>\n<h2>\u00a7 5 Verksamhets- och r\u00e4kenskaps\u00e5r<\/h2>\n<p>SKRS:s verksamhets- och r\u00e4kenskaps\u00e5r \u00e4r kalender\u00e5r, det vill s\u00e4ga den 1 januari till den 31 december.<\/p>\n<h2>\u00a7 6 Ekonomi<\/h2>\n<p>SKRS bedrivs med st\u00f6d av registermedel fr\u00e5n Sveriges Kommuner och Regioner (SKR). Registermedel ans\u00f6ks om \u00e5rligen av registerh\u00e5llaren med st\u00f6d av styrgruppen.<br \/>\nBeviljade registermedel f\u00f6rvaltas av registerh\u00e5llaren. Anv\u00e4ndande av registermedel \u00e4r utsatt f\u00f6r offentlig revision. Styrgruppen har r\u00e4tten att tidsbegr\u00e4nsat anlita konsulter till SKRS, dock kommer SKRS i f\u00f6rsta hand att anlita personal som \u00e4r anst\u00e4llda hos medlemmarna. Ekonomin administreras enligt s\u00e4rskilt avtal av Registercentrum Syds kontor i Karlskrona.<\/p>\n<h2>\u00a7 7 Styrgruppens sammanst\u00e4llning och arbetss\u00e4tt<\/h2>\n<h3>7:1 Registerh\u00e5llare<\/h3>\n<p>Registerh\u00e5llare beslutas av styrgrupp efter remissrunda till SYNS (Syncentralernas nationella samverkansgrupp). Mandatperioden f\u00f6r utsedd registerh\u00e5llare \u00e4r tre \u00e5r. Omval av registerh\u00e5llare kan ske.<br \/>\nRegisterh\u00e5llaren \u00e4r styrgruppens ordf\u00f6rande och ansvarig f\u00f6r det nationella registret och \u00e4r ansvarig f\u00f6r att f\u00f6rvaring och bearbetning av data sker p\u00e5 ett betryggande s\u00e4tt. Registerh\u00e5llaren ansvarar ocks\u00e5 f\u00f6r ans\u00f6kningar i registrets namn.<br \/>\nStyrgruppen kan ut\u00f6ver registerh\u00e5llare \u00e4ven utse en bitr\u00e4dande registerh\u00e5llare.<\/p>\n<h3>7:2 Styrgrupp<\/h3>\n<p>Styrgruppen ska spegla olika professioner inom synverksamheterna samt stora och sm\u00e5 verksamheter med geografiskt spridning. Till registret b\u00f6r \u00e4ven en sakkunnig inom forskning knytas och likas\u00e5 en medlem som representerar synenheternas m\u00e5lgrupp. Till gruppen adjungeras \u00e4ven en representant fr\u00e5n Registercentrum Syd.<br \/>\nF\u00f6rslag p\u00e5 medlemmar i styrgruppen kan f\u00f6resl\u00e5s av styrgruppen, syncheferna och <abbr title=\"Syncentralernas nationella samverkansgrupp\">SYNS<\/abbr>. Mandatperioden f\u00f6r styrgruppsmedlemmar \u00e4r tre \u00e5r. Omval kan ske. Styrgruppen fattar beslut kring nya medlemmar.<br \/>\nStyrgruppen \u00e4ger r\u00e4tt att adjungera sakkunniga n\u00e4r behov finns. Styrgruppen konstituerar sig sj\u00e4lv och ska sammantr\u00e4da minst fyra g\u00e5nger per \u00e5r.<br \/>\nStyrgruppen \u00e4r beslutsm\u00e4ssig n\u00e4r minst tre fj\u00e4rdedelar av medlemmarna deltar.<br \/>\nAgenda och minnesanteckningar \u00f6ver styrgruppsm\u00f6ten ska finnas p\u00e5 digital samarbetsplats. D\u00e4r ska \u00e4ven arbetsmaterial och projekt som arbetsgrupper utf\u00f6r finnas.<\/p>\n<p>Styrgruppens befogenheter \u00e4r att<\/p>\n<ul>\n<li>ta \u00f6vergripande strategiska beslut f\u00f6r registret och dess utveckling<\/li>\n<li>ha \u00f6vergripande ansvar f\u00f6r juridiska och etiska fr\u00e5gor<\/li>\n<li>ha \u00f6vergripande ansvar f\u00f6r registrets ekonomi<\/li>\n<li>ha \u00f6vergripande ansvar f\u00f6r drift\/underh\u00e5ll av register<\/li>\n<li>vara beslutsfattare f\u00f6r forskningsprojekt\/uppdrag som ber\u00f6r mer \u00e4n en medlems data<\/li>\n<li>utse och tills\u00e4tta arbetsgrupper.<\/li>\n<\/ul>\n<h2>\u00a7 8 Ansvar f\u00f6r dataregister och forskning<\/h2>\n<h3>8.1 Juridiskt<\/h3>\n<p>Juridiskt ansvarig f\u00f6r SKRS:s dataregister \u00e4r CPUA (centralt personuppgiftsansvarig). SKRS ska vara kopplat till ett registercenrum och f\u00f6lja g\u00e4llande lagar och f\u00f6rordningar som styr kvalitetsregister. SKRS:s styrgrupp ansvarar f\u00f6r SKRS:s databas och beslutar om en policy f\u00f6r vilka utdatarapporter som ska tas fram.<\/p>\n<h3>8.2 Vetenskaplig verksamhet och publikationer<\/h3>\n<p>SKRS \u00e4r uppbyggt s\u00e5 att det m\u00f6jligg\u00f6r vetenskapliga bearbetningar med epidemiologisk teknik. Forskningsprojekt kan initieras av styrgrupp, medlemmar eller andra intresserade. Forskningsprojekt som g\u00e4ller uttag fr\u00e5n flera medlemmar skall anm\u00e4las till styrgruppens forskningsansvarige och styrgruppen beslutar om uttag av registerdata ska beviljas projektet. Alla beviljade forskningsprojekt som g\u00e4ller flera medlemmars data ska finnas registrerade i en projektkatalog samt ansl\u00e5s p\u00e5 hemsidan.<br \/>\nTillst\u00e5nd fr\u00e5n etisk pr\u00f6vningsn\u00e4mnd ska ocks\u00e5 finnas f\u00f6r uttag ur registret. Vid anv\u00e4ndning av registerdata fr\u00e5n SKRS skall SKRS som k\u00e4lla alltid anges.<\/p>\n<h3>8.3 Deltagande synenheter och lokal rapportering<\/h3>\n<p>Deltagande synenheter ansvarar f\u00f6r inmatning av egna data, f\u00f6r bearbetning och presentation av egna data, att lokala anv\u00e4ndare \u00e4r beh\u00f6riga att handha journaldata samt att registret ryms inom det generella tillst\u00e5ndet f\u00f6r v\u00e5rdregister som finns inom regionen och \u00e4r registrerat hos detta.<br \/>\nDeltagande synenheter \u00e4r ansvariga f\u00f6r att lokalt uttag av egna data sker enligt de lagar och f\u00f6reskrifter som finns hos den egna regionen.<\/p>\n<h2>\u00a7 9 \u00c4ndring av stadgar<\/h2>\n<p>Styrgruppen fattar beslut om \u00e4ndring av stadgar efter samverkan med <abbr title=\"Syncentralernas nationella samverkansgrupp\">SYNS<\/abbr>.<\/p>\n<h2>\u00a7 10 Anv\u00e4ndarm\u00f6te<\/h2>\n<p>SKRS ska anordna ett anv\u00e4ndarm\u00f6te minst en g\u00e5ng per \u00e5r dit chefer f\u00f6r synverksamheter och kontaktpersoner blir kallade.<\/p>\n","protected":false},"excerpt":{"rendered":"<p>Stadgar Nedan redovisas stadgarna f\u00f6r SKRS (Svenskt Kvalitetsregister f\u00f6r Rehabilitering vid Synneds\u00e4ttning). \u00a7 1 Syfte SKRS \u00e4r ett nationellt kvalitetsregister som har till syfte att \u00f6ka kunskapen om rehabiliterings\u00e5tg\u00e4rder och dess effekt f\u00f6r att uppn\u00e5 likv\u00e4rdig synrehabilitering i Sverige utveckla process- och resultatm\u00e5tt efter relevanta evidensbaserade \u00e5tg\u00e4rder utg\u00f6ra underlag f\u00f6r forskning, verksamhetsutveckling och kliniskt f\u00f6rb\u00e4ttringsarbete&#8230;. <a class=\"read-more\" href=\"https:\/\/rcsyd.se\/skrs\/om-skrs\/stadgar\">L\u00e4s mer<\/a><\/p>\n","protected":false},"author":11,"featured_media":0,"parent":363,"menu_order":0,"comment_status":"closed","ping_status":"closed","template":"","meta":{"_acf_changed":false,"footnotes":""},"acf":[],"_links":{"self":[{"href":"https:\/\/rcsyd.se\/skrs\/wp-json\/wp\/v2\/pages\/1835"}],"collection":[{"href":"https:\/\/rcsyd.se\/skrs\/wp-json\/wp\/v2\/pages"}],"about":[{"href":"https:\/\/rcsyd.se\/skrs\/wp-json\/wp\/v2\/types\/page"}],"author":[{"embeddable":true,"href":"https:\/\/rcsyd.se\/skrs\/wp-json\/wp\/v2\/users\/11"}],"replies":[{"embeddable":true,"href":"https:\/\/rcsyd.se\/skrs\/wp-json\/wp\/v2\/comments?post=1835"}],"version-history":[{"count":7,"href":"https:\/\/rcsyd.se\/skrs\/wp-json\/wp\/v2\/pages\/1835\/revisions"}],"predecessor-version":[{"id":1969,"href":"https:\/\/rcsyd.se\/skrs\/wp-json\/wp\/v2\/pages\/1835\/revisions\/1969"}],"up":[{"embeddable":true,"href":"https:\/\/rcsyd.se\/skrs\/wp-json\/wp\/v2\/pages\/363"}],"wp:attachment":[{"href":"https:\/\/rcsyd.se\/skrs\/wp-json\/wp\/v2\/media?parent=1835"}],"curies":[{"name":"wp","href":"https:\/\/api.w.org\/{rel}","templated":true}]}}