{"id":176,"date":"2014-12-18T10:05:31","date_gmt":"2014-12-18T10:05:31","guid":{"rendered":"https:\/\/rcsyd.se\/skrs\/?page_id=176"},"modified":"2024-02-28T09:45:46","modified_gmt":"2024-02-28T09:45:46","slug":"lankar","status":"publish","type":"page","link":"https:\/\/rcsyd.se\/skrs\/lankar","title":{"rendered":"L\u00e4nkar"},"content":{"rendered":"<h1 align=\"left\">L\u00e4nkar<\/h1>\n<h2 align=\"left\">Organisationer\/Myndigheter<\/h2>\n<p>F\u00f6rbundet Sveriges D\u00f6vblinda (FSDB)<br \/>\n<a href=\"http:\/\/www.fsdb.org\/\" target=\"_blank\" rel=\"noopener noreferrer\">www.fsdb.org<\/a><\/p>\n<p>F\u00f6reningen F\u00f6r Synrehabilitering Sverige (FFS)<br \/>\n<a href=\"http:\/\/ffss.se\/\" target=\"_blank\" rel=\"noopener noreferrer\">www.ffss.se<\/a><\/p>\n<p>Nationella Kvalitetsregister<br \/>\n<a href=\"http:\/\/www.kvalitetsregister.se\/\" target=\"_blank\" rel=\"noopener noreferrer\">www.kvalitetsregister.se<\/a><\/p>\n<p>Qulturum<br \/>\n<a href=\"http:\/\/www.qulturum.se\/\" target=\"_blank\" rel=\"noopener noreferrer\">www.qulturum.se<\/a><\/p>\n<p>Socialstyrelsen (SoS)<br \/>\n<a href=\"http:\/\/www.socialstyrelsen.se\" target=\"_blank\" rel=\"noopener noreferrer\">www.socialstyrelsen.se<\/a><\/p>\n<p>Sveriges Kommuner och Regioner (SKR)<br \/>\n<a href=\"http:\/\/www.skr.se\/\" target=\"_blank\" rel=\"noopener noreferrer\">www.skr.se<\/a><\/p>\n<p>Synskadades Riksf\u00f6rbund (SRF)<br \/>\n<a href=\"http:\/\/www.srf.nu\/\" target=\"_blank\" rel=\"noopener noreferrer\">www.srf.nu<\/a><\/p>\n<p>Unga med Synneds\u00e4ttning<br \/>\n<a href=\"http:\/\/www.ungsyn.se\/\" target=\"_blank\" rel=\"noopener noreferrer\">www.ungsyn.se<\/a><\/p>\n<p>1177 V\u00e5rdguiden<br \/>\n<a href=\"http:\/\/www.1177.se\" target=\"_blank\" rel=\"noopener noreferrer\">www.1177.se<\/a><\/p>\n<h2>Nationella Registercenter<\/h2>\n<p>QRC Stockholm<br \/>\n<a href=\"http:\/\/www.qrcstockholm.se\/\" target=\"_blank\" rel=\"noopener noreferrer\">www.qrcstockholm.se<\/a><\/p>\n<p>Registercentrum Norr (RC Norr)<br \/>\n<a href=\"https:\/\/rcnorr.se\" target=\"_blank\" rel=\"noopener noreferrer\">www.rcnorr.se<\/a><\/p>\n<p>Registercentrum Syd (RC Syd)<br \/>\n<a href=\"https:\/\/rcsyd.se\" target=\"_blank\" rel=\"noopener noreferrer\">www.rcsyd.se<\/a><\/p>\n<p>Registercentrum SydOst (RCSO)<br \/>\n<a href=\"http:\/\/www.rcso.se\" target=\"_blank\" rel=\"noopener noreferrer\">www.rcso.se<\/a><\/p>\n<p>Registercentrum V\u00e4stra G\u00f6taland (RC VGR)<br \/>\n<a href=\"http:\/\/www.registercentrum.se\/\" target=\"_blank\" rel=\"noopener noreferrer\">www.registercentrum.se<\/a><\/p>\n<p>Uppsala Clinical Research (UCR)<br \/>\n<a href=\"http:\/\/www.ucr.uu.se\/\" target=\"_blank\" rel=\"noopener noreferrer\">www.ucr.uu.se<\/a><\/p>\n<h2>Utbildning\/Forskning<\/h2>\n<p>Framtid.se, information om yrket synrehabiliterare<br \/>\n<a href=\"https:\/\/www.framtid.se\/yrke\/synrehabiliterare\" target=\"_blank\" rel=\"noopener noreferrer\">www.framtid.se\/yrke\/synrehabiliterare<\/a><\/p>\n<p>G\u00f6teborgs universitet<br \/>\n<a href=\"http:\/\/www.gu.se\" target=\"_blank\" rel=\"noopener noreferrer\">www.gu.se<\/a><\/p>\n<p>Link\u00f6pings universitet<br \/>\n<a href=\"http:\/\/www.liu.se\/\" target=\"_blank\" rel=\"noopener noreferrer\">www.liu.se<\/a><\/p>\n<p>Lunds universitet<br \/>\n<a href=\"http:\/\/www.lu.se\/\" target=\"_blank\" rel=\"noopener noreferrer\">www.lu.se<\/a><\/p>\n<p>Sahlgrenska akademin<br \/>\n<a href=\"http:\/\/www.sahlgrenska.gu.se\/\" target=\"_blank\" rel=\"noopener noreferrer\">www.sahlgrenska.gu.se<\/a><\/p>\n<p>Stockholms universitet<br \/>\n<a href=\"http:\/\/www.su.se\/\" target=\"_blank\" rel=\"noopener noreferrer\">www.su.se<\/a><\/p>\n<p>Ume\u00e5 universitet<br \/>\n<a href=\"http:\/\/www.umu.se\/\" target=\"_blank\" rel=\"noopener noreferrer\">www.umu.se<\/a><\/p>\n<p>Uppsala universitet<br \/>\n<a href=\"http:\/\/www.uu.se\/\" target=\"_blank\" rel=\"noopener noreferrer\">www.uu.se<\/a><\/p>\n<p>\u00d6rebro universitet<br \/>\n<a href=\"https:\/\/www.oru.se\/\" target=\"_blank\" rel=\"noopener\">www.oru.se<\/a><\/p>\n<h2>Tidningar<\/h2>\n<p>Dagens Medicin<br \/>\n<a href=\"http:\/\/www.dagensmedicin.se\/\" target=\"_blank\" rel=\"noopener noreferrer\">www.dagensmedicin.se<\/a><\/p>\n<h2>Internationella f\u00f6reningar\/organisationer<\/h2>\n<p>World Health Organization (WHO)<br \/>\n<a href=\"http:\/\/www.who.org\/\" target=\"_blank\" rel=\"noopener noreferrer\">www.who.int<\/a><\/p>\n","protected":false},"excerpt":{"rendered":"<p>L\u00e4nkar Organisationer\/Myndigheter F\u00f6rbundet Sveriges D\u00f6vblinda (FSDB) www.fsdb.org F\u00f6reningen F\u00f6r Synrehabilitering Sverige (FFS) www.ffss.se Nationella Kvalitetsregister www.kvalitetsregister.se Qulturum www.qulturum.se Socialstyrelsen (SoS) www.socialstyrelsen.se Sveriges Kommuner och Regioner (SKR) www.skr.se Synskadades Riksf\u00f6rbund (SRF) www.srf.nu Unga med Synneds\u00e4ttning www.ungsyn.se 1177 V\u00e5rdguiden www.1177.se Nationella Registercenter QRC Stockholm www.qrcstockholm.se Registercentrum Norr (RC Norr) www.rcnorr.se Registercentrum Syd (RC Syd) www.rcsyd.se Registercentrum SydOst&#8230; <a class=\"read-more\" href=\"https:\/\/rcsyd.se\/skrs\/lankar\">L\u00e4s mer<\/a><\/p>\n","protected":false},"author":3,"featured_media":0,"parent":0,"menu_order":0,"comment_status":"open","ping_status":"open","template":"","meta":{"_acf_changed":false,"footnotes":""},"acf":[],"_links":{"self":[{"href":"https:\/\/rcsyd.se\/skrs\/wp-json\/wp\/v2\/pages\/176"}],"collection":[{"href":"https:\/\/rcsyd.se\/skrs\/wp-json\/wp\/v2\/pages"}],"about":[{"href":"https:\/\/rcsyd.se\/skrs\/wp-json\/wp\/v2\/types\/page"}],"author":[{"embeddable":true,"href":"https:\/\/rcsyd.se\/skrs\/wp-json\/wp\/v2\/users\/3"}],"replies":[{"embeddable":true,"href":"https:\/\/rcsyd.se\/skrs\/wp-json\/wp\/v2\/comments?post=176"}],"version-history":[{"count":36,"href":"https:\/\/rcsyd.se\/skrs\/wp-json\/wp\/v2\/pages\/176\/revisions"}],"predecessor-version":[{"id":2666,"href":"https:\/\/rcsyd.se\/skrs\/wp-json\/wp\/v2\/pages\/176\/revisions\/2666"}],"wp:attachment":[{"href":"https:\/\/rcsyd.se\/skrs\/wp-json\/wp\/v2\/media?parent=176"}],"curies":[{"name":"wp","href":"https:\/\/api.w.org\/{rel}","templated":true}]}}