{"id":1597,"date":"2018-10-23T12:07:38","date_gmt":"2018-10-23T12:07:38","guid":{"rendered":"https:\/\/rcsyd.se\/skrs\/?page_id=1597"},"modified":"2026-02-09T11:46:35","modified_gmt":"2026-02-09T11:46:35","slug":"2018-2","status":"publish","type":"page","link":"https:\/\/rcsyd.se\/skrs\/om-skrs\/anvandarmoten-skrs-dagar\/2018-2","title":{"rendered":"2018"},"content":{"rendered":"<h1><strong>2018<\/strong><\/h1>\n<p>Den 18 oktober 2018 samlades kontaktpersoner och chefer, sammanlagt 43 personer, p\u00e5 Freys Hotel i Stockholm f\u00f6r SKRS:s (Svenskt Kvalitetsregister f\u00f6r Rehabilitering vid Synneds\u00e4ttning) tredje anv\u00e4ndarm\u00f6te.<\/p>\n<p>Registerh\u00e5llare Anne Granath b\u00f6rjade med att h\u00e4lsa alla v\u00e4lkomna och presentera de medlemmar av styrgruppen som medverkade under dagen samt senast invalda styrgruppsmedlemmen Eva Karlstr\u00f6m, enhetschef p\u00e5 Syncentralen Stockholm. Efter genomg\u00e5ng av dagens program gjorde Anne en kort historik och en presentation av nul\u00e4get i SKRS. Att registret nu har s\u00e5 stor uppslutning med 26 registrerande synenheter \u00e4r fantastiskt bra och nu b\u00f6rjar vi f\u00e5 st\u00f6rre m\u00e4ngder av utdata att hantera och analysera.<\/p>\n<p>Efter visst kr\u00e5ngel med tekniken visade Lotta Edman SKRS:s hemsida och p\u00e5minde om att det \u00e4r h\u00e4r man f\u00e5r reda p\u00e5 vad som sker i SKRS. H\u00e4r l\u00e4ggs det ut uppdateringar med nyheter och h\u00e4r ligger information om det mesta som r\u00f6r registret; bakgrund och syfte, patientinformation, anv\u00e4ndarmanual, FAQ (Frequently Asked Questions), utbildningsfilmer, l\u00e4nkar f\u00f6r kontakt med styrgruppen (praktiska fr\u00e5gor) och Registercentrum Syd (tekniska fr\u00e5gor) med mera.<\/p>\n<p>Annelie Lindberg fortsatte d\u00e4refter att ber\u00e4tta om vad som skett p\u00e5 pilotenheterna i V\u00e4stra G\u00f6taland och Halland. Sedan mars 2018 har det i registret uppr\u00e4ttats rehabiliteringsplaner med ICF (Internationell klassifikation av funktionstillst\u00e5nd, funktionshinder och h\u00e4lsa)-baserade m\u00e5l. Patienterna har f\u00e5tt skatta sina m\u00e5l i b\u00f6rjan av rehabiliteringsfasen. Vid uppf\u00f6ljning och avslut har patienterna f\u00e5tt g\u00f6ra en ny skattning av sv\u00e5righeterna efter rehabiliteringsinsatserna. I oktober beslutade styrgruppen att pausa detta f\u00f6rs\u00f6k att m\u00e4ta effekt p\u00e5 de insatser som g\u00f6rs p\u00e5 synenheterna, d\u00e5 resultatet blev missvisande. Det kommer en rapport om piloten, varf\u00f6r den avbr\u00f6ts och planeringen f\u00f6r en omstart 2019 med nya direktiv till pilotklinikerna.<\/p>\n<p>Susanne Albrecht redovisade p\u00e5 ett utm\u00e4rkt s\u00e4tt \u00c5rsrapporten f\u00f6r 2017<\/p>\n<figure id=\"attachment_1578\" aria-describedby=\"caption-attachment-1578\" style=\"width: 640px\" class=\"wp-caption aligncenter\"><a href=\"https:\/\/rcsyd.se\/skrs\/wp-content\/uploads\/sites\/4\/2018\/10\/IMG_9493.jpg\"><img loading=\"lazy\" decoding=\"async\" class=\"wp-image-1578 size-large\" src=\"https:\/\/rcsyd.se\/skrs\/wp-content\/uploads\/sites\/4\/2018\/10\/IMG_9493-1024x768.jpg\" alt=\"Susanne Albrecht f\u00f6rel\u00e4ser.\" width=\"640\" height=\"480\" srcset=\"https:\/\/rcsyd.se\/skrs\/wp-content\/uploads\/sites\/4\/2018\/10\/IMG_9493-1024x768.jpg 1024w, https:\/\/rcsyd.se\/skrs\/wp-content\/uploads\/sites\/4\/2018\/10\/IMG_9493-300x225.jpg 300w, https:\/\/rcsyd.se\/skrs\/wp-content\/uploads\/sites\/4\/2018\/10\/IMG_9493-768x576.jpg 768w, https:\/\/rcsyd.se\/skrs\/wp-content\/uploads\/sites\/4\/2018\/10\/IMG_9493.jpg 1920w\" sizes=\"(max-width: 640px) 100vw, 640px\" \/><\/a><figcaption id=\"caption-attachment-1578\" class=\"wp-caption-text\">Susanne Albrecht<\/figcaption><\/figure>\n<p>Vi fick ocks\u00e5 m\u00f6jlighet att ta del av en presentation om data ur registret.<br \/>\n<a href=\"https:\/\/rcsyd.se\/skrs\/wp-content\/uploads\/sites\/4\/2026\/02\/Presentation-anvandarmote-i-SKRS-2018.pdf\" target=\"_blank\" rel=\"noopener noreferrer\">Klicka h\u00e4r f\u00f6r att ladda ner presentationen<\/a> (PDF-format, 3 MB).<\/p>\n<p>Efter gemensam lunch p\u00e5 hotellets restaurang, d\u00e4r var och en fick v\u00e4lja mat efter eget tycke, var det dags att p\u00e5b\u00f6rja eftermiddagens program. Anna-Karin \u00d6hman delade d\u00e5 upp auditoriet i sju mindre arbetsgrupper. Dessa grupper fick sitta och arbeta med workshops och diskutera kring tre olika \u00e4mnen:<\/p>\n<ul>\n<li>Ny KV\u00c5 (Klassifikation av v\u00e5rd\u00e5tg\u00e4rder)-lista. Synpunkter?<\/li>\n<li>Bed\u00f6mningsinstrument<br \/>\nArbetsgruppen har tittat p\u00e5 de bed\u00f6mningsinstrument som anv\u00e4nts i registret. De som har skickats in har tv\u00e5 olika syften:<\/p>\n<ul>\n<li>F\u00f6rberedande fr\u00e5gor inf\u00f6r kartl\u00e4ggning. De f\u00f6rberedande fr\u00e5gorna inneh\u00e5ller samma typ av fr\u00e5gor och syftet \u00e4r att man vill att patienten ska vara f\u00f6rberedd inf\u00f6r f\u00f6rsta bes\u00f6ket. Andra enheter har f\u00f6rinformation med samma syfte. Dessa ska inte registreras som bed\u00f6mningsinstrument i modulen. Material som Senior Kom n\u00e4rmare och Senior L\u00e4sa mera, T-skalor med mera \u00e4r utredningsmaterial i L\u00e4rande, till\u00e4mpa kunskap och ska inte fyllas i som bed\u00f6mningsinstrument.<\/li>\n<li>Bed\u00f6mningsinstrument, de flesta <abbr title=\"Internationell klassifikation av funktionstillst\u00e5nd, funktionshinder och h\u00e4lsa\">ICF<\/abbr>-baserade. De <abbr title=\"Internationell klassifikation av funktionstillst\u00e5nd, funktionshinder och h\u00e4lsa\">ICF<\/abbr>-baserade bed\u00f6mningsinstrumenten \u00e4r v\u00e4ldigt lika. Man har utarbetat egna material som utg\u00e5r fr\u00e5n <abbr title=\"Internationell klassifikation av funktionstillst\u00e5nd, funktionshinder och h\u00e4lsa\">ICF<\/abbr> med egna f\u00f6rklaringar till det som st\u00e5r i <abbr title=\"Internationell klassifikation av funktionstillst\u00e5nd, funktionshinder och h\u00e4lsa\">ICF<\/abbr>. Arbetsgruppens f\u00f6rslag \u00e4r att komplettera rullisten med <abbr title=\"Internationell klassifikation av funktionstillst\u00e5nd, funktionshinder och h\u00e4lsa\">ICF<\/abbr>-baserat bed\u00f6mningsinstrument som f\u00f6rval. Finns det fler bed\u00f6mningsinstrument som anv\u00e4nds inom synverksamheterna som vi skulle kunna l\u00e4gga in som f\u00f6rval i rullisten?<\/li>\n<\/ul>\n<\/li>\n<\/ul>\n<ul>\n<li>Registreras alla vuxna som bes\u00f6ker Synenheten? Om inte \u2013 varf\u00f6r?<\/li>\n<\/ul>\n<p>Efter en och en halv timme med engagerade diskussioner var det dags f\u00f6r alla att samlas igen f\u00f6r en kort redovisning fr\u00e5n varje grupp. Grupperna l\u00e4mnade \u00e4ven en skriftlig sammanfattning som styrgruppen tar med sig i det fortsatta arbetet.<br \/>\nAnv\u00e4ndarm\u00f6tet avslutades sedan och det var dags att \u00e5ka tillbaka hem till respektive synenhet i Sverige f\u00f6r fortsatt arbete och vardagsliv i v\u00e5rt vackra h\u00f6stkl\u00e4dda land med l\u00f6v i alla uppt\u00e4nkliga f\u00e4rger.<\/p>\n<p>Utifr\u00e5n utv\u00e4rderingen av dagen var deltagarna n\u00f6jda. Ett genomg\u00e5ende \u00f6nskem\u00e5l fanns om att f\u00e5 arbetsfr\u00e5gorna i f\u00f6rv\u00e4g. Detta kommer att beaktas inf\u00f6r n\u00e4sta anv\u00e4ndarm\u00f6te. \u00c4ven s\u00e5 beaktas \u00e5sikten att ljudanl\u00e4ggningen m\u00e5ste bli b\u00e4ttre.<\/p>\n<p>Stort tack till alla medverkande och v\u00e4l m\u00f6tt n\u00e4sta \u00e5r!<\/p>\n<p>Styrgruppen<\/p>\n","protected":false},"excerpt":{"rendered":"<p>2018 Den 18 oktober 2018 samlades kontaktpersoner och chefer, sammanlagt 43 personer, p\u00e5 Freys Hotel i Stockholm f\u00f6r SKRS:s (Svenskt Kvalitetsregister f\u00f6r Rehabilitering vid Synneds\u00e4ttning) tredje anv\u00e4ndarm\u00f6te. Registerh\u00e5llare Anne Granath b\u00f6rjade med att h\u00e4lsa alla v\u00e4lkomna och presentera de medlemmar av styrgruppen som medverkade under dagen samt senast invalda styrgruppsmedlemmen Eva Karlstr\u00f6m, enhetschef p\u00e5 Syncentralen&#8230; <a class=\"read-more\" href=\"https:\/\/rcsyd.se\/skrs\/om-skrs\/anvandarmoten-skrs-dagar\/2018-2\">L\u00e4s mer<\/a><\/p>\n","protected":false},"author":11,"featured_media":0,"parent":1118,"menu_order":0,"comment_status":"closed","ping_status":"closed","template":"","meta":{"_acf_changed":false,"footnotes":""},"acf":[],"_links":{"self":[{"href":"https:\/\/rcsyd.se\/skrs\/wp-json\/wp\/v2\/pages\/1597"}],"collection":[{"href":"https:\/\/rcsyd.se\/skrs\/wp-json\/wp\/v2\/pages"}],"about":[{"href":"https:\/\/rcsyd.se\/skrs\/wp-json\/wp\/v2\/types\/page"}],"author":[{"embeddable":true,"href":"https:\/\/rcsyd.se\/skrs\/wp-json\/wp\/v2\/users\/11"}],"replies":[{"embeddable":true,"href":"https:\/\/rcsyd.se\/skrs\/wp-json\/wp\/v2\/comments?post=1597"}],"version-history":[{"count":23,"href":"https:\/\/rcsyd.se\/skrs\/wp-json\/wp\/v2\/pages\/1597\/revisions"}],"predecessor-version":[{"id":1999,"href":"https:\/\/rcsyd.se\/skrs\/wp-json\/wp\/v2\/pages\/1597\/revisions\/1999"}],"up":[{"embeddable":true,"href":"https:\/\/rcsyd.se\/skrs\/wp-json\/wp\/v2\/pages\/1118"}],"wp:attachment":[{"href":"https:\/\/rcsyd.se\/skrs\/wp-json\/wp\/v2\/media?parent=1597"}],"curies":[{"name":"wp","href":"https:\/\/api.w.org\/{rel}","templated":true}]}}