{"id":1379,"date":"2017-11-02T11:41:06","date_gmt":"2017-11-02T11:41:06","guid":{"rendered":"https:\/\/rcsyd.se\/skrs\/?page_id=1379"},"modified":"2020-06-23T14:08:47","modified_gmt":"2020-06-23T14:08:47","slug":"2016-2","status":"publish","type":"page","link":"https:\/\/rcsyd.se\/skrs\/om-skrs\/anvandarmoten-skrs-dagar\/2016-2","title":{"rendered":"2016"},"content":{"rendered":"<h1>2016<\/h1>\n<p>SKRS (Svenskt Kvalitetsregister f\u00f6r Rehabilitering vid Synneds\u00e4ttning) hade sitt f\u00f6rsta anv\u00e4ndarm\u00f6te den 11 oktober 2016. Registerh\u00e5llare Anne Granath h\u00e4lsade alla v\u00e4lkomna n\u00e4stan precis ett \u00e5r efter starten av SKRS. Ungef\u00e4r 40 personer, kontaktpersoner och chefer deltog p\u00e5 m\u00f6tet som \u00e4gde rum p\u00e5 Freys Hotel i Stockholm.<\/p>\n<p>P\u00e5 detta f\u00f6rsta m\u00f6te ville styrgruppen ge deltagarna lite mer f\u00f6rdjupning om vad kvalitetsregister \u00e4r och hur data kan anv\u00e4ndas i f\u00f6rb\u00e4ttringsarbetet vid den egna enheten, d\u00e4rf\u00f6r visades det filmer (framtagna av Registercentrum Norr) om nationella kvalitetsregister och om hur man vid verksamhetsutveckling kan anv\u00e4nda sitt kvalitetsregister som verktyg. F\u00f6rb\u00e4ttringsguiden som \u00e4r sammanst\u00e4lld av Registercentrum i samverkan presenterades av Susanne Albrecht, f\u00f6retr\u00e4dare f\u00f6r Registercentrum Syd.<br \/>\nDeltagarna fick ocks\u00e5 ta del av SKRS:s f\u00f6rsta \u00e5rsrapport som bygger p\u00e5 data ur registret fr\u00e5n starten i oktober 2015 fram till juni 2016. SKRS \u00e4r certifierat som registerkandidat och startade med utbildning f\u00f6r 16 enheter i oktober 2015. Implementeringen har sedan fortsatt under v\u00e5ren 2016. I dagsl\u00e4get \u00e4r 29 enheter registrerade som anv\u00e4ndare i SKRS d\u00e4r 21 har kommit ig\u00e5ng med att registrera, dock i olika omfattning.<\/p>\n<figure id=\"attachment_1083\" aria-describedby=\"caption-attachment-1083\" style=\"width: 640px\" class=\"wp-caption aligncenter\"><a href=\"https:\/\/rcsyd.se\/skrs\/wp-content\/uploads\/sites\/4\/2016\/12\/Presentation.jpg\"><img loading=\"lazy\" decoding=\"async\" class=\"size-large wp-image-1083\" src=\"https:\/\/rcsyd.se\/skrs\/wp-content\/uploads\/sites\/4\/2016\/12\/Presentation-1024x649.jpg\" alt=\"Susanne Albrecht f\u00f6rel\u00e4ser.\" width=\"640\" height=\"406\" srcset=\"https:\/\/rcsyd.se\/skrs\/wp-content\/uploads\/sites\/4\/2016\/12\/Presentation.jpg 1024w, https:\/\/rcsyd.se\/skrs\/wp-content\/uploads\/sites\/4\/2016\/12\/Presentation-300x190.jpg 300w, https:\/\/rcsyd.se\/skrs\/wp-content\/uploads\/sites\/4\/2016\/12\/Presentation-768x487.jpg 768w\" sizes=\"(max-width: 640px) 100vw, 640px\" \/><\/a><figcaption id=\"caption-attachment-1083\" class=\"wp-caption-text\">Susanne Albrecht vid mikrofonen.<\/figcaption><\/figure>\n<p>Under m\u00f6tet fick deltagarna diskutera tv\u00e5 fr\u00e5gor i mindre grupper:<\/p>\n<ul>\n<li>Vilka olika intressenter finns till ert kvalitetsregister?<\/li>\n<li>P\u00e5 vilket s\u00e4tt bidrar ert register till att h\u00f6ja kvaliteten i hela v\u00e5rdprocessen och skapa v\u00e4rde f\u00f6r patienten i slut\u00e4nden?<\/li>\n<\/ul>\n<p>Fr\u00e5gan om hur man b\u00f6r informera patienten\/brukaren om kvalitetsregistret lyftes av n\u00e5gra deltagare. Landstingen\/regionerna har olika regelverk, men fr\u00e5n registrets sida anser styrgruppen att det ska ges muntlig information, inte minst med tanke p\u00e5 m\u00e5lgruppens sv\u00e5righeter med l\u00e4sning. SKRS har sammanst\u00e4llt en patientinformation i b\u00e5de text- och ljudfilsformat som finns tillg\u00e4nglig f\u00f6r nedladdning p\u00e5 registrets hemsida. <a href=\"https:\/\/rcsyd.se\/skrs\/patientinformation\">Klicka h\u00e4r f\u00f6r att komma till patientinformationen<\/a>.<\/p>\n<p>N\u00e5gra fr\u00e5gor kring webbmodulen lyftes ocks\u00e5 innan styrgruppen gick \u00f6ver till tankar om framtida inf\u00f6rande av patientrapporterade m\u00e5tt (PROM).<\/p>\n<p><a href=\"https:\/\/rcsyd.se\/skrs\/wp-content\/uploads\/sites\/4\/2016\/12\/\u00c5h\u00f6rare-2.jpg\"><img loading=\"lazy\" decoding=\"async\" class=\"aligncenter size-large wp-image-1086\" src=\"https:\/\/rcsyd.se\/skrs\/wp-content\/uploads\/sites\/4\/2016\/12\/\u00c5h\u00f6rare-2-1024x603.jpg\" alt=\"\u00c5h\u00f6rare.\" width=\"640\" height=\"377\" srcset=\"https:\/\/rcsyd.se\/skrs\/wp-content\/uploads\/sites\/4\/2016\/12\/\u00c5h\u00f6rare-2.jpg 1024w, https:\/\/rcsyd.se\/skrs\/wp-content\/uploads\/sites\/4\/2016\/12\/\u00c5h\u00f6rare-2-300x177.jpg 300w, https:\/\/rcsyd.se\/skrs\/wp-content\/uploads\/sites\/4\/2016\/12\/\u00c5h\u00f6rare-2-768x452.jpg 768w\" sizes=\"(max-width: 640px) 100vw, 640px\" \/><\/a><\/p>\n<p>Avslutningsvis\u00a0utv\u00e4rderades m\u00f6tet och deltagarna var \u00f6verlag positiva till uppl\u00e4gget. Det som s\u00e4rskilt n\u00e4mndes som bra var att f\u00e5 tr\u00e4ffa andra och diskutera\u00a0samt redovisningen av \u00e5rsrapporten.<br \/>\nSom \u00f6nskem\u00e5l till n\u00e4sta anv\u00e4ndarm\u00f6te framkom att man ville ha mer tid till diskussioner i mindre grupper, en f\u00f6rb\u00e4ttrad KV\u00c5 (Klassifikation av v\u00e5rd\u00e5tg\u00e4rder)-lista och sist men inte minst en f\u00f6rhoppning om att t\u00e4ckningsgraden i SKRS d\u00e5 har \u00f6kat ytterligare.<\/p>\n<p>Styrgruppen kommer att arbeta vidare med <abbr title=\"Klassifikation av v\u00e5rd\u00e5tg\u00e4rder\">KV\u00c5<\/abbr>-fr\u00e5gan.\u00a0Delvis utifr\u00e5n fr\u00e5gorna om webbmodulen har vanliga fr\u00e5gor om SKRS publicerats p\u00e5 hemsidan. <a href=\"https:\/\/rcsyd.se\/skrs\/faq\">Klicka h\u00e4r f\u00f6r att komma till dessa i sektionen FAQ (Frequently Asked Questions)<\/a>.<\/p>\n<p>Styrgruppen tackar f\u00f6r \u00e5terkopplingen fr\u00e5n kontaktpersoner och chefer.<\/p>\n<figure id=\"attachment_1082\" aria-describedby=\"caption-attachment-1082\" style=\"width: 727px\" class=\"wp-caption aligncenter\"><a href=\"https:\/\/rcsyd.se\/skrs\/wp-content\/uploads\/sites\/4\/2016\/12\/IMG_0101.jpg\"><img loading=\"lazy\" decoding=\"async\" class=\"size-full wp-image-1082\" src=\"https:\/\/rcsyd.se\/skrs\/wp-content\/uploads\/sites\/4\/2016\/12\/IMG_0101.jpg\" alt=\"Delar av styrgruppen f\u00f6r SKRS.\" width=\"727\" height=\"624\" srcset=\"https:\/\/rcsyd.se\/skrs\/wp-content\/uploads\/sites\/4\/2016\/12\/IMG_0101.jpg 727w, https:\/\/rcsyd.se\/skrs\/wp-content\/uploads\/sites\/4\/2016\/12\/IMG_0101-300x257.jpg 300w\" sizes=\"(max-width: 727px) 100vw, 727px\" \/><\/a><figcaption id=\"caption-attachment-1082\" class=\"wp-caption-text\">Delar av styrgruppen: Anne Granath, Susanne Albrecht, Lotta Edman och Eva Kal\u00e9n.<\/figcaption><\/figure>\n","protected":false},"excerpt":{"rendered":"<p>2016 SKRS (Svenskt Kvalitetsregister f\u00f6r Rehabilitering vid Synneds\u00e4ttning) hade sitt f\u00f6rsta anv\u00e4ndarm\u00f6te den 11 oktober 2016. Registerh\u00e5llare Anne Granath h\u00e4lsade alla v\u00e4lkomna n\u00e4stan precis ett \u00e5r efter starten av SKRS. Ungef\u00e4r 40 personer, kontaktpersoner och chefer deltog p\u00e5 m\u00f6tet som \u00e4gde rum p\u00e5 Freys Hotel i Stockholm. P\u00e5 detta f\u00f6rsta m\u00f6te ville styrgruppen ge deltagarna&#8230; <a class=\"read-more\" href=\"https:\/\/rcsyd.se\/skrs\/om-skrs\/anvandarmoten-skrs-dagar\/2016-2\">L\u00e4s mer<\/a><\/p>\n","protected":false},"author":11,"featured_media":0,"parent":1118,"menu_order":1,"comment_status":"closed","ping_status":"closed","template":"","meta":{"_acf_changed":false,"footnotes":""},"acf":[],"_links":{"self":[{"href":"https:\/\/rcsyd.se\/skrs\/wp-json\/wp\/v2\/pages\/1379"}],"collection":[{"href":"https:\/\/rcsyd.se\/skrs\/wp-json\/wp\/v2\/pages"}],"about":[{"href":"https:\/\/rcsyd.se\/skrs\/wp-json\/wp\/v2\/types\/page"}],"author":[{"embeddable":true,"href":"https:\/\/rcsyd.se\/skrs\/wp-json\/wp\/v2\/users\/11"}],"replies":[{"embeddable":true,"href":"https:\/\/rcsyd.se\/skrs\/wp-json\/wp\/v2\/comments?post=1379"}],"version-history":[{"count":11,"href":"https:\/\/rcsyd.se\/skrs\/wp-json\/wp\/v2\/pages\/1379\/revisions"}],"predecessor-version":[{"id":2041,"href":"https:\/\/rcsyd.se\/skrs\/wp-json\/wp\/v2\/pages\/1379\/revisions\/2041"}],"up":[{"embeddable":true,"href":"https:\/\/rcsyd.se\/skrs\/wp-json\/wp\/v2\/pages\/1118"}],"wp:attachment":[{"href":"https:\/\/rcsyd.se\/skrs\/wp-json\/wp\/v2\/media?parent=1379"}],"curies":[{"name":"wp","href":"https:\/\/api.w.org\/{rel}","templated":true}]}}