{"id":1123,"date":"2017-02-15T09:06:55","date_gmt":"2017-02-15T09:06:55","guid":{"rendered":"https:\/\/rcsyd.se\/skrs\/?page_id=1123"},"modified":"2020-06-22T12:32:43","modified_gmt":"2020-06-22T12:32:43","slug":"processmatt","status":"publish","type":"page","link":"https:\/\/rcsyd.se\/skrs\/om-skrs\/processmatt","title":{"rendered":"Processm\u00e5tt"},"content":{"rendered":"<h1>Processm\u00e5tt<\/h1>\n<p>I arbetet med att kunna efterleva SKRS:s (Svenskt Kvalitetsregister f\u00f6r Rehabilitering vid Synneds\u00e4ttning) ledord &#8221;R\u00e4tt patient ska f\u00e5 r\u00e4tt behandling av r\u00e4tt behandlare i r\u00e4tt tid&#8221; anv\u00e4nds framf\u00f6r allt f\u00f6ljande processm\u00e5tt:<\/p>\n<ol>\n<li>remisskriterier<\/li>\n<li>utredande och behandlande \u00e5tg\u00e4rder (KV\u00c5 [Klassifikation av v\u00e5rd\u00e5tg\u00e4rder])<\/li>\n<li>bed\u00f6mningsinstrument<\/li>\n<li>v\u00e4ntetid fr\u00e5n remiss\/egenremissdatum till f\u00f6rsta bes\u00f6k<\/li>\n<li>rehabiliteringstid fr\u00e5n remiss\/egenremissdatum till avslutad individuell rehabiliteringsplan med h\u00e4nsyn till demografi och genusperspektiv<\/li>\n<li>uppf\u00f6ljning<\/li>\n<li>andel uppr\u00e4ttade och avslutade individuella rehabiliteringsplaner.<\/li>\n<\/ol>\n","protected":false},"excerpt":{"rendered":"<p>Processm\u00e5tt I arbetet med att kunna efterleva SKRS:s (Svenskt Kvalitetsregister f\u00f6r Rehabilitering vid Synneds\u00e4ttning) ledord &#8221;R\u00e4tt patient ska f\u00e5 r\u00e4tt behandling av r\u00e4tt behandlare i r\u00e4tt tid&#8221; anv\u00e4nds framf\u00f6r allt f\u00f6ljande processm\u00e5tt: remisskriterier utredande och behandlande \u00e5tg\u00e4rder (KV\u00c5 [Klassifikation av v\u00e5rd\u00e5tg\u00e4rder]) bed\u00f6mningsinstrument v\u00e4ntetid fr\u00e5n remiss\/egenremissdatum till f\u00f6rsta bes\u00f6k rehabiliteringstid fr\u00e5n remiss\/egenremissdatum till avslutad individuell rehabiliteringsplan&#8230; <a class=\"read-more\" href=\"https:\/\/rcsyd.se\/skrs\/om-skrs\/processmatt\">L\u00e4s mer<\/a><\/p>\n","protected":false},"author":3,"featured_media":0,"parent":363,"menu_order":0,"comment_status":"closed","ping_status":"closed","template":"","meta":{"_acf_changed":false,"footnotes":""},"acf":[],"_links":{"self":[{"href":"https:\/\/rcsyd.se\/skrs\/wp-json\/wp\/v2\/pages\/1123"}],"collection":[{"href":"https:\/\/rcsyd.se\/skrs\/wp-json\/wp\/v2\/pages"}],"about":[{"href":"https:\/\/rcsyd.se\/skrs\/wp-json\/wp\/v2\/types\/page"}],"author":[{"embeddable":true,"href":"https:\/\/rcsyd.se\/skrs\/wp-json\/wp\/v2\/users\/3"}],"replies":[{"embeddable":true,"href":"https:\/\/rcsyd.se\/skrs\/wp-json\/wp\/v2\/comments?post=1123"}],"version-history":[{"count":10,"href":"https:\/\/rcsyd.se\/skrs\/wp-json\/wp\/v2\/pages\/1123\/revisions"}],"predecessor-version":[{"id":2000,"href":"https:\/\/rcsyd.se\/skrs\/wp-json\/wp\/v2\/pages\/1123\/revisions\/2000"}],"up":[{"embeddable":true,"href":"https:\/\/rcsyd.se\/skrs\/wp-json\/wp\/v2\/pages\/363"}],"wp:attachment":[{"href":"https:\/\/rcsyd.se\/skrs\/wp-json\/wp\/v2\/media?parent=1123"}],"curies":[{"name":"wp","href":"https:\/\/api.w.org\/{rel}","templated":true}]}}