{"id":1118,"date":"2017-02-15T09:00:32","date_gmt":"2017-02-15T09:00:32","guid":{"rendered":"https:\/\/rcsyd.se\/skrs\/?page_id=1118"},"modified":"2022-05-19T14:16:57","modified_gmt":"2022-05-19T14:16:57","slug":"anvandarmoten-skrs-dagar","status":"publish","type":"page","link":"https:\/\/rcsyd.se\/skrs\/om-skrs\/anvandarmoten-skrs-dagar","title":{"rendered":"Anv\u00e4ndarm\u00f6ten\/SKRS-dagar"},"content":{"rendered":"<h1>Anv\u00e4ndarm\u00f6ten\/SKRS-dagar<\/h1>\n<p>SKRS (Svenskt Kvalitetsregister f\u00f6r Rehabilitering vid Synneds\u00e4ttning) hade sitt f\u00f6rsta anv\u00e4ndarm\u00f6te den 11 oktober 2016. Till v\u00e4nster finns mer information om de anv\u00e4ndarm\u00f6ten som h\u00e5llits uppdelade efter \u00e5rtal.<\/p>\n","protected":false},"excerpt":{"rendered":"<p>Anv\u00e4ndarm\u00f6ten\/SKRS-dagar SKRS (Svenskt Kvalitetsregister f\u00f6r Rehabilitering vid Synneds\u00e4ttning) hade sitt f\u00f6rsta anv\u00e4ndarm\u00f6te den 11 oktober 2016. Till v\u00e4nster finns mer information om de anv\u00e4ndarm\u00f6ten som h\u00e5llits uppdelade efter \u00e5rtal.<\/p>\n","protected":false},"author":3,"featured_media":0,"parent":363,"menu_order":0,"comment_status":"closed","ping_status":"closed","template":"","meta":{"_acf_changed":false,"footnotes":""},"acf":[],"_links":{"self":[{"href":"https:\/\/rcsyd.se\/skrs\/wp-json\/wp\/v2\/pages\/1118"}],"collection":[{"href":"https:\/\/rcsyd.se\/skrs\/wp-json\/wp\/v2\/pages"}],"about":[{"href":"https:\/\/rcsyd.se\/skrs\/wp-json\/wp\/v2\/types\/page"}],"author":[{"embeddable":true,"href":"https:\/\/rcsyd.se\/skrs\/wp-json\/wp\/v2\/users\/3"}],"replies":[{"embeddable":true,"href":"https:\/\/rcsyd.se\/skrs\/wp-json\/wp\/v2\/comments?post=1118"}],"version-history":[{"count":12,"href":"https:\/\/rcsyd.se\/skrs\/wp-json\/wp\/v2\/pages\/1118\/revisions"}],"predecessor-version":[{"id":2342,"href":"https:\/\/rcsyd.se\/skrs\/wp-json\/wp\/v2\/pages\/1118\/revisions\/2342"}],"up":[{"embeddable":true,"href":"https:\/\/rcsyd.se\/skrs\/wp-json\/wp\/v2\/pages\/363"}],"wp:attachment":[{"href":"https:\/\/rcsyd.se\/skrs\/wp-json\/wp\/v2\/media?parent=1118"}],"curies":[{"name":"wp","href":"https:\/\/api.w.org\/{rel}","templated":true}]}}