{"id":4075,"date":"2024-08-12T15:26:37","date_gmt":"2024-08-12T15:26:37","guid":{"rendered":"https:\/\/rcsyd.se\/rikshoft\/?page_id=4075"},"modified":"2026-03-09T15:29:31","modified_gmt":"2026-03-09T15:29:31","slug":"aktuell-status-for-registret","status":"publish","type":"page","link":"https:\/\/rcsyd.se\/rikshoft\/om-rikshoft\/aktuell-status-for-registret","title":{"rendered":"Aktuell status f\u00f6r registret"},"content":{"rendered":"<h2>Status f\u00f6r registret<\/h2>\n<p>Registreringen av nya data till Riksh\u00f6ft har pausats. Det efterfr\u00e5gas dock, fr\u00e5n bland annat NPO (nationellt programomr\u00e5de) r\u00f6relseorganens sjukdomar och V\u00e5rden i siffor, indikatorer som bara kan ber\u00e4knas fr\u00e5n Riksh\u00f6ft och om dessa \u00e4r fortsatt intressanta f\u00f6r att utveckla och f\u00f6lja upp v\u00e5rden s\u00e5 startar Riksh\u00f6ft upp m\u00f6jligheten att registrera igen.<\/p>\n<p>IT-driften av Riksh\u00f6ft fortg\u00e5r som vanligt och m\u00f6jlighet till forskning p\u00e5 befintliga data finns efter sedvanlig menpr\u00f6vning. Likas\u00e5 kommer rapporteringen till V\u00e5rden i siffror att fortg\u00e5 s\u00e5 l\u00e4nge dessa data beh\u00f6vs f\u00f6r kunskapsstyrningens arbete.<\/p>\n<p>Anledningen till pausen \u00e4r inte att efterfr\u00e5gan p\u00e5 indikatorer minskat. En del v\u00e5rdgivare som tidigare rapporterat i b\u00e5de Frakturregistret och Riksh\u00f6ft hinner inte rapportera i b\u00e5da registren, vilket lett till att en del valt att avsluta sin registrering i Riksh\u00f6ft. D\u00e4rf\u00f6r har anslutningsgraden (andel anslutna v\u00e5rdgivare av antal m\u00f6jliga v\u00e5rdgivare) minskat och d\u00e4rmed ocks\u00e5 anv\u00e4ndbarheten vid j\u00e4mf\u00f6relser mellan v\u00e5rdgivare.<\/p>\n<p>Region Sk\u00e5ne \u2013 i egenskap av CPUA-myndighet f\u00f6r Riksh\u00f6ft \u2013 efterstr\u00e4var att f\u00e5 Frakturregistret att registrera de data som beh\u00f6vs f\u00f6r att ber\u00e4kna de indikatorer som det nationella programomr\u00e5det f\u00f6r R\u00f6relseorganen \u00f6nskar f\u00f6r sitt arbete.<\/p>\n<p>Orsaken till pausen \u00e4r allts\u00e5 inte att behovet av indikatorer g\u00e5tt ner utan att anslutningsgraden g\u00e5tt ner.<\/p>\n","protected":false},"excerpt":{"rendered":"<p>Status f\u00f6r registret Registreringen av nya data till Riksh\u00f6ft har pausats. Det efterfr\u00e5gas dock, fr\u00e5n bland annat NPO (nationellt programomr\u00e5de) r\u00f6relseorganens sjukdomar och V\u00e5rden i siffor, indikatorer som bara kan ber\u00e4knas fr\u00e5n Riksh\u00f6ft och om dessa \u00e4r fortsatt intressanta f\u00f6r att utveckla och f\u00f6lja upp v\u00e5rden s\u00e5 startar Riksh\u00f6ft upp m\u00f6jligheten att registrera igen. IT-driften&#8230; <a class=\"read-more\" href=\"https:\/\/rcsyd.se\/rikshoft\/om-rikshoft\/aktuell-status-for-registret\">L\u00e4s mer<\/a><\/p>\n","protected":false},"author":3,"featured_media":0,"parent":3654,"menu_order":0,"comment_status":"closed","ping_status":"closed","template":"","meta":{"_acf_changed":false,"footnotes":""},"acf":[],"_links":{"self":[{"href":"https:\/\/rcsyd.se\/rikshoft\/wp-json\/wp\/v2\/pages\/4075"}],"collection":[{"href":"https:\/\/rcsyd.se\/rikshoft\/wp-json\/wp\/v2\/pages"}],"about":[{"href":"https:\/\/rcsyd.se\/rikshoft\/wp-json\/wp\/v2\/types\/page"}],"author":[{"embeddable":true,"href":"https:\/\/rcsyd.se\/rikshoft\/wp-json\/wp\/v2\/users\/3"}],"replies":[{"embeddable":true,"href":"https:\/\/rcsyd.se\/rikshoft\/wp-json\/wp\/v2\/comments?post=4075"}],"version-history":[{"count":2,"href":"https:\/\/rcsyd.se\/rikshoft\/wp-json\/wp\/v2\/pages\/4075\/revisions"}],"predecessor-version":[{"id":4077,"href":"https:\/\/rcsyd.se\/rikshoft\/wp-json\/wp\/v2\/pages\/4075\/revisions\/4077"}],"up":[{"embeddable":true,"href":"https:\/\/rcsyd.se\/rikshoft\/wp-json\/wp\/v2\/pages\/3654"}],"wp:attachment":[{"href":"https:\/\/rcsyd.se\/rikshoft\/wp-json\/wp\/v2\/media?parent=4075"}],"curies":[{"name":"wp","href":"https:\/\/api.w.org\/{rel}","templated":true}]}}