{"id":4041,"date":"2025-10-29T14:40:48","date_gmt":"2025-10-29T14:40:48","guid":{"rendered":"https:\/\/rcsyd.se\/rikshoft\/?page_id=4041"},"modified":"2025-10-29T14:40:48","modified_gmt":"2025-10-29T14:40:48","slug":"samarbetsprojekt","status":"publish","type":"page","link":"https:\/\/rcsyd.se\/rikshoft\/forskning\/samarbetsprojekt","title":{"rendered":"Samarbetsprojekt"},"content":{"rendered":"<h1>Samarbetsprojekt<\/h1>\n<p>Nedan finns information om n\u00e5gra samverkans- och forskningsprojekt som anv\u00e4nt data fr\u00e5n Riksh\u00f6ft. Anv\u00e4nd dessa som inspiration till vad ni kan g\u00f6ra f\u00f6r f\u00f6rb\u00e4ttrings- eller forskningsprojekt.<\/p>\n<h2>V\u00e5rdtiden av betydelse efter en h\u00f6ftfraktur? Ja, men avh\u00e4ngigt vem man \u00e4r.<\/h2>\n<p>En tidigare studie visade att patienter som v\u00e5rdades kortare tid \u00e4n tio dygn p\u00e5 sjukhus efter en h\u00f6ftfraktur hade en tydligt \u00f6kad risk att avlida inom en m\u00e5nad efter utskrivning fr\u00e5n sjukhuset j\u00e4mf\u00f6rt med patienter som f\u00e5r en l\u00e4ngre v\u00e5rdtid (Nordstrom et al 2015).<\/p>\n<p>I en senare studie publicerad i tidskriften JAMDA (Journal of the American Medical Directors Association) visades i ett material fr\u00e5n Riksh\u00f6ft att risken f\u00f6r d\u00f6d efter utskrivning \u00f6kade enbart hos den grupp sk\u00f6ra patienter som skrevs ut till s\u00e5 kallade korttidsboenden efter en kort tids sjukhusv\u00e5rd (Nordstrom et al 2018).<\/p>\n<p>Senare studier fr\u00e5n 2022 och 2023 med stratifierade grupper visade dock att d\u00f6dligheten minskade med en kort v\u00e5rdtid f\u00f6r de friskaste patienterna (Ek et al 2022) och att \u00e5terinskrivningen inte \u00f6kade trots kort v\u00e5rdtid j\u00e4mf\u00f6rt med en l\u00e4ngre (Ek et al 2023).<\/p>\n<p>Sammanfattningsvis talar detta f\u00f6r att en kort v\u00e5rdtid sannolikt \u00e4r av godo f\u00f6r de friskaste patienterna medan de sjukaste med kort v\u00e5rdtid p\u00e5 akutsjukhuset har en \u00f6kad d\u00f6dlighet.<\/p>\n<p>Referenser:<\/p>\n<p>Length of hospital stay after hip fracture and short term risk of death after discharge: a total cohort study in Sweden.<br \/>\nNordstr\u00f6m et al. BMJ 2015;350:h696<\/p>\n<p>Geriatric Rehabilitation and Discharge Location After Hip Fracture in Relation to the Risks of Death and Readmission.<br \/>\nNordstr\u00f6m et al. JAMDA 2018 19(10):840-845<\/p>\n<p>Hospital Length of Stay After Hip Fracture and It\u2019s Association With 4-Month Mortality-Exploring the Role of Patient Characteristics.<br \/>\nStina Ek, Anna C. Meyer, Margareta Hedstro\u0308m, Karin Modig J Gerontology 2022<\/p>\n<p>A short length of hospital stay is not associated with risk of readmission among hip fracture patients \u2013 a Swedish national register-based cohort study.<br \/>\nStina Ek 1, Anna C Meyer 2, Alexandra Wennberg 2, Katarina Greve 3 4, Margareta Hedstr\u00f6m 3 5, Karin Modig 2 BMC Geriatrics 2023<\/p>\n<h2>ProHip<\/h2>\n<p>2009 tog University College Sj\u00e4lland initiativ till projektet ProHip. F\u00f6retr\u00e4dare f\u00f6r de ortopediska klinikerna i Slagelse och Ringsted i Region Sj\u00e4lland och Lunds universitetssjukhus i Region Sk\u00e5ne. V\u00e5rdpersonalen som deltagit i projektet har arbetat med att utveckla och implementera kliniska rutiner inom trycks\u00e5r, nutrition, urinretention, konfusion och uppf\u00f6ljning av patienterna. I Sk\u00e5ne l\u00e5g fokus p\u00e5 utveckling av personalens kompetens inom kvalitet och f\u00f6rb\u00e4ttringsarbete samt vidareutbildning p\u00e5 akademisk niv\u00e5. Filmer har tagits fram dels om sj\u00e4lva projektet men ocks\u00e5 en film om v\u00e5rdf\u00f6rloppet vid h\u00f6ftfraktur och en film om hur det \u00e4r att opereras f\u00f6r h\u00f6ftartros.<\/p>\n","protected":false},"excerpt":{"rendered":"<p>Samarbetsprojekt Nedan finns information om n\u00e5gra samverkans- och forskningsprojekt som anv\u00e4nt data fr\u00e5n Riksh\u00f6ft. Anv\u00e4nd dessa som inspiration till vad ni kan g\u00f6ra f\u00f6r f\u00f6rb\u00e4ttrings- eller forskningsprojekt. V\u00e5rdtiden av betydelse efter en h\u00f6ftfraktur? Ja, men avh\u00e4ngigt vem man \u00e4r. En tidigare studie visade att patienter som v\u00e5rdades kortare tid \u00e4n tio dygn p\u00e5 sjukhus efter&#8230; <a class=\"read-more\" href=\"https:\/\/rcsyd.se\/rikshoft\/forskning\/samarbetsprojekt\">L\u00e4s mer<\/a><\/p>\n","protected":false},"author":3,"featured_media":0,"parent":3999,"menu_order":0,"comment_status":"closed","ping_status":"closed","template":"","meta":{"_acf_changed":false,"footnotes":""},"acf":[],"_links":{"self":[{"href":"https:\/\/rcsyd.se\/rikshoft\/wp-json\/wp\/v2\/pages\/4041"}],"collection":[{"href":"https:\/\/rcsyd.se\/rikshoft\/wp-json\/wp\/v2\/pages"}],"about":[{"href":"https:\/\/rcsyd.se\/rikshoft\/wp-json\/wp\/v2\/types\/page"}],"author":[{"embeddable":true,"href":"https:\/\/rcsyd.se\/rikshoft\/wp-json\/wp\/v2\/users\/3"}],"replies":[{"embeddable":true,"href":"https:\/\/rcsyd.se\/rikshoft\/wp-json\/wp\/v2\/comments?post=4041"}],"version-history":[{"count":1,"href":"https:\/\/rcsyd.se\/rikshoft\/wp-json\/wp\/v2\/pages\/4041\/revisions"}],"predecessor-version":[{"id":4042,"href":"https:\/\/rcsyd.se\/rikshoft\/wp-json\/wp\/v2\/pages\/4041\/revisions\/4042"}],"up":[{"embeddable":true,"href":"https:\/\/rcsyd.se\/rikshoft\/wp-json\/wp\/v2\/pages\/3999"}],"wp:attachment":[{"href":"https:\/\/rcsyd.se\/rikshoft\/wp-json\/wp\/v2\/media?parent=4041"}],"curies":[{"name":"wp","href":"https:\/\/api.w.org\/{rel}","templated":true}]}}