{"id":3663,"date":"2024-08-09T08:23:45","date_gmt":"2024-08-09T08:23:45","guid":{"rendered":"https:\/\/rcsyd.se\/rikshoft\/?page_id=3663"},"modified":"2026-03-09T15:27:30","modified_gmt":"2026-03-09T15:27:30","slug":"webbplatsens-tillganglighet","status":"publish","type":"page","link":"https:\/\/rcsyd.se\/rikshoft\/om-rikshoft\/webbplatsens-tillganglighet","title":{"rendered":"Webbplatsens tillg\u00e4nglighet"},"content":{"rendered":"<h1>Webbplatsens tillg\u00e4nglighet<\/h1>\n<p>Riksh\u00f6ft (Nationellt kvalitetsregister f\u00f6r h\u00f6ftfraktur) st\u00e5r bakom den h\u00e4r webbplatsen. H\u00e4r hittar du information om hur webbplatsen uppfyller lagen om tillg\u00e4nglighet till digital offentlig service, eventuella k\u00e4nda tillg\u00e4nglighetsproblem och hur du kan rapportera brister till oss s\u00e5 att vi kan \u00e5tg\u00e4rda dem.<\/p>\n<h2>Vad \u00e4r webbtillg\u00e4nglighetsdirektivet?<\/h2>\n<p>Webbtillg\u00e4nglighetsdirektivet tr\u00e4dde i kraft i svensk lag den 1 januari 2019 och heter Lagen om tillg\u00e4nglighet till digital offentlig service, \u00e4ven kallad DOS-lagen i dagligt tal.<br \/>\nHos Myndigheten f\u00f6r digital f\u00f6rvaltning (Digg) kan du l\u00e4sa mer om lagen och tillg\u00e4nglighet.<\/p>\n<p><a href=\"https:\/\/www.digg.se\/webbriktlinjer\/lagar-och-krav\/dos-lagen-och-diggs-foreskrifter\" target=\"_blank\" rel=\"noopener\">Klicka h\u00e4r f\u00f6r att komma till mer information hos Myndigheten f\u00f6r digital f\u00f6rvaltning.<\/a><\/p>\n<h2>Hur tillg\u00e4nglig \u00e4r webbplatsen?<\/h2>\n<p>V\u00e5r webbplats ska vara tillg\u00e4nglig f\u00f6r alla. Vi f\u00f6rs\u00f6ker skriva kortfattat och enkelt, strukturera informationen p\u00e5 ett tydligt s\u00e4tt och undvika tekniska l\u00f6sningar som f\u00f6rsv\u00e5rar f\u00f6r dig. Vi har ocks\u00e5 byggt webbplatsen s\u00e5 att den ska vara tillg\u00e4nglig f\u00f6r alla oavsett om du har en \u00e4ldre dator, surfar fr\u00e5n en mobiltelefon, anv\u00e4nder modemuppkoppling eller har n\u00e5gon funktionsneds\u00e4ttning.<\/p>\n<h2>Vad kan du g\u00f6ra om du inte kan ta del av informationen p\u00e5 webbplatsen?<\/h2>\n<p>Om du inte kan ta del av information p\u00e5 denna webbplats kan du v\u00e4nda dig till oss s\u00e5 ska vi f\u00f6rs\u00f6ka hj\u00e4lpa dig s\u00e5 att du f\u00f6rst och fr\u00e4mst f\u00e5r tillg\u00e5ng till informationen. Du kan ocks\u00e5 l\u00e4mna synpunkter p\u00e5 tillg\u00e4ngligheten i <a href=\"https:\/\/rcsyd.se\/rikshoft\/kontakt\">formul\u00e4ret p\u00e5 v\u00e5r kontaktsida<\/a>. Vi kan d\u00e5 str\u00e4va efter att g\u00f6ra webbplatsen b\u00e4ttre f\u00f6r dig och andra anv\u00e4ndare.<\/p>\n<p>Vill du ha ett svar fr\u00e5n oss s\u00e5 kan du fylla i dina kontaktuppgifter, annars l\u00e4mnar du den informationen tom f\u00f6r att vara anonym.<\/p>\n<h2>Tillsyn<\/h2>\n<p>Myndigheten f\u00f6r digital f\u00f6rvaltning har ansvaret f\u00f6r tillsyn f\u00f6r lagen om tillg\u00e4nglighet till digital offentlig service. Om du inte \u00e4r n\u00f6jd med hur vi hanterar dina synpunkter kan du <a href=\"https:\/\/www.digg.se\/tdosanmalan\" target=\"_blank\" rel=\"noopener noreferrer\">kontakta Myndigheten f\u00f6r digital f\u00f6rvaltning<\/a> och p\u00e5tala det.<\/p>\n<h2>Teknisk information om webbplatsens tillg\u00e4nglighet<\/h2>\n<p>Den h\u00e4r webbplatsen str\u00e4var efter att vara f\u00f6renlig med niv\u00e5 AA i standarden <a href=\"https:\/\/www.w3.org\/TR\/WCAG21\/\" target=\"_blank\" rel=\"noopener noreferrer\">Web Content Accessibility Guidelines version 2.1<\/a>.<\/p>\n<h2>Dokument i PDF-format<\/h2>\n<p>Vi arbetar med att g\u00f6ra dokument i PDF-format tillg\u00e4ngliga enligt webbdirektivet. Det kan dock f\u00f6rekomma PDF-dokument som inte \u00e4r korrekt utformade d\u00e5 en del \u00e4r skapade f\u00f6re direktivet tr\u00e4dde i kraft.<\/p>\n<h2>Hur webbplatsen har granskats och anpassats<\/h2>\n<p>Under 2015 utf\u00f6rde Funka, som specialiserar sig p\u00e5 tillg\u00e4nglighet p\u00e5 webben, en tillg\u00e4nglighetsgranskning p\u00e5 Registercentrum Syds hemsida <a href=\"https:\/\/rcsyd.se\" target=\"_blank\" rel=\"noopener noreferrer\">www.rcsyd.se<\/a>. Utefter denna och riktlinjerna f\u00f6r webbtillg\u00e4nglighetsdirektivet har sedan <a href=\"https:\/\/rcsyd.se\" target=\"_blank\" rel=\"noopener noreferrer\">www.rcsyd.se<\/a> anpassats s\u00e5v\u00e4l tekniskt som redaktionellt. D\u00e5 Riksh\u00f6ft hemsida ing\u00e5r i samma hemsidesparaply som <a href=\"https:\/\/rcsyd.se\" target=\"_blank\" rel=\"noopener noreferrer\">www.rcsyd.se<\/a> appliceras de tekniska \u00e4ndringarna per automatik \u00e4ven p\u00e5 Riksh\u00f6fts hemsida. Redaktionella \u00e4ndringar f\u00f6r Riksh\u00f6fts hemsida gjordes under h\u00f6sten 2025. Korrigeringen av det tekniska har utf\u00f6rts av reklambyr\u00e5n Mustasch medan de redaktionella delarna har utf\u00f6rts av Registercentrum Syd.<\/p>\n","protected":false},"excerpt":{"rendered":"<p>Webbplatsens tillg\u00e4nglighet Riksh\u00f6ft (Nationellt kvalitetsregister f\u00f6r h\u00f6ftfraktur) st\u00e5r bakom den h\u00e4r webbplatsen. H\u00e4r hittar du information om hur webbplatsen uppfyller lagen om tillg\u00e4nglighet till digital offentlig service, eventuella k\u00e4nda tillg\u00e4nglighetsproblem och hur du kan rapportera brister till oss s\u00e5 att vi kan \u00e5tg\u00e4rda dem. Vad \u00e4r webbtillg\u00e4nglighetsdirektivet? Webbtillg\u00e4nglighetsdirektivet tr\u00e4dde i kraft i svensk lag den&#8230; <a class=\"read-more\" href=\"https:\/\/rcsyd.se\/rikshoft\/om-rikshoft\/webbplatsens-tillganglighet\">L\u00e4s mer<\/a><\/p>\n","protected":false},"author":3,"featured_media":0,"parent":3654,"menu_order":0,"comment_status":"closed","ping_status":"closed","template":"","meta":{"_acf_changed":false,"footnotes":""},"acf":[],"_links":{"self":[{"href":"https:\/\/rcsyd.se\/rikshoft\/wp-json\/wp\/v2\/pages\/3663"}],"collection":[{"href":"https:\/\/rcsyd.se\/rikshoft\/wp-json\/wp\/v2\/pages"}],"about":[{"href":"https:\/\/rcsyd.se\/rikshoft\/wp-json\/wp\/v2\/types\/page"}],"author":[{"embeddable":true,"href":"https:\/\/rcsyd.se\/rikshoft\/wp-json\/wp\/v2\/users\/3"}],"replies":[{"embeddable":true,"href":"https:\/\/rcsyd.se\/rikshoft\/wp-json\/wp\/v2\/comments?post=3663"}],"version-history":[{"count":3,"href":"https:\/\/rcsyd.se\/rikshoft\/wp-json\/wp\/v2\/pages\/3663\/revisions"}],"predecessor-version":[{"id":3926,"href":"https:\/\/rcsyd.se\/rikshoft\/wp-json\/wp\/v2\/pages\/3663\/revisions\/3926"}],"up":[{"embeddable":true,"href":"https:\/\/rcsyd.se\/rikshoft\/wp-json\/wp\/v2\/pages\/3654"}],"wp:attachment":[{"href":"https:\/\/rcsyd.se\/rikshoft\/wp-json\/wp\/v2\/media?parent=3663"}],"curies":[{"name":"wp","href":"https:\/\/api.w.org\/{rel}","templated":true}]}}