{"id":3646,"date":"2024-08-08T10:03:15","date_gmt":"2024-08-08T10:03:15","guid":{"rendered":"https:\/\/rcsyd.se\/rikshoft\/?page_id=3646"},"modified":"2026-03-26T07:18:30","modified_gmt":"2026-03-26T07:18:30","slug":"arsrapporter","status":"publish","type":"page","link":"https:\/\/rcsyd.se\/rikshoft\/publikationer\/arsrapporter","title":{"rendered":"\u00c5rsrapporter"},"content":{"rendered":"<h1>\u00c5rsrapporter<\/h1>\n<p>Via nedladdningsboxen p\u00e5 denna sida hittar du nedladdningsbara \u00e5rsrapporter fr\u00e5n Riksh\u00f6ft (<span class=\"name\">Nationellt kvalitetsregister f\u00f6r h\u00f6ftfraktur<\/span>).<\/p>\n<p>Fr\u00e5n och med \u00e5rsrapport 2020 \u00e4ndrade vi skrivningen s\u00e5 att \u00e5rsrapport 2020 inneh\u00e5ller data fr\u00e5n 2019.\u00a0Det saknas med andra ord ingen \u00e5rsrapport f\u00f6r \u00e5r 2019.<\/p>\n","protected":false},"excerpt":{"rendered":"<p>\u00c5rsrapporter Via nedladdningsboxen p\u00e5 denna sida hittar du nedladdningsbara \u00e5rsrapporter fr\u00e5n Riksh\u00f6ft (Nationellt kvalitetsregister f\u00f6r h\u00f6ftfraktur). Fr\u00e5n och med \u00e5rsrapport 2020 \u00e4ndrade vi skrivningen s\u00e5 att \u00e5rsrapport 2020 inneh\u00e5ller data fr\u00e5n 2019.\u00a0Det saknas med andra ord ingen \u00e5rsrapport f\u00f6r \u00e5r 2019.<\/p>\n","protected":false},"author":3,"featured_media":0,"parent":3635,"menu_order":0,"comment_status":"closed","ping_status":"closed","template":"","meta":{"_acf_changed":false,"footnotes":""},"acf":[],"_links":{"self":[{"href":"https:\/\/rcsyd.se\/rikshoft\/wp-json\/wp\/v2\/pages\/3646"}],"collection":[{"href":"https:\/\/rcsyd.se\/rikshoft\/wp-json\/wp\/v2\/pages"}],"about":[{"href":"https:\/\/rcsyd.se\/rikshoft\/wp-json\/wp\/v2\/types\/page"}],"author":[{"embeddable":true,"href":"https:\/\/rcsyd.se\/rikshoft\/wp-json\/wp\/v2\/users\/3"}],"replies":[{"embeddable":true,"href":"https:\/\/rcsyd.se\/rikshoft\/wp-json\/wp\/v2\/comments?post=3646"}],"version-history":[{"count":12,"href":"https:\/\/rcsyd.se\/rikshoft\/wp-json\/wp\/v2\/pages\/3646\/revisions"}],"predecessor-version":[{"id":4082,"href":"https:\/\/rcsyd.se\/rikshoft\/wp-json\/wp\/v2\/pages\/3646\/revisions\/4082"}],"up":[{"embeddable":true,"href":"https:\/\/rcsyd.se\/rikshoft\/wp-json\/wp\/v2\/pages\/3635"}],"wp:attachment":[{"href":"https:\/\/rcsyd.se\/rikshoft\/wp-json\/wp\/v2\/media?parent=3646"}],"curies":[{"name":"wp","href":"https:\/\/api.w.org\/{rel}","templated":true}]}}